{"id":15012,"date":"2025-09-27T17:08:39","date_gmt":"2025-09-27T14:08:39","guid":{"rendered":"https:\/\/homeemotion.lt\/toode\/saumikseri-komplekt-cuisinart-3in1-laetav\/"},"modified":"2026-04-17T20:36:24","modified_gmt":"2026-04-17T17:36:24","slug":"saumikseri-komplekt-cuisinart-3in1-laetav","status":"publish","type":"product","link":"https:\/\/homeemotion.lt\/lt\/toode\/saumikseri-komplekt-cuisinart-3in1-laetav\/","title":{"rendered":"\"Cuisinart\" sul\u010diaspaud\u017ei\u0173 rinkinys 3in1, \u012fkraunamas"},"content":{"rendered":"","protected":false},"excerpt":{"rendered":"","protected":false},"featured_media":0,"template":"","meta":{"om_disable_all_campaigns":false,"_uf_show_specific_survey":0,"_uf_disable_surveys":false},"product_brand":[1100],"product_cat":[955,973,1155],"product_tag":[56],"class_list":{"0":"post-15012","1":"product","2":"type-product","3":"status-publish","5":"product_brand-cuisinart","6":"product_cat-kodu","7":"product_cat-koogitehnika","8":"product_cat-saumikserid-koogitehnika","9":"product_tag-cuisinart","11":"first","12":"instock","13":"taxable","14":"shipping-taxable","15":"purchasable","16":"product-type-simple"},"aioseo_notices":[],"_links":{"self":[{"href":"https:\/\/homeemotion.lt\/lt\/wp-json\/wp\/v2\/product\/15012","targetHints":{"allow":["GET"]}}],"collection":[{"href":"https:\/\/homeemotion.lt\/lt\/wp-json\/wp\/v2\/product"}],"about":[{"href":"https:\/\/homeemotion.lt\/lt\/wp-json\/wp\/v2\/types\/product"}],"wp:attachment":[{"href":"https:\/\/homeemotion.lt\/lt\/wp-json\/wp\/v2\/media?parent=15012"}],"wp:term":[{"taxonomy":"product_brand","embeddable":true,"href":"https:\/\/homeemotion.lt\/lt\/wp-json\/wp\/v2\/product_brand?post=15012"},{"taxonomy":"product_cat","embeddable":true,"href":"https:\/\/homeemotion.lt\/lt\/wp-json\/wp\/v2\/product_cat?post=15012"},{"taxonomy":"product_tag","embeddable":true,"href":"https:\/\/homeemotion.lt\/lt\/wp-json\/wp\/v2\/product_tag?post=15012"}],"curies":[{"name":"wp","href":"https:\/\/api.w.org\/{rel}","templated":true}]}}