{"id":14210,"date":"2025-09-30T00:07:09","date_gmt":"2025-09-29T21:07:09","guid":{"rendered":"https:\/\/homeemotion.lt\/?post_type=product&#038;p=14210"},"modified":"2026-04-17T20:36:23","modified_gmt":"2026-04-17T17:36:23","slug":"soojapuhur-adler-2000w-soe-ja-kulm-ohk-valge","status":"publish","type":"product","link":"https:\/\/homeemotion.lt\/lt\/toode\/soojapuhur-adler-2000w-soe-ja-kulm-ohk-valge\/","title":{"rendered":"\"Adler\" kar\u0161\u010dio pistoletas 2000 W, kar\u0161tas ir \u0161altas oras, baltas"},"content":{"rendered":"","protected":false},"excerpt":{"rendered":"","protected":false},"featured_media":0,"template":"","meta":{"om_disable_all_campaigns":false,"_uf_show_specific_survey":0,"_uf_disable_surveys":false},"product_brand":[1095],"product_cat":[109],"product_tag":[610],"class_list":{"0":"post-14210","1":"product","2":"type-product","3":"status-publish","5":"product_brand-adler","6":"product_cat-uncategorized","7":"product_tag-adler","9":"first","10":"instock","11":"taxable","12":"shipping-taxable","13":"purchasable","14":"product-type-simple"},"aioseo_notices":[],"_links":{"self":[{"href":"https:\/\/homeemotion.lt\/lt\/wp-json\/wp\/v2\/product\/14210","targetHints":{"allow":["GET"]}}],"collection":[{"href":"https:\/\/homeemotion.lt\/lt\/wp-json\/wp\/v2\/product"}],"about":[{"href":"https:\/\/homeemotion.lt\/lt\/wp-json\/wp\/v2\/types\/product"}],"wp:attachment":[{"href":"https:\/\/homeemotion.lt\/lt\/wp-json\/wp\/v2\/media?parent=14210"}],"wp:term":[{"taxonomy":"product_brand","embeddable":true,"href":"https:\/\/homeemotion.lt\/lt\/wp-json\/wp\/v2\/product_brand?post=14210"},{"taxonomy":"product_cat","embeddable":true,"href":"https:\/\/homeemotion.lt\/lt\/wp-json\/wp\/v2\/product_cat?post=14210"},{"taxonomy":"product_tag","embeddable":true,"href":"https:\/\/homeemotion.lt\/lt\/wp-json\/wp\/v2\/product_tag?post=14210"}],"curies":[{"name":"wp","href":"https:\/\/api.w.org\/{rel}","templated":true}]}}