{"id":14094,"date":"2025-09-27T16:59:05","date_gmt":"2025-09-27T13:59:05","guid":{"rendered":"https:\/\/homeemotion.lt\/toode\/puudripintsel-vutlaris\/"},"modified":"2026-04-21T11:13:50","modified_gmt":"2026-04-21T08:13:50","slug":"puudripintsel-vutlaris","status":"publish","type":"product","link":"https:\/\/homeemotion.lt\/lt\/toode\/puudripintsel-vutlaris\/","title":{"rendered":"Pudros \u0161epet\u0117lis keturkamp\u0117je d\u0117\u017eut\u0117je"},"content":{"rendered":"","protected":false},"excerpt":{"rendered":"","protected":false},"featured_media":0,"template":"","meta":{"om_disable_all_campaigns":false,"_uf_show_specific_survey":0,"_uf_disable_surveys":false},"product_brand":[1092],"product_cat":[109],"product_tag":[591],"class_list":{"0":"post-14094","1":"product","2":"type-product","3":"status-publish","5":"product_brand-babyliss-acc","6":"product_cat-uncategorized","7":"product_tag-babyliss-acc","9":"first","10":"instock","11":"taxable","12":"shipping-taxable","13":"purchasable","14":"product-type-simple"},"aioseo_notices":[],"_links":{"self":[{"href":"https:\/\/homeemotion.lt\/lt\/wp-json\/wp\/v2\/product\/14094","targetHints":{"allow":["GET"]}}],"collection":[{"href":"https:\/\/homeemotion.lt\/lt\/wp-json\/wp\/v2\/product"}],"about":[{"href":"https:\/\/homeemotion.lt\/lt\/wp-json\/wp\/v2\/types\/product"}],"wp:attachment":[{"href":"https:\/\/homeemotion.lt\/lt\/wp-json\/wp\/v2\/media?parent=14094"}],"wp:term":[{"taxonomy":"product_brand","embeddable":true,"href":"https:\/\/homeemotion.lt\/lt\/wp-json\/wp\/v2\/product_brand?post=14094"},{"taxonomy":"product_cat","embeddable":true,"href":"https:\/\/homeemotion.lt\/lt\/wp-json\/wp\/v2\/product_cat?post=14094"},{"taxonomy":"product_tag","embeddable":true,"href":"https:\/\/homeemotion.lt\/lt\/wp-json\/wp\/v2\/product_tag?post=14094"}],"curies":[{"name":"wp","href":"https:\/\/api.w.org\/{rel}","templated":true}]}}