{"id":14054,"date":"2025-09-27T16:58:39","date_gmt":"2025-09-27T13:58:39","guid":{"rendered":"https:\/\/homeemotion.lt\/toode\/taldrik-ovio-21cm-pruun\/"},"modified":"2026-04-17T22:11:55","modified_gmt":"2026-04-17T19:11:55","slug":"taldrik-ovio-21cm-pruun","status":"publish","type":"product","link":"https:\/\/homeemotion.lt\/lt\/toode\/taldrik-ovio-21cm-pruun\/","title":{"rendered":"L\u0117k\u0161t\u0117 Ovio 21cm, ruda"},"content":{"rendered":"","protected":false},"excerpt":{"rendered":"","protected":false},"featured_media":0,"template":"","meta":{"om_disable_all_campaigns":false,"_uf_show_specific_survey":0,"_uf_disable_surveys":false},"product_brand":[1088],"product_cat":[109],"product_tag":[577],"class_list":{"0":"post-14054","1":"product","2":"type-product","3":"status-publish","5":"product_brand-fdliving","6":"product_cat-uncategorized","7":"product_tag-fdliving","9":"first","10":"instock","11":"taxable","12":"shipping-taxable","13":"purchasable","14":"product-type-simple"},"aioseo_notices":[],"_links":{"self":[{"href":"https:\/\/homeemotion.lt\/lt\/wp-json\/wp\/v2\/product\/14054","targetHints":{"allow":["GET"]}}],"collection":[{"href":"https:\/\/homeemotion.lt\/lt\/wp-json\/wp\/v2\/product"}],"about":[{"href":"https:\/\/homeemotion.lt\/lt\/wp-json\/wp\/v2\/types\/product"}],"wp:attachment":[{"href":"https:\/\/homeemotion.lt\/lt\/wp-json\/wp\/v2\/media?parent=14054"}],"wp:term":[{"taxonomy":"product_brand","embeddable":true,"href":"https:\/\/homeemotion.lt\/lt\/wp-json\/wp\/v2\/product_brand?post=14054"},{"taxonomy":"product_cat","embeddable":true,"href":"https:\/\/homeemotion.lt\/lt\/wp-json\/wp\/v2\/product_cat?post=14054"},{"taxonomy":"product_tag","embeddable":true,"href":"https:\/\/homeemotion.lt\/lt\/wp-json\/wp\/v2\/product_tag?post=14054"}],"curies":[{"name":"wp","href":"https:\/\/api.w.org\/{rel}","templated":true}]}}