{"id":14021,"date":"2025-09-27T16:58:12","date_gmt":"2025-09-27T13:58:12","guid":{"rendered":"https:\/\/homeemotion.lt\/toode\/lohnakuunal-classic-glass-8x95cm-simani\/"},"modified":"2026-04-19T10:46:36","modified_gmt":"2026-04-19T07:46:36","slug":"lohnakuunal-classic-glass-8x95cm-simani","status":"publish","type":"product","link":"https:\/\/homeemotion.lt\/lt\/toode\/lohnakuunal-classic-glass-8x95cm-simani\/","title":{"rendered":"L\u00f5hnak\u00fc\u00fcnal Classic Glass 8&#215;9,5cm Simani NR5"},"content":{"rendered":"","protected":false},"excerpt":{"rendered":"","protected":false},"featured_media":0,"template":"","meta":{"om_disable_all_campaigns":false,"_uf_show_specific_survey":0,"_uf_disable_surveys":false},"product_brand":[1089],"product_cat":[109],"product_tag":[578],"class_list":{"0":"post-14021","1":"product","2":"type-product","3":"status-publish","5":"product_brand-artman","6":"product_cat-uncategorized","7":"product_tag-artman","9":"first","10":"instock","11":"taxable","12":"shipping-taxable","13":"purchasable","14":"product-type-simple"},"aioseo_notices":[],"_links":{"self":[{"href":"https:\/\/homeemotion.lt\/lt\/wp-json\/wp\/v2\/product\/14021","targetHints":{"allow":["GET"]}}],"collection":[{"href":"https:\/\/homeemotion.lt\/lt\/wp-json\/wp\/v2\/product"}],"about":[{"href":"https:\/\/homeemotion.lt\/lt\/wp-json\/wp\/v2\/types\/product"}],"wp:attachment":[{"href":"https:\/\/homeemotion.lt\/lt\/wp-json\/wp\/v2\/media?parent=14021"}],"wp:term":[{"taxonomy":"product_brand","embeddable":true,"href":"https:\/\/homeemotion.lt\/lt\/wp-json\/wp\/v2\/product_brand?post=14021"},{"taxonomy":"product_cat","embeddable":true,"href":"https:\/\/homeemotion.lt\/lt\/wp-json\/wp\/v2\/product_cat?post=14021"},{"taxonomy":"product_tag","embeddable":true,"href":"https:\/\/homeemotion.lt\/lt\/wp-json\/wp\/v2\/product_tag?post=14021"}],"curies":[{"name":"wp","href":"https:\/\/api.w.org\/{rel}","templated":true}]}}