{"id":13946,"date":"2025-09-27T16:57:36","date_gmt":"2025-09-27T13:57:36","guid":{"rendered":"https:\/\/homeemotion.lt\/toode\/sailituskarp-800mlpiklik-varvilise-kaanega\/"},"modified":"2026-04-19T00:11:29","modified_gmt":"2026-04-18T21:11:29","slug":"sailituskarp-800mlpiklik-varvilise-kaanega","status":"publish","type":"product","link":"https:\/\/homeemotion.lt\/lt\/toode\/sailituskarp-800mlpiklik-varvilise-kaanega\/","title":{"rendered":"Laadukas 800ml s\u00e4ilituskarp pitk\u00e4, v\u00e4rik\u00e4s kansi"},"content":{"rendered":"","protected":false},"excerpt":{"rendered":"","protected":false},"featured_media":0,"template":"","meta":{"om_disable_all_campaigns":false,"_uf_show_specific_survey":0,"_uf_disable_surveys":false},"product_brand":[1079],"product_cat":[109],"product_tag":[517],"class_list":{"0":"post-13946","1":"product","2":"type-product","3":"status-publish","5":"product_brand-dunya","6":"product_cat-uncategorized","7":"product_tag-dunya","9":"first","10":"instock","11":"taxable","12":"shipping-taxable","13":"purchasable","14":"product-type-simple"},"aioseo_notices":[],"_links":{"self":[{"href":"https:\/\/homeemotion.lt\/lt\/wp-json\/wp\/v2\/product\/13946","targetHints":{"allow":["GET"]}}],"collection":[{"href":"https:\/\/homeemotion.lt\/lt\/wp-json\/wp\/v2\/product"}],"about":[{"href":"https:\/\/homeemotion.lt\/lt\/wp-json\/wp\/v2\/types\/product"}],"wp:attachment":[{"href":"https:\/\/homeemotion.lt\/lt\/wp-json\/wp\/v2\/media?parent=13946"}],"wp:term":[{"taxonomy":"product_brand","embeddable":true,"href":"https:\/\/homeemotion.lt\/lt\/wp-json\/wp\/v2\/product_brand?post=13946"},{"taxonomy":"product_cat","embeddable":true,"href":"https:\/\/homeemotion.lt\/lt\/wp-json\/wp\/v2\/product_cat?post=13946"},{"taxonomy":"product_tag","embeddable":true,"href":"https:\/\/homeemotion.lt\/lt\/wp-json\/wp\/v2\/product_tag?post=13946"}],"curies":[{"name":"wp","href":"https:\/\/api.w.org\/{rel}","templated":true}]}}