{"id":13891,"date":"2025-09-27T16:57:11","date_gmt":"2025-09-27T13:57:11","guid":{"rendered":"https:\/\/homeemotion.lt\/toode\/joogiklaasid-falco-440ml-6tk-koonus-korge\/"},"modified":"2026-04-19T05:11:26","modified_gmt":"2026-04-19T02:11:26","slug":"joogiklaasid-falco-440ml-6tk-koonus-korge","status":"publish","type":"product","link":"https:\/\/homeemotion.lt\/lt\/toode\/joogiklaasid-falco-440ml-6tk-koonus-korge\/","title":{"rendered":"Stiklin\u0117s g\u0117rimams \"Falco\" 440ml 6 vnt., k\u016bgin\u0117s auk\u0161tos"},"content":{"rendered":"","protected":false},"excerpt":{"rendered":"","protected":false},"featured_media":0,"template":"","meta":{"om_disable_all_campaigns":false,"_uf_show_specific_survey":0,"_uf_disable_surveys":false},"product_brand":[1078],"product_cat":[109],"product_tag":[516],"class_list":{"0":"post-13891","1":"product","2":"type-product","3":"status-publish","5":"product_brand-galicja","6":"product_cat-uncategorized","7":"product_tag-galicja","9":"first","10":"instock","11":"taxable","12":"shipping-taxable","13":"purchasable","14":"product-type-simple"},"aioseo_notices":[],"_links":{"self":[{"href":"https:\/\/homeemotion.lt\/lt\/wp-json\/wp\/v2\/product\/13891","targetHints":{"allow":["GET"]}}],"collection":[{"href":"https:\/\/homeemotion.lt\/lt\/wp-json\/wp\/v2\/product"}],"about":[{"href":"https:\/\/homeemotion.lt\/lt\/wp-json\/wp\/v2\/types\/product"}],"wp:attachment":[{"href":"https:\/\/homeemotion.lt\/lt\/wp-json\/wp\/v2\/media?parent=13891"}],"wp:term":[{"taxonomy":"product_brand","embeddable":true,"href":"https:\/\/homeemotion.lt\/lt\/wp-json\/wp\/v2\/product_brand?post=13891"},{"taxonomy":"product_cat","embeddable":true,"href":"https:\/\/homeemotion.lt\/lt\/wp-json\/wp\/v2\/product_cat?post=13891"},{"taxonomy":"product_tag","embeddable":true,"href":"https:\/\/homeemotion.lt\/lt\/wp-json\/wp\/v2\/product_tag?post=13891"}],"curies":[{"name":"wp","href":"https:\/\/api.w.org\/{rel}","templated":true}]}}