{"id":13721,"date":"2025-09-27T16:54:49","date_gmt":"2025-09-27T13:54:49","guid":{"rendered":"https:\/\/homeemotion.lt\/toode\/tulesuutaja-taidetav-chef-aid-2\/"},"modified":"2026-04-19T00:11:19","modified_gmt":"2026-04-18T21:11:19","slug":"tulesuutaja-taidetav-chef-aid-2","status":"publish","type":"product","link":"https:\/\/homeemotion.lt\/lt\/toode\/tulesuutaja-taidetav-chef-aid-2\/","title":{"rendered":"Tules\u00fc\u00fctaja  t\u00e4idetav Chef Aid"},"content":{"rendered":"","protected":false},"excerpt":{"rendered":"","protected":false},"featured_media":0,"template":"","meta":{"om_disable_all_campaigns":false,"_uf_show_specific_survey":0,"_uf_disable_surveys":false},"product_brand":[1083],"product_cat":[109],"product_tag":[285],"class_list":{"0":"post-13721","1":"product","2":"type-product","3":"status-publish","5":"product_brand-chef-aid","6":"product_cat-uncategorized","7":"product_tag-chef-aid","9":"first","10":"instock","11":"taxable","12":"shipping-taxable","13":"purchasable","14":"product-type-simple"},"aioseo_notices":[],"_links":{"self":[{"href":"https:\/\/homeemotion.lt\/lt\/wp-json\/wp\/v2\/product\/13721","targetHints":{"allow":["GET"]}}],"collection":[{"href":"https:\/\/homeemotion.lt\/lt\/wp-json\/wp\/v2\/product"}],"about":[{"href":"https:\/\/homeemotion.lt\/lt\/wp-json\/wp\/v2\/types\/product"}],"wp:attachment":[{"href":"https:\/\/homeemotion.lt\/lt\/wp-json\/wp\/v2\/media?parent=13721"}],"wp:term":[{"taxonomy":"product_brand","embeddable":true,"href":"https:\/\/homeemotion.lt\/lt\/wp-json\/wp\/v2\/product_brand?post=13721"},{"taxonomy":"product_cat","embeddable":true,"href":"https:\/\/homeemotion.lt\/lt\/wp-json\/wp\/v2\/product_cat?post=13721"},{"taxonomy":"product_tag","embeddable":true,"href":"https:\/\/homeemotion.lt\/lt\/wp-json\/wp\/v2\/product_tag?post=13721"}],"curies":[{"name":"wp","href":"https:\/\/api.w.org\/{rel}","templated":true}]}}