{"id":13685,"date":"2025-09-27T16:54:24","date_gmt":"2025-09-27T13:54:24","guid":{"rendered":"https:\/\/homeemotion.lt\/toode\/moodutopside-kmpl-tala-7-osaline-plastik-60-80-120-180-240ml\/"},"modified":"2026-04-18T22:36:44","modified_gmt":"2026-04-18T19:36:44","slug":"moodutopside-kmpl-tala-7-osaline-plastik-60-80-120-180-240ml","status":"publish","type":"product","link":"https:\/\/homeemotion.lt\/lt\/toode\/moodutopside-kmpl-tala-7-osaline-plastik-60-80-120-180-240ml\/","title":{"rendered":"Dyd\u017eio vir\u0161\u016bn\u0117s kmpl. 7 dali\u0173, plastikinis 60\/80\/120\/180\/240ml"},"content":{"rendered":"","protected":false},"excerpt":{"rendered":"","protected":false},"featured_media":0,"template":"","meta":{"om_disable_all_campaigns":false,"_uf_show_specific_survey":0,"_uf_disable_surveys":false},"product_brand":[1082],"product_cat":[109],"product_tag":[266],"class_list":{"0":"post-13685","1":"product","2":"type-product","3":"status-publish","5":"product_brand-tala","6":"product_cat-uncategorized","7":"product_tag-tala","9":"first","10":"instock","11":"taxable","12":"shipping-taxable","13":"purchasable","14":"product-type-simple"},"aioseo_notices":[],"_links":{"self":[{"href":"https:\/\/homeemotion.lt\/lt\/wp-json\/wp\/v2\/product\/13685","targetHints":{"allow":["GET"]}}],"collection":[{"href":"https:\/\/homeemotion.lt\/lt\/wp-json\/wp\/v2\/product"}],"about":[{"href":"https:\/\/homeemotion.lt\/lt\/wp-json\/wp\/v2\/types\/product"}],"wp:attachment":[{"href":"https:\/\/homeemotion.lt\/lt\/wp-json\/wp\/v2\/media?parent=13685"}],"wp:term":[{"taxonomy":"product_brand","embeddable":true,"href":"https:\/\/homeemotion.lt\/lt\/wp-json\/wp\/v2\/product_brand?post=13685"},{"taxonomy":"product_cat","embeddable":true,"href":"https:\/\/homeemotion.lt\/lt\/wp-json\/wp\/v2\/product_cat?post=13685"},{"taxonomy":"product_tag","embeddable":true,"href":"https:\/\/homeemotion.lt\/lt\/wp-json\/wp\/v2\/product_tag?post=13685"}],"curies":[{"name":"wp","href":"https:\/\/api.w.org\/{rel}","templated":true}]}}