{"id":13597,"date":"2025-09-27T16:53:28","date_gmt":"2025-09-27T13:53:28","guid":{"rendered":"https:\/\/homeemotion.lt\/toode\/noudekuivatusrest-kahekordne-alusega-508x30x34m\/"},"modified":"2026-04-18T19:10:17","modified_gmt":"2026-04-18T16:10:17","slug":"noudekuivatusrest-kahekordne-alusega-508x30x34m","status":"publish","type":"product","link":"https:\/\/homeemotion.lt\/lt\/toode\/noudekuivatusrest-kahekordne-alusega-508x30x34m\/","title":{"rendered":"Ind\u0173 d\u017eiovinimo stovas dvigubas, su pad\u0117klu, 50,8x30x34cm"},"content":{"rendered":"","protected":false},"excerpt":{"rendered":"","protected":false},"featured_media":0,"template":"","meta":{"om_disable_all_campaigns":false,"_uf_show_specific_survey":0,"_uf_disable_surveys":false},"product_brand":[1079],"product_cat":[109],"product_tag":[517],"class_list":{"0":"post-13597","1":"product","2":"type-product","3":"status-publish","5":"product_brand-dunya","6":"product_cat-uncategorized","7":"product_tag-dunya","9":"first","10":"instock","11":"taxable","12":"shipping-taxable","13":"purchasable","14":"product-type-simple"},"aioseo_notices":[],"_links":{"self":[{"href":"https:\/\/homeemotion.lt\/lt\/wp-json\/wp\/v2\/product\/13597","targetHints":{"allow":["GET"]}}],"collection":[{"href":"https:\/\/homeemotion.lt\/lt\/wp-json\/wp\/v2\/product"}],"about":[{"href":"https:\/\/homeemotion.lt\/lt\/wp-json\/wp\/v2\/types\/product"}],"wp:attachment":[{"href":"https:\/\/homeemotion.lt\/lt\/wp-json\/wp\/v2\/media?parent=13597"}],"wp:term":[{"taxonomy":"product_brand","embeddable":true,"href":"https:\/\/homeemotion.lt\/lt\/wp-json\/wp\/v2\/product_brand?post=13597"},{"taxonomy":"product_cat","embeddable":true,"href":"https:\/\/homeemotion.lt\/lt\/wp-json\/wp\/v2\/product_cat?post=13597"},{"taxonomy":"product_tag","embeddable":true,"href":"https:\/\/homeemotion.lt\/lt\/wp-json\/wp\/v2\/product_tag?post=13597"}],"curies":[{"name":"wp","href":"https:\/\/api.w.org\/{rel}","templated":true}]}}