{"id":13535,"date":"2025-09-27T16:52:43","date_gmt":"2025-09-27T13:52:43","guid":{"rendered":"https:\/\/homeemotion.lt\/toode\/toidukarp-glasslock-490ml-kandiline\/"},"modified":"2026-04-17T20:36:04","modified_gmt":"2026-04-17T17:36:04","slug":"toidukarp-glasslock-490ml-kandiline","status":"publish","type":"product","link":"https:\/\/homeemotion.lt\/lt\/toode\/toidukarp-glasslock-490ml-kandiline\/","title":{"rendered":"Maistin\u0117 d\u0117\u017eut\u0117 Glasslock 490ml kvadratin\u0117"},"content":{"rendered":"","protected":false},"excerpt":{"rendered":"","protected":false},"featured_media":0,"template":"","meta":{"om_disable_all_campaigns":false,"_uf_show_specific_survey":0,"_uf_disable_surveys":false},"product_brand":[1080],"product_cat":[109],"product_tag":[466],"class_list":{"0":"post-13535","1":"product","2":"type-product","3":"status-publish","5":"product_brand-pal","6":"product_cat-uncategorized","7":"product_tag-pal","9":"first","10":"instock","11":"taxable","12":"shipping-taxable","13":"purchasable","14":"product-type-simple"},"aioseo_notices":[],"_links":{"self":[{"href":"https:\/\/homeemotion.lt\/lt\/wp-json\/wp\/v2\/product\/13535","targetHints":{"allow":["GET"]}}],"collection":[{"href":"https:\/\/homeemotion.lt\/lt\/wp-json\/wp\/v2\/product"}],"about":[{"href":"https:\/\/homeemotion.lt\/lt\/wp-json\/wp\/v2\/types\/product"}],"wp:attachment":[{"href":"https:\/\/homeemotion.lt\/lt\/wp-json\/wp\/v2\/media?parent=13535"}],"wp:term":[{"taxonomy":"product_brand","embeddable":true,"href":"https:\/\/homeemotion.lt\/lt\/wp-json\/wp\/v2\/product_brand?post=13535"},{"taxonomy":"product_cat","embeddable":true,"href":"https:\/\/homeemotion.lt\/lt\/wp-json\/wp\/v2\/product_cat?post=13535"},{"taxonomy":"product_tag","embeddable":true,"href":"https:\/\/homeemotion.lt\/lt\/wp-json\/wp\/v2\/product_tag?post=13535"}],"curies":[{"name":"wp","href":"https:\/\/api.w.org\/{rel}","templated":true}]}}