{"id":13234,"date":"2024-12-13T11:43:34","date_gmt":"2024-12-13T08:43:34","guid":{"rendered":"https:\/\/homeemotion.lt\/?post_type=product&#038;p=13234"},"modified":"2026-04-19T19:11:41","modified_gmt":"2026-04-19T16:11:41","slug":"elektriline-soola-ja-pipraveski-domo-laetav","status":"publish","type":"product","link":"https:\/\/homeemotion.lt\/lt\/toode\/elektriline-soola-ja-pipraveski-domo-laetav\/","title":{"rendered":"Elektrinis druskos ir pipir\u0173 mal\u016bn\u0117lis \"Domo\", \u012fkraunamas"},"content":{"rendered":"<p>DOMO elektriline soola- ja pipraveski komplekt on ideaalne t\u00e4iendus teie k\u00f6\u00f6ki. Maitsesta oma roogasid \u00fche nupuvajutusega. T\u00e4nu LED-tulele n\u00e4ete isegi pimedas keskkonnas t\u00e4pselt, kui palju pipart v\u00f5i soola lisate. Kvaliteetne liitiumioonaku laeb h\u00f5lpsalt kaasasoleva USB-C-kaabli abil. Selle laetava soola- ja pipraveski keraamiline veski tagab suurep\u00e4rase jahvatuskonsistentsi. Samuti saate j\u00e4medust vastavalt oma eelistustele reguleerida. Komplektis on pipraveski, soolaveski, USB-C laadimiskaabel ja l\u00e4bipaistev akr\u00fc\u00fclist alus.<\/p>","protected":false},"excerpt":{"rendered":"<p>LED valgus. Laetav Li-Ion aku. Korpus roostevabast terasest. Lihtne k\u00e4sitseda. Maht: 95 ml. Keraamiline veski suurep\u00e4rase jahvatuskonsistentsi saavutamiseks. Reguleeritav j\u00e4medus. Lihtne puhastada. Sisaldab: 2 veskit, USB-C laadimiskaablit ja l\u00e4bipaistvat akr\u00fc\u00fclist alust<\/p>","protected":false},"featured_media":16917,"template":"","meta":{"om_disable_all_campaigns":false,"_uf_show_specific_survey":0,"_uf_disable_surveys":false},"product_brand":[933],"product_cat":[955,956,972],"product_tag":[116],"class_list":{"0":"post-13234","1":"product","2":"type-product","3":"status-publish","4":"has-post-thumbnail","6":"product_brand-domo","7":"product_cat-kodu","8":"product_cat-koogitarvikud","9":"product_cat-pipra-ja-soolaveskid","10":"product_tag-domo","12":"first","13":"instock","14":"taxable","15":"shipping-taxable","16":"purchasable","17":"product-type-simple"},"aioseo_notices":[],"_links":{"self":[{"href":"https:\/\/homeemotion.lt\/lt\/wp-json\/wp\/v2\/product\/13234","targetHints":{"allow":["GET"]}}],"collection":[{"href":"https:\/\/homeemotion.lt\/lt\/wp-json\/wp\/v2\/product"}],"about":[{"href":"https:\/\/homeemotion.lt\/lt\/wp-json\/wp\/v2\/types\/product"}],"wp:featuredmedia":[{"embeddable":true,"href":"https:\/\/homeemotion.lt\/lt\/wp-json\/wp\/v2\/media\/16917"}],"wp:attachment":[{"href":"https:\/\/homeemotion.lt\/lt\/wp-json\/wp\/v2\/media?parent=13234"}],"wp:term":[{"taxonomy":"product_brand","embeddable":true,"href":"https:\/\/homeemotion.lt\/lt\/wp-json\/wp\/v2\/product_brand?post=13234"},{"taxonomy":"product_cat","embeddable":true,"href":"https:\/\/homeemotion.lt\/lt\/wp-json\/wp\/v2\/product_cat?post=13234"},{"taxonomy":"product_tag","embeddable":true,"href":"https:\/\/homeemotion.lt\/lt\/wp-json\/wp\/v2\/product_tag?post=13234"}],"curies":[{"name":"wp","href":"https:\/\/api.w.org\/{rel}","templated":true}]}}