{"id":13219,"date":"2024-12-13T11:10:40","date_gmt":"2024-12-13T08:10:40","guid":{"rendered":"https:\/\/homeemotion.lt\/?post_type=product&#038;p=13219"},"modified":"2026-04-17T22:12:07","modified_gmt":"2026-04-17T19:12:07","slug":"elektriline-veiniavaja-laetav-domo","status":"publish","type":"product","link":"https:\/\/homeemotion.lt\/lt\/toode\/elektriline-veiniavaja-laetav-domo\/","title":{"rendered":"\"Domo\" elektrinis vyno atidarytuvas, \u012fkraunamas"},"content":{"rendered":"<p>Kas olete veinis\u00f5ber, kes otsib t\u00f5husat viisi oma lemmikpudelite avamiseks? Siis on DOMO laetav veiniavaja komplekt just see, mida vajate. See v\u00f5imaldab teil korgi vaevata ja muretult eemaldada 6 sekundi jooksul. Roostevabast terasest korpus ja stiilne LED-valgusti annavad veiniavajale luksusliku v\u00e4limuse. See komplekt sisaldab k\u00f5ike, mida vajate oma veini optimaalseks nautimiseks. Fooliumil\u00f5ikur eemaldab fooliumi kaelalt h\u00f5lpsalt. Veinivalaja t\u00e4iustab maitseid ja aroome. Vaakumkork hoiab teie veini kauem v\u00e4rskena. K\u00f5iki neid tarvikuid saab korralikult kaasasolevas hoiualuses hoiustada. DOMO veiniavaja komplektiga on kaasas USB-C laadimiskaabel.<\/p>","protected":false},"excerpt":{"rendered":"<p>LED valgus. Laetav Ni-Mh aku 500 mAh. Avab \u00fche laadimisega \u00fcle 50 pudeli. Sisaldab:. Veiniavaja: avage pudel v\u00e4hem kui 6 sekundiga. Fooliumil\u00f5ikur: eemaldage pudelilt foolium vaevata. Veinivalaja: t\u00e4iustatud maitsete ja aroomide jaoks. Vaakumkork: hoia oma veini kauem v\u00e4rskena. USB-C laadimiskaabel. Hoiustamisalus. Veinavaja m\u00f5\u00f5dud: \u00d8 4,5 cm x k \u200b\u200b19,9 cm. Korpus roostevabast terasest<\/p>","protected":false},"featured_media":16918,"template":"","meta":{"om_disable_all_campaigns":false,"_uf_show_specific_survey":0,"_uf_disable_surveys":false},"product_brand":[933],"product_cat":[961,955,956,1013],"product_tag":[116],"class_list":{"0":"post-13219","1":"product","2":"type-product","3":"status-publish","4":"has-post-thumbnail","6":"product_brand-domo","7":"product_cat-joogitarvikud","8":"product_cat-kodu","9":"product_cat-koogitarvikud","10":"product_cat-veiniavajad","11":"product_tag-domo","13":"first","14":"instock","15":"taxable","16":"shipping-taxable","17":"purchasable","18":"product-type-simple"},"aioseo_notices":[],"_links":{"self":[{"href":"https:\/\/homeemotion.lt\/lt\/wp-json\/wp\/v2\/product\/13219","targetHints":{"allow":["GET"]}}],"collection":[{"href":"https:\/\/homeemotion.lt\/lt\/wp-json\/wp\/v2\/product"}],"about":[{"href":"https:\/\/homeemotion.lt\/lt\/wp-json\/wp\/v2\/types\/product"}],"wp:featuredmedia":[{"embeddable":true,"href":"https:\/\/homeemotion.lt\/lt\/wp-json\/wp\/v2\/media\/16918"}],"wp:attachment":[{"href":"https:\/\/homeemotion.lt\/lt\/wp-json\/wp\/v2\/media?parent=13219"}],"wp:term":[{"taxonomy":"product_brand","embeddable":true,"href":"https:\/\/homeemotion.lt\/lt\/wp-json\/wp\/v2\/product_brand?post=13219"},{"taxonomy":"product_cat","embeddable":true,"href":"https:\/\/homeemotion.lt\/lt\/wp-json\/wp\/v2\/product_cat?post=13219"},{"taxonomy":"product_tag","embeddable":true,"href":"https:\/\/homeemotion.lt\/lt\/wp-json\/wp\/v2\/product_tag?post=13219"}],"curies":[{"name":"wp","href":"https:\/\/api.w.org\/{rel}","templated":true}]}}