{"id":13205,"date":"2024-12-13T10:18:07","date_gmt":"2024-12-13T07:18:07","guid":{"rendered":"https:\/\/homeemotion.lt\/?post_type=product&#038;p=13205"},"modified":"2026-04-17T22:12:25","modified_gmt":"2026-04-17T19:12:25","slug":"termokruus-termos-smile-420ml","status":"publish","type":"product","link":"https:\/\/homeemotion.lt\/lt\/toode\/termokruus-termos-smile-420ml\/","title":{"rendered":"Termosas \"Thermos Smile\" juodas, 420 ml"},"content":{"rendered":"","protected":false},"excerpt":{"rendered":"<p>Sobib kasutamiseks reisidel ja kontoris. Roostevabast terasest korpus. Joogid p\u00fcsivad kuumad kuni 8 tundi ja k\u00fclmad kuni 12 tundi. 100% lekkekindel. Lihtne \u00fche puudutusega avamine koos lukustusega. Sobib enamikule auto topsihoidjatest. Mahutavus: 420 ml. L\u00e4bim\u00f5\u00f5t: 6,4 cm. K\u00f5rgus: 23,5 cm. V\u00e4rv: must<\/p>\n<p>Spalva: juoda<\/p>","protected":false},"featured_media":17209,"template":"","meta":{"om_disable_all_campaigns":false,"_uf_show_specific_survey":0,"_uf_disable_surveys":false},"product_brand":[1125],"product_cat":[961,955,956],"product_tag":[722],"class_list":{"0":"post-13205","1":"product","2":"type-product","3":"status-publish","4":"has-post-thumbnail","6":"product_brand-smile","7":"product_cat-joogitarvikud","8":"product_cat-kodu","9":"product_cat-koogitarvikud","10":"product_tag-smile","12":"first","13":"instock","14":"taxable","15":"shipping-taxable","16":"purchasable","17":"product-type-simple"},"aioseo_notices":[],"_links":{"self":[{"href":"https:\/\/homeemotion.lt\/lt\/wp-json\/wp\/v2\/product\/13205","targetHints":{"allow":["GET"]}}],"collection":[{"href":"https:\/\/homeemotion.lt\/lt\/wp-json\/wp\/v2\/product"}],"about":[{"href":"https:\/\/homeemotion.lt\/lt\/wp-json\/wp\/v2\/types\/product"}],"wp:featuredmedia":[{"embeddable":true,"href":"https:\/\/homeemotion.lt\/lt\/wp-json\/wp\/v2\/media\/17209"}],"wp:attachment":[{"href":"https:\/\/homeemotion.lt\/lt\/wp-json\/wp\/v2\/media?parent=13205"}],"wp:term":[{"taxonomy":"product_brand","embeddable":true,"href":"https:\/\/homeemotion.lt\/lt\/wp-json\/wp\/v2\/product_brand?post=13205"},{"taxonomy":"product_cat","embeddable":true,"href":"https:\/\/homeemotion.lt\/lt\/wp-json\/wp\/v2\/product_cat?post=13205"},{"taxonomy":"product_tag","embeddable":true,"href":"https:\/\/homeemotion.lt\/lt\/wp-json\/wp\/v2\/product_tag?post=13205"}],"curies":[{"name":"wp","href":"https:\/\/api.w.org\/{rel}","templated":true}]}}