{"id":13177,"date":"2024-12-12T16:54:00","date_gmt":"2024-12-12T13:54:00","guid":{"rendered":"https:\/\/homeemotion.lt\/?post_type=product&#038;p=13177"},"modified":"2026-04-18T17:11:10","modified_gmt":"2026-04-18T14:11:10","slug":"mikrolaineahi-domo-4","status":"publish","type":"product","link":"https:\/\/homeemotion.lt\/lt\/toode\/mikrolaineahi-domo-4\/","title":{"rendered":"Mikrobang\u0173 krosnel\u0117 \"Domo\", balta"},"content":{"rendered":"","protected":false},"excerpt":{"rendered":"<p>Mehaanilise juhtimisega mikrolaineahi. Mikrolainev\u00f5imsus: 700 W. 5 programmi. Kiirsulatus. Klaasist p\u00f6\u00f6rdalus \u00d8 25,5 cm. Maht: 20 L. V\u00e4rv: valge. M\u00f5\u00f5dud: s\u00fcgavus 35,90 cm, laius 44,00 cm, k\u00f5rgus 25,90 cm<\/p>\n<p>Mikrolainev\u00f5imsus: 700 W | V\u00e4rv: valge<\/p>","protected":false},"featured_media":16914,"template":"","meta":{"om_disable_all_campaigns":false,"_uf_show_specific_survey":0,"_uf_disable_surveys":false},"product_brand":[933],"product_cat":[955,973,1145],"product_tag":[116],"class_list":{"0":"post-13177","1":"product","2":"type-product","3":"status-publish","4":"has-post-thumbnail","6":"product_brand-domo","7":"product_cat-kodu","8":"product_cat-koogitehnika","9":"product_cat-mikrolaineahjud","10":"product_tag-domo","12":"first","13":"instock","14":"taxable","15":"shipping-taxable","16":"purchasable","17":"product-type-simple"},"aioseo_notices":[],"_links":{"self":[{"href":"https:\/\/homeemotion.lt\/lt\/wp-json\/wp\/v2\/product\/13177","targetHints":{"allow":["GET"]}}],"collection":[{"href":"https:\/\/homeemotion.lt\/lt\/wp-json\/wp\/v2\/product"}],"about":[{"href":"https:\/\/homeemotion.lt\/lt\/wp-json\/wp\/v2\/types\/product"}],"wp:featuredmedia":[{"embeddable":true,"href":"https:\/\/homeemotion.lt\/lt\/wp-json\/wp\/v2\/media\/16914"}],"wp:attachment":[{"href":"https:\/\/homeemotion.lt\/lt\/wp-json\/wp\/v2\/media?parent=13177"}],"wp:term":[{"taxonomy":"product_brand","embeddable":true,"href":"https:\/\/homeemotion.lt\/lt\/wp-json\/wp\/v2\/product_brand?post=13177"},{"taxonomy":"product_cat","embeddable":true,"href":"https:\/\/homeemotion.lt\/lt\/wp-json\/wp\/v2\/product_cat?post=13177"},{"taxonomy":"product_tag","embeddable":true,"href":"https:\/\/homeemotion.lt\/lt\/wp-json\/wp\/v2\/product_tag?post=13177"}],"curies":[{"name":"wp","href":"https:\/\/api.w.org\/{rel}","templated":true}]}}