{"id":13086,"date":"2024-11-04T10:10:41","date_gmt":"2024-11-04T07:10:41","guid":{"rendered":"https:\/\/homeemotion.lt\/?post_type=product&#038;p=13086"},"modified":"2026-04-17T22:12:17","modified_gmt":"2026-04-17T19:12:17","slug":"elektriline-hambahari-philips-sonicare-diamondclean-9000-seeria-2","status":"publish","type":"product","link":"https:\/\/homeemotion.lt\/lt\/toode\/elektriline-hambahari-philips-sonicare-diamondclean-9000-seeria-2\/","title":{"rendered":"Elektriline hambahari Sonicare DiamondClean 9000 Seeria"},"content":{"rendered":"<p class=\"p-p18v2-pex-area__desc-title pv-subheading--m pv-bold pv-margin-block-end--2xs\">Tervem ja s\u00e4ravam naeratus iga p\u00e4ev<\/p>\n<p class=\"p-p18v2-pex-area__desc-body pv-body--m pv-margin-block-end--2xs\">Philips Sonicare DiamondClean 9000 eemladab t\u00f5husalt hambakattu, tagades tervemad igemed, valgemad hambad ja s\u00e4ravama naeratuse.<\/p>\n<div id=\"see-all-benefits\" class=\"p-s01__pdp-overview-wraper\">\n<div class=\"s01highlight s01-highlights-banner component-base\">\n<section class=\"p-s01-highlights\">\n<div class=\"p-row-gutter p-comp-spacing-bottom\">\n<h3 class=\"p-heading-03 p-heading-medium p-s01__highlights-subtitle\">Valgemad ja tervemad hambad kogu eluks<\/h3>\n<ul class=\"p-bullets p-large p-s01__bullets p-heading-medium\">\n<li class=\"p-s01__bullet\">\u00dchendatud ja lihtne harjamine<\/li>\n<li class=\"p-s01__bullet\">Sisseehitatud surveandur<\/li>\n<li class=\"p-s01__bullet\">Nutikas harjapea tuvastus<\/li>\n<li class=\"p-s01__bullet\">Neli re\u017eiimi, kolm intensiivsust<\/li>\n<\/ul>\n<\/div>\n<\/section>\n<\/div>\n<\/div>\n<div class=\"productFeatures s12-product-features component-base\">\n<section class=\"p-complete p-s12-product-features\" data-close-popup-label=\"Tagasi\">\n<div class=\"p-row-gutter p-comp-spacing-bottom\">\n<div class=\"p-s12__feature-list\">\n<div class=\"p-s12__row\">\n<div class=\"p-s12__feature-item p-spacing-bottom-c\">\n<div class=\"p-s12__feature-image p-spacing-bottom-a\"><img decoding=\"async\" class=\"\" src=\"https:\/\/images.philips.com\/is\/image\/philipsconsumer\/cabd17f11b9a413c99d3adba00a81f2c?wid=305&amp;hei=173&amp;$jpglarge$\" alt=\" All-in-One harjapea, mis pakub t\u00e4ielikku hooldust\" \/><\/div>\n<div class=\"p-s12__feature-description p-spacing-bottom-a\">\n<h3 class=\"p-heading-04-large p-heading-bold p-feature-title\">All-in-One harjapea, mis pakub t\u00e4ielikku hooldust<\/h3>\n<p class=\"p-body-copy-02\">A3 Premium All-in-One harjapea puhastab t\u00f5husalt. Meie k\u00f5igi aegade parimal harjapeal on nurga all paigutatud harjased, mis aitavad eemaldada kuni 20\u00d7 rohkem hambakattu isegi raskesti ligip\u00e4\u00e4setavatest kohtadest*. Kolmnurksed tipud t\u00f6\u00f6tavad, et eemaldada kuni 100% rohkem plekke v\u00e4hem kui kahe p\u00e4evaga***. Pikemad harjased puhastavad s\u00fcgavalt igemeid, mis on vaid kahe n\u00e4dala p\u00e4rast 15\u00d7 tervemad**. K\u00f5ik see toimub \u00fche harjapeaga, ilma et peaksite kasutama erinevaid harjapeasid. Kas teadsite, et harjapead on p\u00e4rast 3 kuu pikkust kasutamist v\u00e4hem t\u00f5husad? Meie BrushSync funktsioon tuletab meelde, kui on aeg harjapead vahetada.<\/p>\n<\/div>\n<\/div>\n<div class=\"p-s12__feature-item p-spacing-bottom-c\">\n<div class=\"p-s12__feature-image p-spacing-bottom-a\"><img decoding=\"async\" class=\"\" src=\"https:\/\/images.philips.com\/is\/image\/philipsconsumer\/bcaeee64f69c4f8f85bcadba0090e78a?wid=305&amp;hei=173&amp;$jpglarge$\" alt=\"Teie suu jaoks disainitud harjaste kuju\" \/><\/div>\n<div class=\"p-s12__feature-description p-spacing-bottom-a\">\n<h3 class=\"p-heading-04-large p-heading-bold p-feature-title\">Teie suu jaoks disainitud harjaste kuju<\/h3>\n<p class=\"p-body-copy-02\">\u00dcmara kuju aitab harjastel minna sinna, kuhu nad minema peavad. L\u00e4bi uuendusliku disainiprotsessi oleme loonud k\u00f5ik \u00fches lahenduse, mis tagab suurep\u00e4rase suuh\u00fcgieeni.<\/p>\n<\/div>\n<\/div>\n<div class=\"p-s12__feature-item p-spacing-bottom-c\">\n<div class=\"p-s12__feature-image p-spacing-bottom-a\"><img decoding=\"async\" class=\"\" src=\"https:\/\/images.philips.com\/is\/image\/philipsconsumer\/69b339cc4371429187d5adba0110b2d0?wid=305&amp;hei=173&amp;$jpglarge$\" alt=\"Sonic harjamine: t\u00f5husa puhastamise meistriklass\" \/><\/div>\n<div class=\"p-s12__feature-description p-spacing-bottom-a\">\n<h3 class=\"p-heading-04-large p-heading-bold p-feature-title\">Sonic harjamine: t\u00f5husa puhastamise meistriklass<\/h3>\n<p class=\"p-body-copy-02\">Sonic tehnoloogia eemaldab hambakattu t\u00f5husalt kuid \u00f5rnalt. 62\u00a0000 harjaliigutust ja d\u00fcnaamiline vedelikuvoog aitab puhastada ka raskesti ligip\u00e4\u00e4setavatest kohtadest Tulemuseks on erakordselt v\u00e4rske ja puhas tunne.<\/p>\n<\/div>\n<\/div>\n<\/div>\n<div class=\"p-s12__more-features p-s12__toggle-item\">\n<div class=\"p-s12__more-features--inner\">\n<div class=\"p-s12__row\">\n<div class=\"p-s12__feature-item p-spacing-bottom-c\">\n<div class=\"p-s12__feature-image p-spacing-bottom-a\"><img decoding=\"async\" class=\"\" src=\"https:\/\/images.philips.com\/is\/image\/philipsconsumer\/cc6dff20ed1e49d58072ac620005014e?wid=305&amp;hei=173&amp;$jpglarge$\" alt=\"Isikup\u00e4rastatud harjamiskogemus\" \/><\/div>\n<div class=\"p-s12__feature-description p-spacing-bottom-a\">\n<h3 class=\"p-heading-04-large p-heading-bold p-feature-title\">Isikup\u00e4rastatud harjamiskogemus<\/h3>\n<p class=\"p-body-copy-02\">DiamondClean 9000 hambaharjal on k\u00f5igi teie vajaduste jaoks erinevad re\u017eiimid: Clean, White+, Gum Health ja Deep Clean+. Clean re\u017eiim on igap\u00e4evaseks hambapesuks, White+ on hambakatu eemaldamiseks, Gum Health puhastab \u00f5rnalt, kuid t\u00f5husalt igemeid ning Deep Clean+ annab v\u00e4rskendava ja p\u00f5hjalikuma puhastuse. Hambaharjal on kolm intensiivsuse seadistust, seega saate valida tugevama v\u00f5i tundlike hammaste jaoks \u00f5rnema puhastuse.<\/p>\n<\/div>\n<\/div>\n<div class=\"p-s12__feature-item p-spacing-bottom-c\">\n<div class=\"p-s12__feature-image p-spacing-bottom-a\"><img decoding=\"async\" class=\"\" src=\"https:\/\/images.philips.com\/is\/image\/philipsconsumer\/bcd4622a57834db280a4adba01219c74?wid=305&amp;hei=173&amp;$jpglarge$\" alt=\"Annab teada, kui harjate liiga tugevasti\" \/><\/div>\n<div class=\"p-s12__feature-description p-spacing-bottom-a\">\n<h3 class=\"p-heading-04-large p-heading-bold p-feature-title\">Annab teada, kui harjate liiga tugevasti<\/h3>\n<p class=\"p-body-copy-02\">Te ei pruugi m\u00e4rgata, kui te liiga k\u00f5vasti harjate, kuid DiamondClean\u00a09000 hambaharjal ei j\u00e4\u00e4 see m\u00e4rkamata. Kui vajutate liiga tugevalt, siis hakkab k\u00e4epide kergelt pulseerima ja te saate teada, et tuleb olla ettevaatlikum. Laske harjal oma t\u00f6\u00f6d teha. 7\u00a0inimest 10\u00a0hulgast pidasid seda funktsiooni kasulikuks ja hakkasid selle tulemusel oma hambaid paremini harjama.<\/p>\n<\/div>\n<\/div>\n<div class=\"p-s12__feature-item p-spacing-bottom-c\">\n<div class=\"p-s12__feature-image p-spacing-bottom-a\"><img decoding=\"async\" class=\"\" src=\"https:\/\/images.philips.com\/is\/image\/philipsconsumer\/eab4b9c5dc6f4fe78b8badba00c812c4?wid=305&amp;hei=173&amp;$jpglarge$\" alt=\"BrushSync valib teile automaatselt parima re\u017eiimi\" \/><\/div>\n<div class=\"p-s12__feature-description p-spacing-bottom-a\">\n<h3 class=\"p-heading-04-large p-heading-bold p-feature-title\">BrushSync valib teile automaatselt parima re\u017eiimi<\/h3>\n<p class=\"p-body-copy-02\">Nutikad harjapead tagavad, et kasutaksite parima tulemuse saavutamiseks \u00f5iget re\u017eiimi ja intensiivsust. \u00dctleme n\u00e4iteks, et kasutate W3 Premium White harjapead. Teie DiamondClean 9000 BrushSync tehnoloogia s\u00fcnkroniseerib teie harjapea automaatselt White+ re\u017eiimiga ja aitab teil hambaid valgemaks muuta.<\/p>\n<\/div>\n<\/div>\n<\/div>\n<div class=\"p-s12__row\">\n<div class=\"p-s12__feature-item p-spacing-bottom-c\">\n<div class=\"p-s12__feature-image p-spacing-bottom-a\"><img decoding=\"async\" class=\"\" src=\"https:\/\/images.philips.com\/is\/image\/philipsconsumer\/1016bc6284c643138b17adbb01058cb6?wid=305&amp;hei=173&amp;$jpglarge$\" alt=\"Teadke alati, millal on vaja harjapead vahetada\" \/><\/div>\n<div class=\"p-s12__feature-description p-spacing-bottom-a\">\n<h3 class=\"p-heading-04-large p-heading-bold p-feature-title\">Teadke alati, millal on vaja harjapead vahetada<\/h3>\n<p class=\"p-body-copy-02\">K\u00f5ik harjapead kuluvad \u00fchel hetkel \u00e4ra, seega tuleb teil parima tulemuse tagamiseks ka enda harjapea kulumist j\u00e4lgida. Meie BrushSync tehnoloogia peab arvestust harjapea kasutusaja ja selle \u00fcle, kui tugevalt olete harjanud. Kui vahetamisaeg on k\u00e4es, annab sellest teada k\u00e4epidemel olev BrushSync vahetamise meeldetuletus ja l\u00fchike helisignaal.<\/p>\n<\/div>\n<\/div>\n<div class=\"p-s12__feature-item p-spacing-bottom-c\">\n<div class=\"p-s12__feature-image p-spacing-bottom-a\"><img decoding=\"async\" class=\"\" src=\"https:\/\/images.philips.com\/is\/image\/philipsconsumer\/b9b5975d43674d0ba32fadb90046f1ba?wid=305&amp;hei=173&amp;$jpglarge$\" alt=\"Alustage oma hambapesu rutiini j\u00e4lgimist\" \/><\/div>\n<div class=\"p-s12__feature-description p-spacing-bottom-a\">\n<h3 class=\"p-heading-04-large p-heading-bold p-feature-title\">Alustage oma hambapesu rutiini j\u00e4lgimist<\/h3>\n<p class=\"p-body-copy-02\">DiamondClean 9000 annab teile n\u00f5u, kuidas saaksite hammaste harjamist parandada. Sisseehitatud andurid annavad m\u00e4rku, kui harjate liiga tugevalt, ja \u00fchendatud Sonicare\u2019i rakendus loob personaalse aruande, mis aitab teil oma harjumusi ja arengut j\u00e4lgida.<\/p>\n<\/div>\n<\/div>\n<div class=\"p-s12__feature-item p-spacing-bottom-c\">\n<div class=\"p-s12__feature-image p-spacing-bottom-a\"><img decoding=\"async\" class=\"\" src=\"https:\/\/images.philips.com\/is\/image\/philipsconsumer\/2d5743efccdc43f9a20aadb9009de996?wid=305&amp;hei=173&amp;$jpglarge$\" alt=\"Lihtne ja stiilne laadimine \u2013 kodus ja v\u00f5\u00f5rsil\" \/><\/div>\n<div class=\"p-s12__feature-description p-spacing-bottom-a\">\n<h3 class=\"p-heading-04-large p-heading-bold p-feature-title\">Lihtne ja stiilne laadimine \u2013 kodus ja v\u00f5\u00f5rsil<\/h3>\n<p class=\"p-body-copy-02\">\u00dche t\u00e4islaadimisega saate seadet kaks n\u00e4dalat regulaarselt kasutada. Siiski, kui reisimise ajal peaks aku t\u00fchjenema, on luksuslik USB-reisivutlar teise laadija eest. Asetage hambahari vutlarisse ning \u00fchendage kas s\u00fclearvutiga v\u00f5i seinapistikusse. Kodus laadimiseks lihtsalt asetage hambahari n\u00e4gusasse laadimisklaasi; see lisab teie vannitoale stiilsust ning lisaks saab seda ka loputusklaasina kasutada.<\/p>\n<\/div>\n<\/div>\n<\/div>\n<\/div>\n<\/div>\n<\/div>\n<\/div>\n<\/section>\n<\/div>","protected":false},"excerpt":{"rendered":"<p>Philips Sonic tehnoloogia-\u00f5rn ja samal ajal t\u00f5hus hammaste puhastus (kuni 62 000 liigutust minutis). Bluetooth\u00ae-i juhtmeta tehnoloogia. Sisseehitatud surveandur. Nutikas harjapea tuvastus. Smartimer ( 2 min) ja Quadpacer ( intervallitaimer m\u00e4rguanne iga 30 sekundi tagant ). Neli re\u017eiimi, kolm intensiivsust. USB laadimisega reisivutlar. Komplektis: 1 Sonicare\u2019i seeria 9000 k\u00e4epide, 1 Premium Plaque Defense harjapea (C3), laadimisklaas, USB laadimisega reisivutlar. Li-Ioon aku, akun\u00e4idik. V\u00e4rv: valge<\/p>\n<p>V\u00e4rv: valge<\/p>","protected":false},"featured_media":17139,"template":"","meta":{"om_disable_all_campaigns":false,"_uf_show_specific_survey":0,"_uf_disable_surveys":false},"product_brand":[1096],"product_cat":[985],"product_tag":[618],"class_list":{"0":"post-13086","1":"product","2":"type-product","3":"status-publish","4":"has-post-thumbnail","6":"product_brand-philips-ph","7":"product_cat-ilu","8":"product_tag-philips-ph","10":"first","11":"instock","12":"taxable","13":"shipping-taxable","14":"purchasable","15":"product-type-simple"},"aioseo_notices":[],"_links":{"self":[{"href":"https:\/\/homeemotion.lt\/lt\/wp-json\/wp\/v2\/product\/13086","targetHints":{"allow":["GET"]}}],"collection":[{"href":"https:\/\/homeemotion.lt\/lt\/wp-json\/wp\/v2\/product"}],"about":[{"href":"https:\/\/homeemotion.lt\/lt\/wp-json\/wp\/v2\/types\/product"}],"wp:featuredmedia":[{"embeddable":true,"href":"https:\/\/homeemotion.lt\/lt\/wp-json\/wp\/v2\/media\/17139"}],"wp:attachment":[{"href":"https:\/\/homeemotion.lt\/lt\/wp-json\/wp\/v2\/media?parent=13086"}],"wp:term":[{"taxonomy":"product_brand","embeddable":true,"href":"https:\/\/homeemotion.lt\/lt\/wp-json\/wp\/v2\/product_brand?post=13086"},{"taxonomy":"product_cat","embeddable":true,"href":"https:\/\/homeemotion.lt\/lt\/wp-json\/wp\/v2\/product_cat?post=13086"},{"taxonomy":"product_tag","embeddable":true,"href":"https:\/\/homeemotion.lt\/lt\/wp-json\/wp\/v2\/product_tag?post=13086"}],"curies":[{"name":"wp","href":"https:\/\/api.w.org\/{rel}","templated":true}]}}