{"id":13052,"date":"2024-11-01T13:16:16","date_gmt":"2024-11-01T10:16:16","guid":{"rendered":"https:\/\/homeemotion.lt\/?post_type=product&#038;p=13052"},"modified":"2026-04-17T17:14:29","modified_gmt":"2026-04-17T14:14:29","slug":"foon-koolutaja-babyliss-air-wand","status":"publish","type":"product","link":"https:\/\/homeemotion.lt\/lt\/toode\/foon-koolutaja-babyliss-air-wand\/","title":{"rendered":"Plauk\u0173 d\u017eiovintuvas-\u0161aldytuvas \"Babyliss Air Wand"},"content":{"rendered":"<p>\"BaByliss Air Wand\" yra universalus plauk\u0173 formavimo prietaisas, kuriuo galima greitai ir be pastang\u0173 d\u017eiovinti, tiesinti ir didinti plauk\u0173 apimt\u012f vienu prietaisu, nepa\u017eeid\u017eiant j\u0173 kar\u0161\u010diu. Ji taupo laik\u0105 ir u\u017etikrina salono kokyb\u0119 patogiai \u012fsitaisius namuose. Su \"BaByliss Air Wand\" plauk\u0173 prie\u017ei\u016bra tampa greitesn\u0117 ir paprastesn\u0117, nes viename prietaise rasite visk\u0105, ko reikia tobulai \u0161ukuosenai sukurti.<\/p>\n<p>- Greitas ir galingas d\u017eiovinimas: 123 km\/h oro srautas ir pa\u017eangi oro srauto technologija.<br \/>\n- Veiksmingas tiesinimas: keramin\u0117s plok\u0161tel\u0117s tiesina plaukus nuo \u0161akn\u0173 \u012f vir\u0161\u0173, o j\u016bs juos d\u017eiovinate.<br \/>\n- Lengvas apimties didinimas: i\u0161lenktas ovalus \u0161epetys su \u0161epet\u0117liu ir poliravimo \u0161ereliais sukuria glotn\u0173 ir apimties suteikiant\u012f d\u017eiovinim\u0105.<\/p>\n<p>&nbsp;<\/p>\n<p>&nbsp;<\/p>","protected":false},"excerpt":{"rendered":"<p>Tiksli oro srauto sistema:Specialus oro kanal\u0173 dizainas u\u017etikrina optimal\u0173 kar\u0161t\u012f, oro greit\u012f ir sl\u0117g\u012f, kuris veiksmingai glotnina ir formuoja plaukus.Prie\u017ei\u016bros re\u017eimas:Pa\u017eangus itin kruop\u0161tus prie\u017ei\u016bros re\u017eimas kaitalioja kar\u0161t\u0105 ir \u0161alt\u0105 or\u0105, kruop\u0161\u010diai reguliuodamas plaukams taikom\u0105 kar\u0161t\u012f. Didelio grei\u010dio skaitmeninis variklis: Lengvas, patvarus ir greitas skaitmeninis variklis sukurtas didelio na\u0161umo plauk\u0173 d\u017eiovinimui... Oro srauto ir temperat\u016bros reguliavimas. Lengviausias vis\u0173 laik\u0173 plauk\u0173 d\u017eiovintuvas, kurio svoris yra ma\u017eiausias i\u0161 vis\u0173 - 380 svar\u0173... Sukurtas taip, kad b\u016bt\u0173 visi\u0161kai paprasta naudoti... Apsaugos nuo pa\u017eeidim\u0173 technologija... Pa\u017eangi dvigub\u0173 jon\u0173 sistema sujungia teigiamus ir neigiamus jonus, kad suma\u017eint\u0173 plauk\u0173 pa\u017eeidimus ir \u017evilg\u0117jim\u0105... Nepa\u017eeid\u017eia kar\u0161tis... Galingas d\u017eiovinimas kruop\u0161\u010diai kontroliuojant kar\u0161t\u012f, kad rezultatai b\u016bt\u0173 greiti ir nepa\u017eeist\u0173 plauk\u0173... Magnetinis galinis filtras... Nuimamas magnetinis galinis filtras, lengvai valomas... Profesionalus 2,5 m ilgio laidas...<\/p>","protected":false},"featured_media":16831,"template":"","meta":{"om_disable_all_campaigns":false,"_uf_show_specific_survey":0,"_uf_disable_surveys":false},"product_brand":[1087],"product_cat":[985,986,1005],"product_tag":[19],"class_list":{"0":"post-13052","1":"product","2":"type-product","3":"status-publish","4":"has-post-thumbnail","6":"product_brand-babyliss","7":"product_cat-ilu","8":"product_cat-ilutooted","9":"product_cat-koolutajad","10":"product_tag-babyliss","12":"first","13":"instock","14":"taxable","15":"shipping-taxable","16":"purchasable","17":"product-type-simple"},"aioseo_notices":[],"_links":{"self":[{"href":"https:\/\/homeemotion.lt\/lt\/wp-json\/wp\/v2\/product\/13052","targetHints":{"allow":["GET"]}}],"collection":[{"href":"https:\/\/homeemotion.lt\/lt\/wp-json\/wp\/v2\/product"}],"about":[{"href":"https:\/\/homeemotion.lt\/lt\/wp-json\/wp\/v2\/types\/product"}],"wp:featuredmedia":[{"embeddable":true,"href":"https:\/\/homeemotion.lt\/lt\/wp-json\/wp\/v2\/media\/16831"}],"wp:attachment":[{"href":"https:\/\/homeemotion.lt\/lt\/wp-json\/wp\/v2\/media?parent=13052"}],"wp:term":[{"taxonomy":"product_brand","embeddable":true,"href":"https:\/\/homeemotion.lt\/lt\/wp-json\/wp\/v2\/product_brand?post=13052"},{"taxonomy":"product_cat","embeddable":true,"href":"https:\/\/homeemotion.lt\/lt\/wp-json\/wp\/v2\/product_cat?post=13052"},{"taxonomy":"product_tag","embeddable":true,"href":"https:\/\/homeemotion.lt\/lt\/wp-json\/wp\/v2\/product_tag?post=13052"}],"curies":[{"name":"wp","href":"https:\/\/api.w.org\/{rel}","templated":true}]}}