{"id":12998,"date":"2024-11-01T11:21:46","date_gmt":"2024-11-01T08:21:46","guid":{"rendered":"https:\/\/homeemotion.lt\/?post_type=product&#038;p=12998"},"modified":"2026-04-17T19:11:40","modified_gmt":"2026-04-17T16:11:40","slug":"pardel-philips-7000-seeria-wet-dry","status":"publish","type":"product","link":"https:\/\/homeemotion.lt\/lt\/toode\/pardel-philips-7000-seeria-wet-dry\/","title":{"rendered":"Pardel Philips 7000 seeria Wet &amp; Dry"},"content":{"rendered":"<p class=\"p-p18v2-pex-area__desc-title pv-subheading--m pv-bold pv-margin-block-end--2xs\">Nahal\u00e4hedane raseerimine, t\u00e4iustatud nahakaitse<\/p>\n<p class=\"p-p18v2-pex-area__desc-body pv-body--m pv-margin-block-end--2xs\">Philips Series 7000 libiseb sujuvalt \u00fcle teie naha, tagades nahal\u00e4hedase raseerimise\u00a0\u2013 seda isegi kolmep\u00e4evase habeme puhul. T\u00e4iustatud SkinIQ tehnoloogiaga pardel j\u00e4lgib ja kohandab liikumist, tagades t\u00e4iustatud nahakaitse.<\/p>\n<div id=\"see-all-benefits\" class=\"p-s01__pdp-overview-wraper\">\n<div class=\"s01highlight s01-highlights-banner component-base\">\n<section class=\"p-s01-highlights\">\n<div class=\"p-row-gutter p-comp-spacing-bottom\">\n<h3 class=\"p-heading-03 p-heading-medium p-s01__highlights-subtitle\">koos SkinIQ tehnoloogiaga<\/h3>\n<ul class=\"p-bullets p-large p-s01__bullets p-heading-medium\">\n<li class=\"p-s01__bullet\">Nano SkinGlide\u2019i kate<\/li>\n<li class=\"p-s01__bullet\">SteelPrecisioni terad<\/li>\n<li class=\"p-s01__bullet\">Liigutusandur<\/li>\n<li class=\"p-s01__bullet\">360-D painduvad raseerimispead<\/li>\n<li class=\"p-s01__bullet\">7 aasta pikkune mootori ja aku t\u00f6\u00f6iga<\/li>\n<\/ul>\n<\/div>\n<\/section>\n<\/div>\n<\/div>\n<div class=\"productFeatures s12-product-features component-base\">\n<section class=\"p-complete p-s12-product-features\" data-close-popup-label=\"Tagasi\">\n<div class=\"p-row-gutter p-comp-spacing-bottom\">\n<div class=\"p-s12__feature-list\">\n<div class=\"p-s12__row\">\n<div class=\"p-s12__feature-item p-spacing-bottom-c\">\n<div class=\"p-s12__feature-image p-spacing-bottom-a\"><img decoding=\"async\" class=\"\" src=\"https:\/\/images.philips.com\/is\/image\/philipsconsumer\/25c7e76688e44ac5915aaf3b00840d00?wid=305&amp;hei=173&amp;$jpglarge$\" alt=\"V\u00e4hendab h\u00f5\u00f5rdumistunnet ja naha\u00e4rritust\" \/><\/div>\n<div class=\"p-s12__feature-description p-spacing-bottom-a\">\n<h3 class=\"p-heading-04-large p-heading-bold p-feature-title\">V\u00e4hendab h\u00f5\u00f5rdumistunnet ja naha\u00e4rritust<\/h3>\n<p class=\"p-body-copy-02\">Raseerimispea ja naha vahele j\u00e4\u00e4b t\u00f5hus kaitsekiht, mille igal ruutsentimeetril on kuni 250,000 mikrop\u00e4rlit. See v\u00e4hendab h\u00f5\u00f5rdumist kuni 30%***, minimeerides seel\u00e4bi naha\u00e4rritust.<\/p>\n<\/div>\n<\/div>\n<div class=\"p-s12__feature-item p-spacing-bottom-c\">\n<div class=\"p-s12__feature-image p-spacing-bottom-a\"><img decoding=\"async\" class=\"\" src=\"https:\/\/images.philips.com\/is\/image\/philipsconsumer\/f000ff9c90f54d9fa0a2af3b008401a5?wid=305&amp;hei=173&amp;$jpglarge$\" alt=\"Iga t\u00f5mme on v\u00f5imsa j\u00f5udlusega\" \/><\/div>\n<div class=\"p-s12__feature-description p-spacing-bottom-a\">\n<h3 class=\"p-heading-04-large p-heading-bold p-feature-title\">Iga t\u00f5mme on v\u00f5imsa j\u00f5udlusega<\/h3>\n<p class=\"p-body-copy-02\">SteelPrecisioni terad teevad kuni 90\u00a0000 liigutust minutis, l\u00f5igates iga t\u00f5mbega rohkem karvu* ja tagades nahal\u00e4hedase tulemuse. 45 suure j\u00f5udlusega tera on iseterituvad ja toodetud Euroopas.<\/p>\n<\/div>\n<\/div>\n<div class=\"p-s12__feature-item p-spacing-bottom-c\">\n<div class=\"p-s12__feature-image p-spacing-bottom-a\"><img decoding=\"async\" class=\"\" src=\"https:\/\/images.philips.com\/is\/image\/philipsconsumer\/23b5893b66af47339cbbac0d009c7fe9?wid=305&amp;hei=173&amp;$jpglarge$\" alt=\"Aitab teil saavutada parema tehnika v\u00e4hemate t\u00f5mmetega\" \/><\/div>\n<div class=\"p-s12__feature-description p-spacing-bottom-a\">\n<h3 class=\"p-heading-04-large p-heading-bold p-feature-title\">Aitab teil saavutada parema tehnika v\u00e4hemate t\u00f5mmetega<\/h3>\n<p class=\"p-body-copy-02\">Liigutusanduri tehnoloogia j\u00e4lgib teie raseerimistehnikat ja juhendab teid t\u00f5husama tulemuseni. Enamik mehi saavutab parema raseerimistehnika juba p\u00e4rast kolme raseerimist ja seda v\u00e4hemate t\u00f5mmetega***.<\/p>\n<\/div>\n<\/div>\n<\/div>\n<div class=\"p-s12__more-features p-s12__toggle-item\">\n<div class=\"p-s12__more-features--inner\">\n<div class=\"p-s12__row\">\n<div class=\"p-s12__feature-item p-spacing-bottom-c\">\n<div class=\"p-s12__feature-image p-spacing-bottom-a\"><img decoding=\"async\" class=\"\" src=\"https:\/\/images.philips.com\/is\/image\/philipsconsumer\/2644023e81194d11af7daf1f01420f04?wid=305&amp;hei=173&amp;$jpglarge$\" alt=\"T\u00e4iustatud raseerimiskogemus rakenduse kaudu\" \/><\/div>\n<div class=\"p-s12__feature-description p-spacing-bottom-a\">\n<h3 class=\"p-heading-04-large p-heading-bold p-feature-title\">T\u00e4iustatud raseerimiskogemus rakenduse kaudu<\/h3>\n<p class=\"p-body-copy-02\">Viige oma raseerimistehnika t\u00e4iuslikkuseni, \u00fchendades oma pardli Philips GroomTribe\u2019i rakendusega. See j\u00e4rgib teie naha olukorda, pakub personaliseeritud raseerimisn\u00f5u ning aitab teil saavutada v\u00f5imalikult nahal\u00e4hedase ja -s\u00f5braliku tulemuse.<\/p>\n<\/div>\n<\/div>\n<div class=\"p-s12__feature-item p-spacing-bottom-c\">\n<div class=\"p-s12__feature-image p-spacing-bottom-a\"><img decoding=\"async\" class=\"\" src=\"https:\/\/images.philips.com\/is\/image\/philipsconsumer\/7a1e3c4c9aab4ff99f46af3b0083fb78?wid=305&amp;hei=173&amp;$jpglarge$\" alt=\"Kohandub vastavalt teie habemele, et pakkuda v\u00f5imalikult kerget raseerimist\" \/><\/div>\n<div class=\"p-s12__feature-description p-spacing-bottom-a\">\n<h3 class=\"p-heading-04-large p-heading-bold p-feature-title\">Kohandub vastavalt teie habemele, et pakkuda v\u00f5imalikult kerget raseerimist<\/h3>\n<p class=\"p-body-copy-02\">Nutikas n\u00e4okarvade andur tuvastab habemetihedust 250\u00a0korda sekundis. Tehnoloogia kohandab j\u00f5udlust d\u00fcnaamiliselt ja automaatselt, tagades lihtsa ja \u00f5rna raseerimise.<\/p>\n<\/div>\n<\/div>\n<div class=\"p-s12__feature-item p-spacing-bottom-c\">\n<div class=\"p-s12__feature-image p-spacing-bottom-a\"><img decoding=\"async\" class=\"\" src=\"https:\/\/images.philips.com\/is\/image\/philipsconsumer\/7c1182ca0ff14d7d9d2faf3b0083f1c7?wid=305&amp;hei=173&amp;$jpglarge$\" alt=\"Optimaalse nahakontakti saavutamiseks j\u00e4rgib n\u00e4okontuure\" \/><\/div>\n<div class=\"p-s12__feature-description p-spacing-bottom-a\">\n<h3 class=\"p-heading-04-large p-heading-bold p-feature-title\">Optimaalse nahakontakti saavutamiseks j\u00e4rgib n\u00e4okontuure<\/h3>\n<p class=\"p-body-copy-02\">T\u00e4ielikult 360\u00b0 painduvad raseerimispead suudavad j\u00e4rgida teie n\u00e4okontuure. Kogege optimaalset nahakontakti ning p\u00f5hjalikku ja mugavat raseerimist.<\/p>\n<\/div>\n<\/div>\n<\/div>\n<div class=\"p-s12__row\">\n<div class=\"p-s12__feature-item p-spacing-bottom-c\">\n<div class=\"p-s12__feature-image p-spacing-bottom-a\"><img decoding=\"async\" class=\"\" src=\"https:\/\/images.philips.com\/is\/image\/philipsconsumer\/071da877deac4aa3996faf3b0083f8f4?wid=305&amp;hei=173&amp;$jpglarge$\" alt=\"Loodud pakkuma t\u00e4pset ja t\u00f5husat tulemust\" \/><\/div>\n<div class=\"p-s12__feature-description p-spacing-bottom-a\">\n<h3 class=\"p-heading-04-large p-heading-bold p-feature-title\">Loodud pakkuma t\u00e4pset ja t\u00f5husat tulemust<\/h3>\n<p class=\"p-body-copy-02\">Raseerimispeade uus kuju pakub \u00fclimat t\u00e4psust. Peade pinda on t\u00e4iustatud karvu juhtivate kanalitega, mis liigutavad karva t\u00f5husasse l\u00f5ikeasendisse.<\/p>\n<\/div>\n<\/div>\n<div class=\"p-s12__feature-item p-spacing-bottom-c\">\n<div class=\"p-s12__feature-image p-spacing-bottom-a\"><img decoding=\"async\" class=\"\" src=\"https:\/\/images.philips.com\/is\/image\/philipsconsumer\/96d94ff7698448108094af3b00840658?wid=305&amp;hei=173&amp;$jpglarge$\" alt=\"P\u00f5hjalik 1-minutiline puhastus, mis tagab h\u00fcgieenilise raseerimise\" \/><\/div>\n<div class=\"p-s12__feature-description p-spacing-bottom-a\">\n<h3 class=\"p-heading-04-large p-heading-bold p-feature-title\">P\u00f5hjalik 1-minutiline puhastus, mis tagab h\u00fcgieenilise raseerimise<\/h3>\n<p class=\"p-body-copy-02\">V\u00f5imas puhastuskapsel puhastab ja \u00f5litab teie pardlit p\u00f5hjalikult vaid 1\u00a0minutiga, hoides teie seadet kauem t\u00f6\u00f6s. Kapsliga puhastamine on 10\u00a0korda t\u00f5husam kui veega puhastamine**. Tegemist on maailma v\u00e4ikseima puhastuskapsliga, mida saate kergesti hoiustada ja igale poole kaasa v\u00f5tta.<\/p>\n<\/div>\n<\/div>\n<div class=\"p-s12__feature-item p-spacing-bottom-c\">\n<div class=\"p-s12__feature-image p-spacing-bottom-a\"><img decoding=\"async\" class=\"\" src=\"https:\/\/images.philips.com\/is\/image\/philipsconsumer\/fcfd9378fbde40388bc8af24011672b4?wid=305&amp;hei=173&amp;$jpglarge$\" alt=\"Raseerige m\u00e4rjalt, kuivalt v\u00f5i isegi du\u0161i all\" \/><\/div>\n<div class=\"p-s12__feature-description p-spacing-bottom-a\">\n<h3 class=\"p-heading-04-large p-heading-bold p-feature-title\">Raseerige m\u00e4rjalt, kuivalt v\u00f5i isegi du\u0161i all<\/h3>\n<p class=\"p-body-copy-02\">Kohandage raseerimisrutiini vastavalt oma vajadustele. Wet &amp; Dry abil saate valida mugava kuivraseerimise v\u00f5i siis v\u00e4rskendava m\u00e4rgraseerimise vahel. Saate kasutada geeli v\u00f5i vahtu ja teha seda kasv\u00f5i du\u0161i all.<\/p>\n<\/div>\n<\/div>\n<\/div>\n<div class=\"p-s12__row\">\n<div class=\"p-s12__feature-item p-spacing-bottom-c\">\n<div class=\"p-s12__feature-image p-spacing-bottom-a\"><img decoding=\"async\" class=\"\" src=\"https:\/\/images.philips.com\/is\/image\/philipsconsumer\/8c91817b68894d8d83cfaf3b0083edc9?wid=305&amp;hei=173&amp;$jpglarge$\" alt=\"K\u00e4epidemesse integreeritud t\u00e4ppispiirel\" \/><\/div>\n<div class=\"p-s12__feature-description p-spacing-bottom-a\">\n<h3 class=\"p-heading-04-large p-heading-bold p-feature-title\">K\u00e4epidemesse integreeritud t\u00e4ppispiirel<\/h3>\n<p class=\"p-body-copy-02\">Saavutage viimistletud tulemus, kasutades pardli v\u00e4ljal\u00fckatavat t\u00e4ppispiirlit. Pardli korpusesse integreeritud piirel on ideaalne vuntside ja p\u00f5skhabeme hooldamiseks.<\/p>\n<\/div>\n<\/div>\n<div class=\"p-s12__feature-item p-spacing-bottom-c\">\n<div class=\"p-s12__feature-image p-spacing-bottom-a\"><img decoding=\"async\" class=\"\" src=\"https:\/\/images.philips.com\/is\/image\/philipsconsumer\/9e30cb4c2efe417f875daf1f014331c7?wid=305&amp;hei=173&amp;$jpglarge$\" alt=\"Mugav laadimine\" \/><\/div>\n<div class=\"p-s12__feature-description p-spacing-bottom-a\">\n<h3 class=\"p-heading-04-large p-heading-bold p-feature-title\">Mugav laadimine<\/h3>\n<p class=\"p-body-copy-02\">Philipsi eesm\u00e4rk on j\u00e4rgida j\u00e4tkusuutlikkust k\u00f5ikides toote loomise etappides. Meie eesm\u00e4rk on v\u00e4hendada j\u00e4\u00e4tmeid ja minimeerida turule toodavate USB-adapterite arvu. Kui vajate adapterit, v\u00f5tke meiega \u00fchendust klienditeeninduskeskuse kaudu: www.philips.com\/support<\/p>\n<\/div>\n<\/div>\n<div class=\"p-s12__feature-item p-spacing-bottom-c\">\n<div class=\"p-s12__feature-image p-spacing-bottom-a\"><img decoding=\"async\" class=\"\" src=\"https:\/\/images.philips.com\/is\/image\/philipsconsumer\/1a87527633694878ac0aaee400e5eaf9?wid=305&amp;hei=173&amp;$jpglarge$\" alt=\"Pardel on varustatud Eco passiga\" \/><\/div>\n<div class=\"p-s12__feature-description p-spacing-bottom-a\">\n<h3 class=\"p-heading-04-large p-heading-bold p-feature-title\">Pardel on varustatud Eco passiga<\/h3>\n<p class=\"p-body-copy-02\">Terade tootmisel kasutame 100% taastuvenergiat ja meie pakend on valmistatud \u00fcmbert\u00f6\u00f6deldavatest materjalidest. K\u00f5ikidel pardlitel on Eco pass.<\/p>\n<\/div>\n<\/div>\n<\/div>\n<\/div>\n<\/div>\n<\/div>\n<\/div>\n<\/section>\n<\/div>","protected":false},"excerpt":{"rendered":"<p>SkinIQ tehnoloogiaga pardel tuvastab teie karvatihedust ja kohandab seadme t\u00f6\u00f6d vastavalt sellele, tagades t\u00e4iustatud nahakaitse. M\u00e4rg- ja kuivkasutus, v\u00e4ljal\u00fckatav t\u00e4ppispiirel. SkinGlide\u2019i r\u00f5ngaste h\u00f5\u00f5rdumisvastane pinnakate ( 250,000 mikrop\u00e4rlit) tekitab v\u00e4hem \u00e4rritust. SteelPrecisioni terad teevad kuni 90 000 liigutust minutis. Liigutusanduri tehnoloogia j\u00e4lgib raseerimistehnikat ja juhendab t\u00f5husama tulemuseni. Bluetooth \u00fchendus Philips GroomTribe\u2019i rakendusega. SkinIQ tehnoloogia nutikas n\u00e4okarvade PowerAdapti andur tuvastab karvatihedust 125 korda sekundist. P\u00f5hjalik 1-minutiline puhastus &#8211; puhastuskapsel puhastab ja \u00f5litab pardlit p\u00f5hjalikult vaid 1 minutiga. 1 tund laadimist 60 minutit t\u00f6\u00f6aega, kiirlaadimine ( 5 min). Komplektis kiirpuhastuskapsel koos kassetiga, puhastusharjake, reisivutlar<\/p>","protected":false},"featured_media":17183,"template":"","meta":{"om_disable_all_campaigns":false,"_uf_show_specific_survey":0,"_uf_disable_surveys":false},"product_brand":[1096],"product_cat":[985],"product_tag":[618],"class_list":{"0":"post-12998","1":"product","2":"type-product","3":"status-publish","4":"has-post-thumbnail","6":"product_brand-philips-ph","7":"product_cat-ilu","8":"product_tag-philips-ph","10":"first","11":"instock","12":"taxable","13":"shipping-taxable","14":"purchasable","15":"product-type-simple"},"aioseo_notices":[],"_links":{"self":[{"href":"https:\/\/homeemotion.lt\/lt\/wp-json\/wp\/v2\/product\/12998","targetHints":{"allow":["GET"]}}],"collection":[{"href":"https:\/\/homeemotion.lt\/lt\/wp-json\/wp\/v2\/product"}],"about":[{"href":"https:\/\/homeemotion.lt\/lt\/wp-json\/wp\/v2\/types\/product"}],"wp:featuredmedia":[{"embeddable":true,"href":"https:\/\/homeemotion.lt\/lt\/wp-json\/wp\/v2\/media\/17183"}],"wp:attachment":[{"href":"https:\/\/homeemotion.lt\/lt\/wp-json\/wp\/v2\/media?parent=12998"}],"wp:term":[{"taxonomy":"product_brand","embeddable":true,"href":"https:\/\/homeemotion.lt\/lt\/wp-json\/wp\/v2\/product_brand?post=12998"},{"taxonomy":"product_cat","embeddable":true,"href":"https:\/\/homeemotion.lt\/lt\/wp-json\/wp\/v2\/product_cat?post=12998"},{"taxonomy":"product_tag","embeddable":true,"href":"https:\/\/homeemotion.lt\/lt\/wp-json\/wp\/v2\/product_tag?post=12998"}],"curies":[{"name":"wp","href":"https:\/\/api.w.org\/{rel}","templated":true}]}}