{"id":12966,"date":"2024-11-01T09:18:44","date_gmt":"2024-11-01T06:18:44","guid":{"rendered":"https:\/\/homeemotion.lt\/?post_type=product&#038;p=12966"},"modified":"2026-04-17T22:12:16","modified_gmt":"2026-04-17T19:12:16","slug":"mini-blender-philips","status":"publish","type":"product","link":"https:\/\/homeemotion.lt\/lt\/toode\/mini-blender-philips\/","title":{"rendered":"Mini blender Philips"},"content":{"rendered":"<p class=\"p-p18v2-pex-area__desc-title pv-subheading--m pv-bold pv-margin-block-end--2xs\">Piiramatu segamine<\/p>\n<p class=\"p-p18v2-pex-area__desc-body pv-body--m pv-margin-block-end--2xs\">Philipsi 5000 seeria kannmikser aitab rikastada teie retseptivalikut. Koguni k\u00fclmutatud puuviljad, j\u00e4\u00e4kuubikud ja p\u00e4hklid peenestatakse ja segatakse \u00fchtlaselt. Elegantne disain kaunistab teie k\u00f6\u00f6gi t\u00f6\u00f6pinda. Eemaldatavad osad on h\u00f5lpsaks puhastamiseks masinpestavad.<\/p>\n<div id=\"see-all-benefits\" class=\"p-s01__pdp-overview-wraper\">\n<div class=\"s01highlight s01-highlights-banner component-base\">\n<section class=\"p-s01-highlights\">\n<div class=\"p-row-gutter p-comp-spacing-bottom\">\n<h3 class=\"p-heading-03 p-heading-medium p-s01__highlights-subtitle\">Valmistage smuutisid, dippe, kastmeid, tainast ja veel palju muud<\/h3>\n<ul class=\"p-bullets p-large p-s01__bullets p-heading-medium\">\n<li class=\"p-s01__bullet\">Kannmikser<\/li>\n<\/ul>\n<\/div>\n<\/section>\n<\/div>\n<\/div>\n<div class=\"productFeatures s12-product-features component-base\">\n<section class=\"p-complete p-s12-product-features\" data-close-popup-label=\"Tagasi\">\n<div class=\"p-row-gutter p-comp-spacing-bottom\">\n<div class=\"p-s12__feature-list\">\n<div class=\"p-s12__row\">\n<div class=\"p-s12__feature-item p-spacing-bottom-c\">\n<div class=\"p-s12__feature-image p-spacing-bottom-a\"><img decoding=\"async\" class=\"\" src=\"https:\/\/images.philips.com\/is\/image\/philipsconsumer\/vrs_72c77d24162b781e2a8bab75e993ad9ea4273ed6?wid=305&amp;hei=173&amp;$jpglarge$\" alt=\"ProBlend Plusi tehnoloogia tagab parima segamise\" \/><\/div>\n<div class=\"p-s12__feature-description p-spacing-bottom-a\">\n<h3 class=\"p-heading-04-large p-heading-bold p-feature-title\">ProBlend Plusi tehnoloogia tagab parima segamise<\/h3>\n<p class=\"p-body-copy-02\">Mootor, tiiviknoad ja kann on m\u00f5eldud \u00fcheskoos t\u00f6\u00f6tamiseks ja parimate tulemuste tagamiseks, et saaksite nautida parimat segamist ka selliste retseptide jaoks, mille puhul kasutatakse j\u00e4\u00e4kuubikuid, p\u00e4hkleid ja k\u00fclmutatud puuvilju.<\/p>\n<\/div>\n<\/div>\n<div class=\"p-s12__feature-item p-spacing-bottom-c\">\n<div class=\"p-s12__feature-image p-spacing-bottom-a\"><img decoding=\"async\" class=\"\" src=\"https:\/\/images.philips.com\/is\/image\/philipsconsumer\/vrs_568129c39399d0fd85be3883881f587f923c5494?wid=305&amp;hei=173&amp;$jpglarge$\" alt=\"800 W ProBlend Plusi mootor h\u00f5lpsaks segamiseks\" \/><\/div>\n<div class=\"p-s12__feature-description p-spacing-bottom-a\">\n<h3 class=\"p-heading-04-large p-heading-bold p-feature-title\">800 W ProBlend Plusi mootor h\u00f5lpsaks segamiseks<\/h3>\n<p class=\"p-body-copy-02\">ProBlend Plusi mootor tagab koostisosade kiire ringluse ja h\u00f5lpsa segamise<\/p>\n<\/div>\n<\/div>\n<div class=\"p-s12__feature-item p-spacing-bottom-c\">\n<div class=\"p-s12__feature-image p-spacing-bottom-a\"><img decoding=\"async\" class=\"\" src=\"https:\/\/images.philips.com\/is\/image\/philipsconsumer\/vrs_6b62d0642e5f8f6c5cf04a2d7aebc26df67cdfdc?wid=305&amp;hei=173&amp;$jpglarge$\" alt=\"ProBlend Plusi tiiviknoad loovad siidise tekstuuri\" \/><\/div>\n<div class=\"p-s12__feature-description p-spacing-bottom-a\">\n<h3 class=\"p-heading-04-large p-heading-bold p-feature-title\">ProBlend Plusi tiiviknoad loovad siidise tekstuuri<\/h3>\n<p class=\"p-body-copy-02\">T\u00e4nu kuuele pikale, paksule ja teravale terale purustavad ProBlend Plusi tiiviknoad ka k\u00f5ige k\u00f5vemad koostisosad, saavutades peenima tekstuuri<\/p>\n<\/div>\n<\/div>\n<\/div>\n<div class=\"p-s12__more-features p-s12__toggle-item\">\n<div class=\"p-s12__more-features--inner\">\n<div class=\"p-s12__row\">\n<div class=\"p-s12__feature-item p-spacing-bottom-c\">\n<div class=\"p-s12__feature-image p-spacing-bottom-a\"><img decoding=\"async\" class=\"\" src=\"https:\/\/images.philips.com\/is\/image\/philipsconsumer\/vrs_767de683a87a6507e9e2ad3c6b8bfc5fcf3344b1?wid=305&amp;hei=173&amp;$jpglarge$\" alt=\"ProBlend Plusi kann koostisosade t\u00e4iusliku ringluse jaoks\" \/><\/div>\n<div class=\"p-s12__feature-description p-spacing-bottom-a\">\n<h3 class=\"p-heading-04-large p-heading-bold p-feature-title\">ProBlend Plusi kann koostisosade t\u00e4iusliku ringluse jaoks<\/h3>\n<p class=\"p-body-copy-02\">T\u00e4nu ProBlend Plusi kannu soontele l\u00fckatakse koostisosad tagasi ringlusesse, et tagada v\u00f5rdne segamine ja \u00fchtlane tulemus.<\/p>\n<\/div>\n<\/div>\n<div class=\"p-s12__feature-item p-spacing-bottom-c\">\n<div class=\"p-s12__feature-image p-spacing-bottom-a\"><img decoding=\"async\" class=\"\" src=\"https:\/\/images.philips.com\/is\/image\/philipsconsumer\/vrs_5eae7515d59cf5e24db4bbdef6b6e01623215363?wid=305&amp;hei=173&amp;$jpglarge$\" alt=\"700 ml kaanega n\u00f5u hoiustamiseks v\u00f5i kasutamiseks liikvel olles\" \/><\/div>\n<div class=\"p-s12__feature-description p-spacing-bottom-a\">\n<h3 class=\"p-heading-04-large p-heading-bold p-feature-title\">700 ml kaanega n\u00f5u hoiustamiseks v\u00f5i kasutamiseks liikvel olles<\/h3>\n<p class=\"p-body-copy-02\">K\u00e4ep\u00e4rane 700 ml n\u00f5u v\u00f5imaldab segu valmis teha ja kohe teele asuda. Valmistage igap\u00e4evane smuuti, seej\u00e4rel pange peale lekkekindel kaas ja v\u00f5tke n\u00f5u endaga kaasa. V\u00f5i pange see hoopis k\u00fclmkappi ja jooge hiljem. N\u00f5u on valmistatud Eastmani tritaanist. See on 100% BPA-vaba, purunemiskindel ja masinpestav.<\/p>\n<\/div>\n<\/div>\n<div class=\"p-s12__feature-item p-spacing-bottom-c\">\n<div class=\"p-s12__feature-image p-spacing-bottom-a\"><img decoding=\"async\" class=\"\" src=\"https:\/\/images.philips.com\/is\/image\/philipsconsumer\/vrs_7456aee2c1391f9e2a4dc02c3d0f9e25bf7d99c2?wid=305&amp;hei=173&amp;$jpglarge$\" alt=\"Elegantne ja kompaktne kujundus sobib igasse k\u00f6\u00f6ki\" \/><\/div>\n<div class=\"p-s12__feature-description p-spacing-bottom-a\">\n<h3 class=\"p-heading-04-large p-heading-bold p-feature-title\">Elegantne ja kompaktne kujundus sobib igasse k\u00f6\u00f6ki<\/h3>\n<p class=\"p-body-copy-02\">Rikastage k\u00f6\u00f6ki stiilse elemendiga. Roostevabast terasest kujundus ja kompaktne aluspind ning eemaldatavad osad lihtsa hoiustamise jaoks.<\/p>\n<\/div>\n<\/div>\n<\/div>\n<div class=\"p-s12__row\">\n<div class=\"p-s12__feature-item p-spacing-bottom-c\">\n<div class=\"p-s12__feature-image p-spacing-bottom-a\"><img decoding=\"async\" class=\"\" src=\"https:\/\/images.philips.com\/is\/image\/philipsconsumer\/vrs_315d026016ce7a9e808db4b3af7e47f3fbad9466?wid=305&amp;hei=173&amp;$jpglarge$\" alt=\"Mitmek\u00fclgne isikup\u00e4rane kannmikser k\u00f5ikide teie lemmikretseptide valmistamiseks\" \/><\/div>\n<div class=\"p-s12__feature-description p-spacing-bottom-a\">\n<h3 class=\"p-heading-04-large p-heading-bold p-feature-title\">Mitmek\u00fclgne isikup\u00e4rane kannmikser k\u00f5ikide teie lemmikretseptide valmistamiseks<\/h3>\n<p class=\"p-body-copy-02\">Nautige erinevaid kodus valmistatavaid retsepte: siidiseid smuutisid, kreemjaid piimakokteile ning rikkalikke ja tihkeid kastmeid.<\/p>\n<\/div>\n<\/div>\n<div class=\"p-s12__feature-item p-spacing-bottom-c\">\n<div class=\"p-s12__feature-image p-spacing-bottom-a\"><img decoding=\"async\" class=\"\" src=\"https:\/\/images.philips.com\/is\/image\/philipsconsumer\/vrs_dc028cb984fe1eb6c1c388762f93c043676d699d?wid=305&amp;hei=173&amp;$jpglarge$\" alt=\"HomeID rakendus kogu inspiratsiooni jaoks, mida vajate\" \/><\/div>\n<div class=\"p-s12__feature-description p-spacing-bottom-a\">\n<h3 class=\"p-heading-04-large p-heading-bold p-feature-title\">HomeID rakendus kogu inspiratsiooni jaoks, mida vajate<\/h3>\n<p class=\"p-body-copy-02\">Avastage imemaitsvate retseptide maailm! Tutvuge HomeID rakenduses h\u00f5rgutavate jookide, suppide, kastmete ja palju muuga! Lisaks on olemas n\u00f5uanded ja juhised kannmikseri kasutamiseks.<\/p>\n<\/div>\n<\/div>\n<div class=\"p-s12__feature-item p-spacing-bottom-c\">\n<div class=\"p-s12__feature-image p-spacing-bottom-a\"><img decoding=\"async\" class=\"\" src=\"https:\/\/images.philips.com\/is\/image\/philipsconsumer\/vrs_26ea4693c5fa3cdad5f9720b2f8b7d9b9daab01f?wid=305&amp;hei=173&amp;$jpglarge$\" alt=\"\u00dche puudutusega vajutamine ja keeramine\" \/><\/div>\n<div class=\"p-s12__feature-description p-spacing-bottom-a\">\n<h3 class=\"p-heading-04-large p-heading-bold p-feature-title\">\u00dche puudutusega vajutamine ja keeramine<\/h3>\n<p class=\"p-body-copy-02\">T\u00e4nu vajutatavale ja keeratavale kannule ei vaja te nuppe ega valikunuppe. Segage h\u00f5lpsalt vaid \u00fche lihtsa liigutusega.<\/p>\n<\/div>\n<\/div>\n<\/div>\n<div class=\"p-s12__row\">\n<div class=\"p-s12__feature-item p-spacing-bottom-c\">\n<div class=\"p-s12__feature-image p-spacing-bottom-a\"><img decoding=\"async\" class=\"\" src=\"https:\/\/images.philips.com\/is\/image\/philipsconsumer\/vrs_d435e04e5c6187ab034954069efe4961268d23c9?wid=305&amp;hei=173&amp;$jpglarge$\" alt=\"Eemaldatavaid l\u00f5iketerasid on kerge puhastada\" \/><\/div>\n<div class=\"p-s12__feature-description p-spacing-bottom-a\">\n<h3 class=\"p-heading-04-large p-heading-bold p-feature-title\">Eemaldatavaid l\u00f5iketerasid on kerge puhastada<\/h3>\n<p class=\"p-body-copy-02\">Loputage eemaldatavaid tiiviknuge kraanivee all v\u00f5i pange need p\u00f5hjalikuma pesemise jaoks n\u00f5udepesumasinasse.<\/p>\n<\/div>\n<\/div>\n<div class=\"p-s12__feature-item p-spacing-bottom-c\">\n<div class=\"p-s12__feature-image p-spacing-bottom-a\"><img decoding=\"async\" class=\"\" src=\"https:\/\/images.philips.com\/is\/image\/philipsconsumer\/vrs_a2d830d01b764308140068d95f48b7d869c5b06c?wid=305&amp;hei=173&amp;$jpglarge$\" alt=\"Masinpestav igap\u00e4evaseks murevabaks kasutamiseks\" \/><\/div>\n<div class=\"p-s12__feature-description p-spacing-bottom-a\">\n<h3 class=\"p-heading-04-large p-heading-bold p-feature-title\">Masinpestav igap\u00e4evaseks murevabaks kasutamiseks<\/h3>\n<p class=\"p-body-copy-02\">K\u00f5iki eemaldatavaid osi saab h\u00f5lpsalt loputada ja need on masinpestavad. Eastmani tritaanist vastupidavad kannud ja n\u00f5ud peavad vastu igap\u00e4evastele pesuts\u00fcklitele ning tagavad pikaajalise kasutamise.<\/p>\n<\/div>\n<\/div>\n<\/div>\n<\/div>\n<\/div>\n<\/div>\n<\/div>\n<\/section>\n<\/div>","protected":false},"excerpt":{"rendered":"<p>Mini blender. . 700ml Tritan kann. ProBlend Plus kuueharuline l\u00f5iketera. Eemaldatavad osad on masinpestavad. V\u00e4rv: must\/h\u00f5bedane<\/p>\n<p>V\u00f5imsus: 800 W | V\u00e4rv: must\/h\u00f5bedane<\/p>","protected":false},"featured_media":17104,"template":"","meta":{"om_disable_all_campaigns":false,"_uf_show_specific_survey":0,"_uf_disable_surveys":false},"product_brand":[1101],"product_cat":[955],"product_tag":[606],"class_list":{"0":"post-12966","1":"product","2":"type-product","3":"status-publish","4":"has-post-thumbnail","6":"product_brand-philips-da","7":"product_cat-kodu","8":"product_tag-philips-da","10":"first","11":"instock","12":"taxable","13":"shipping-taxable","14":"purchasable","15":"product-type-simple"},"aioseo_notices":[],"_links":{"self":[{"href":"https:\/\/homeemotion.lt\/lt\/wp-json\/wp\/v2\/product\/12966","targetHints":{"allow":["GET"]}}],"collection":[{"href":"https:\/\/homeemotion.lt\/lt\/wp-json\/wp\/v2\/product"}],"about":[{"href":"https:\/\/homeemotion.lt\/lt\/wp-json\/wp\/v2\/types\/product"}],"wp:featuredmedia":[{"embeddable":true,"href":"https:\/\/homeemotion.lt\/lt\/wp-json\/wp\/v2\/media\/17104"}],"wp:attachment":[{"href":"https:\/\/homeemotion.lt\/lt\/wp-json\/wp\/v2\/media?parent=12966"}],"wp:term":[{"taxonomy":"product_brand","embeddable":true,"href":"https:\/\/homeemotion.lt\/lt\/wp-json\/wp\/v2\/product_brand?post=12966"},{"taxonomy":"product_cat","embeddable":true,"href":"https:\/\/homeemotion.lt\/lt\/wp-json\/wp\/v2\/product_cat?post=12966"},{"taxonomy":"product_tag","embeddable":true,"href":"https:\/\/homeemotion.lt\/lt\/wp-json\/wp\/v2\/product_tag?post=12966"}],"curies":[{"name":"wp","href":"https:\/\/api.w.org\/{rel}","templated":true}]}}