{"id":12929,"date":"2024-10-31T13:30:09","date_gmt":"2024-10-31T10:30:09","guid":{"rendered":"https:\/\/homeemotion.lt\/?post_type=product&#038;p=12929"},"modified":"2026-04-17T20:11:44","modified_gmt":"2026-04-17T17:11:44","slug":"veekeetja-domo-17l-2","status":"publish","type":"product","link":"https:\/\/homeemotion.lt\/lt\/toode\/veekeetja-domo-17l-2\/","title":{"rendered":"\"Domo\" 1,7 l elektrinis virdulys, antracito spalvos"},"content":{"rendered":"","protected":false},"excerpt":{"rendered":"<p>Maht 1,7 L. Automaatne v\u00e4ljal\u00fclitus. Veetaseme n\u00e4idik. Valgustatud sisse- ja v\u00e4ljal\u00fclitamise nupp. Kaetud k\u00fcttekeha. 360\u00b0 alusel p\u00f6\u00f6ratav. V\u00e4rv: antratsiit hall<\/p>\n<p>V\u00f5imsus 2200 W | V\u00e4rv: antratsiit hall<\/p>","protected":false},"featured_media":16977,"template":"","meta":{"om_disable_all_campaigns":false,"_uf_show_specific_survey":0,"_uf_disable_surveys":false},"product_brand":[933],"product_cat":[1006,1001,1010],"product_tag":[116],"class_list":{"0":"post-12929","1":"product","2":"type-product","3":"status-publish","4":"has-post-thumbnail","6":"product_brand-domo","7":"product_cat-koogitehnika-tehnika","8":"product_cat-tehnika","9":"product_cat-veekeetjad","10":"product_tag-domo","12":"first","13":"instock","14":"taxable","15":"shipping-taxable","16":"purchasable","17":"product-type-simple"},"aioseo_notices":[],"_links":{"self":[{"href":"https:\/\/homeemotion.lt\/lt\/wp-json\/wp\/v2\/product\/12929","targetHints":{"allow":["GET"]}}],"collection":[{"href":"https:\/\/homeemotion.lt\/lt\/wp-json\/wp\/v2\/product"}],"about":[{"href":"https:\/\/homeemotion.lt\/lt\/wp-json\/wp\/v2\/types\/product"}],"wp:featuredmedia":[{"embeddable":true,"href":"https:\/\/homeemotion.lt\/lt\/wp-json\/wp\/v2\/media\/16977"}],"wp:attachment":[{"href":"https:\/\/homeemotion.lt\/lt\/wp-json\/wp\/v2\/media?parent=12929"}],"wp:term":[{"taxonomy":"product_brand","embeddable":true,"href":"https:\/\/homeemotion.lt\/lt\/wp-json\/wp\/v2\/product_brand?post=12929"},{"taxonomy":"product_cat","embeddable":true,"href":"https:\/\/homeemotion.lt\/lt\/wp-json\/wp\/v2\/product_cat?post=12929"},{"taxonomy":"product_tag","embeddable":true,"href":"https:\/\/homeemotion.lt\/lt\/wp-json\/wp\/v2\/product_tag?post=12929"}],"curies":[{"name":"wp","href":"https:\/\/api.w.org\/{rel}","templated":true}]}}