{"id":12881,"date":"2024-10-31T12:28:35","date_gmt":"2024-10-31T09:28:35","guid":{"rendered":"https:\/\/homeemotion.lt\/?post_type=product&#038;p=12881"},"modified":"2026-04-17T14:38:03","modified_gmt":"2026-04-17T11:38:03","slug":"kuumaohu-frituur-domo-6l-valge","status":"publish","type":"product","link":"https:\/\/homeemotion.lt\/lt\/toode\/kuumaohu-frituur-domo-6l-valge\/","title":{"rendered":"\"Domo\" 6 l kar\u0161to oro keptuv\u0117, balta"},"content":{"rendered":"<p>T\u00e4nu DOMO kuuma\u00f5hu frit\u00fc\u00fcrile saate nautida &#8220;friteeritud&#8221; suupisteid ja kr\u00f5pse tervislikul viisil. See kuuma\u00f5hu frit\u00fc\u00fcr kasutab 80% v\u00e4hem rasva kui traditsiooniline frit\u00fc\u00fcr. Lisaks saate seda seadet kasutada lisaks kr\u00f5psudele, krokettidele v\u00f5i suupistetele ka liha, kala v\u00f5i isegi kookide valmistamiseks. Frit\u00fc\u00fcr sobib ideaalselt ka k\u00f6\u00f6giviljade r\u00f6stimiseks v\u00f5i k\u00fcpsetamiseks. T\u00e4nu vaateaknale ja sisevalgustusele saate kogu k\u00fcpsetusprotsessil valvsalt j\u00e4lgida. Selle rikkalik kuueliitrine mahutavus muudab selle \u00f5hkfrit\u00fc\u00fcri piisavalt suureks, et toita kogu pere. T\u00e4nu k\u00e4epidemele v\u00f5imaldab see frittimiskorvi lihtsalt ja turvaliselt korralikult raputada \u2013 ja frit\u00fc\u00fcr tuletab isegi meelde, millal on aeg seda teha!<\/p>","protected":false},"excerpt":{"rendered":"<p>Kuuma\u00f5huga frit\u00fc\u00fcr: kuni 80% v\u00e4hem rasva kui tavaline praadimine. Kiire \u00f5huringlus kiireks ja madala energiaga praadimiseks. Saab valmistada friikartulit, krokettit, suupisteid, kana, liha, quiche, kooki, jne. Mahutavus: 6L &#8211; 1,5 kg. Vaateaken. Sisevalgustus. Reguleeritav temperatuur vahemikus 80 \u00b0 C kuni 220 \u00b0 C. Taimer kuni 60 minutit. 8 automaatprogrammi. Mittenakkuva kattega grillpann. LCD-ekraan. Korpus plastikust. \u00dclekuumenemiskaitse<\/p>","protected":false},"featured_media":16901,"template":"","meta":{"om_disable_all_campaigns":false,"_uf_show_specific_survey":0,"_uf_disable_surveys":false},"product_brand":[933],"product_cat":[1019,955,973],"product_tag":[116],"class_list":{"0":"post-12881","1":"product","2":"type-product","3":"status-publish","4":"has-post-thumbnail","6":"product_brand-domo","7":"product_cat-frituurid","8":"product_cat-kodu","9":"product_cat-koogitehnika","10":"product_tag-domo","12":"first","13":"instock","14":"taxable","15":"shipping-taxable","16":"purchasable","17":"product-type-simple"},"aioseo_notices":[],"_links":{"self":[{"href":"https:\/\/homeemotion.lt\/lt\/wp-json\/wp\/v2\/product\/12881","targetHints":{"allow":["GET"]}}],"collection":[{"href":"https:\/\/homeemotion.lt\/lt\/wp-json\/wp\/v2\/product"}],"about":[{"href":"https:\/\/homeemotion.lt\/lt\/wp-json\/wp\/v2\/types\/product"}],"wp:featuredmedia":[{"embeddable":true,"href":"https:\/\/homeemotion.lt\/lt\/wp-json\/wp\/v2\/media\/16901"}],"wp:attachment":[{"href":"https:\/\/homeemotion.lt\/lt\/wp-json\/wp\/v2\/media?parent=12881"}],"wp:term":[{"taxonomy":"product_brand","embeddable":true,"href":"https:\/\/homeemotion.lt\/lt\/wp-json\/wp\/v2\/product_brand?post=12881"},{"taxonomy":"product_cat","embeddable":true,"href":"https:\/\/homeemotion.lt\/lt\/wp-json\/wp\/v2\/product_cat?post=12881"},{"taxonomy":"product_tag","embeddable":true,"href":"https:\/\/homeemotion.lt\/lt\/wp-json\/wp\/v2\/product_tag?post=12881"}],"curies":[{"name":"wp","href":"https:\/\/api.w.org\/{rel}","templated":true}]}}