{"id":12828,"date":"2024-07-25T14:37:25","date_gmt":"2024-07-25T11:37:25","guid":{"rendered":"https:\/\/homeemotion.lt\/?post_type=product&#038;p=12828"},"modified":"2026-04-18T17:11:10","modified_gmt":"2026-04-18T14:11:10","slug":"tolmukotid-domo-tolmuimejale-do1033s","status":"publish","type":"product","link":"https:\/\/homeemotion.lt\/lt\/toode\/tolmukotid-domo-tolmuimejale-do1033s\/","title":{"rendered":"Dulki\u0173 mai\u0161eliai, skirti Domo dulki\u0173 siurbliui DO1033S"},"content":{"rendered":"","protected":false},"excerpt":{"rendered":"<p>Tolmukotid sobivad Domo tolmuimeja mudelitele DO1033S. Pakis on 10tk.<\/p>","protected":false},"featured_media":16896,"template":"","meta":{"om_disable_all_campaigns":false,"_uf_show_specific_survey":0,"_uf_disable_surveys":false},"product_brand":[933],"product_cat":[1001],"product_tag":[116],"class_list":{"0":"post-12828","1":"product","2":"type-product","3":"status-publish","4":"has-post-thumbnail","6":"product_brand-domo","7":"product_cat-tehnika","8":"product_tag-domo","10":"first","11":"instock","12":"taxable","13":"shipping-taxable","14":"purchasable","15":"product-type-simple"},"aioseo_notices":[],"_links":{"self":[{"href":"https:\/\/homeemotion.lt\/lt\/wp-json\/wp\/v2\/product\/12828","targetHints":{"allow":["GET"]}}],"collection":[{"href":"https:\/\/homeemotion.lt\/lt\/wp-json\/wp\/v2\/product"}],"about":[{"href":"https:\/\/homeemotion.lt\/lt\/wp-json\/wp\/v2\/types\/product"}],"wp:featuredmedia":[{"embeddable":true,"href":"https:\/\/homeemotion.lt\/lt\/wp-json\/wp\/v2\/media\/16896"}],"wp:attachment":[{"href":"https:\/\/homeemotion.lt\/lt\/wp-json\/wp\/v2\/media?parent=12828"}],"wp:term":[{"taxonomy":"product_brand","embeddable":true,"href":"https:\/\/homeemotion.lt\/lt\/wp-json\/wp\/v2\/product_brand?post=12828"},{"taxonomy":"product_cat","embeddable":true,"href":"https:\/\/homeemotion.lt\/lt\/wp-json\/wp\/v2\/product_cat?post=12828"},{"taxonomy":"product_tag","embeddable":true,"href":"https:\/\/homeemotion.lt\/lt\/wp-json\/wp\/v2\/product_tag?post=12828"}],"curies":[{"name":"wp","href":"https:\/\/api.w.org\/{rel}","templated":true}]}}