{"id":12816,"date":"2024-07-23T14:54:40","date_gmt":"2024-07-23T11:54:40","guid":{"rendered":"https:\/\/homeemotion.lt\/?post_type=product&#038;p=12816"},"modified":"2026-04-17T17:36:30","modified_gmt":"2026-04-17T14:36:30","slug":"tolmuimeja-domo","status":"publish","type":"product","link":"https:\/\/homeemotion.lt\/lt\/toode\/tolmuimeja-domo\/","title":{"rendered":"Dulki\u0173 siurblys Domo 450W 1,5l"},"content":{"rendered":"","protected":false},"excerpt":{"rendered":"<p>Dulki\u0173 mai\u0161elio talpa: 1,5 l. Plastikiniai vamzd\u017eiai 84 cm. Automatinis virv\u0117s vyniojimas. EPA10 filtras. Laido ilgis: 4,5 m. Triuk\u0161mo lygis: 80 dB. komplekte: \u0161epe\u010dio antgalis baldams, siaurinimo antgalis. Darbinis spindulys 7 m. Galingumas: 450 W.<\/p>\n<p>Galia: 450 W<\/p>","protected":false},"featured_media":16895,"template":"","meta":{"om_disable_all_campaigns":false,"_uf_show_specific_survey":0,"_uf_disable_surveys":false},"product_brand":[933],"product_cat":[1002,1001,1024],"product_tag":[116],"class_list":{"0":"post-12816","1":"product","2":"type-product","3":"status-publish","4":"has-post-thumbnail","6":"product_brand-domo","7":"product_cat-kodutehnika","8":"product_cat-tehnika","9":"product_cat-tolmuimejad-tolmukotiga","10":"product_tag-domo","12":"first","13":"instock","14":"taxable","15":"shipping-taxable","16":"purchasable","17":"product-type-simple"},"aioseo_notices":[],"_links":{"self":[{"href":"https:\/\/homeemotion.lt\/lt\/wp-json\/wp\/v2\/product\/12816","targetHints":{"allow":["GET"]}}],"collection":[{"href":"https:\/\/homeemotion.lt\/lt\/wp-json\/wp\/v2\/product"}],"about":[{"href":"https:\/\/homeemotion.lt\/lt\/wp-json\/wp\/v2\/types\/product"}],"wp:featuredmedia":[{"embeddable":true,"href":"https:\/\/homeemotion.lt\/lt\/wp-json\/wp\/v2\/media\/16895"}],"wp:attachment":[{"href":"https:\/\/homeemotion.lt\/lt\/wp-json\/wp\/v2\/media?parent=12816"}],"wp:term":[{"taxonomy":"product_brand","embeddable":true,"href":"https:\/\/homeemotion.lt\/lt\/wp-json\/wp\/v2\/product_brand?post=12816"},{"taxonomy":"product_cat","embeddable":true,"href":"https:\/\/homeemotion.lt\/lt\/wp-json\/wp\/v2\/product_cat?post=12816"},{"taxonomy":"product_tag","embeddable":true,"href":"https:\/\/homeemotion.lt\/lt\/wp-json\/wp\/v2\/product_tag?post=12816"}],"curies":[{"name":"wp","href":"https:\/\/api.w.org\/{rel}","templated":true}]}}