{"id":12768,"date":"2024-05-27T16:11:19","date_gmt":"2024-05-27T13:11:19","guid":{"rendered":"https:\/\/homeemotion.lt\/?post_type=product&#038;p=12768"},"modified":"2026-04-18T17:11:12","modified_gmt":"2026-04-18T14:11:12","slug":"ventilaator-jalaga-domo-40cm","status":"publish","type":"product","link":"https:\/\/homeemotion.lt\/lt\/toode\/ventilaator-jalaga-domo-40cm\/","title":{"rendered":"Ventiliatorius su koja Domo 40cm"},"content":{"rendered":"","protected":false},"excerpt":{"rendered":"<p>Ventilaatoril on kolm kiirust. . M\u00f5\u00f5dud: \u00d8 40 cm. Max. k\u00f5rgus 120 cm. V\u00e4rvus: must<\/p>\n<p>V\u00f5imsus 40 W<\/p>","protected":false},"featured_media":16950,"template":"","meta":{"om_disable_all_campaigns":false,"_uf_show_specific_survey":0,"_uf_disable_surveys":false},"product_brand":[933],"product_cat":[1002,1001,1058],"product_tag":[116],"class_list":{"0":"post-12768","1":"product","2":"type-product","3":"status-publish","4":"has-post-thumbnail","6":"product_brand-domo","7":"product_cat-kodutehnika","8":"product_cat-tehnika","9":"product_cat-ventilaatorid","10":"product_tag-domo","12":"first","13":"instock","14":"taxable","15":"shipping-taxable","16":"purchasable","17":"product-type-simple"},"aioseo_notices":[],"_links":{"self":[{"href":"https:\/\/homeemotion.lt\/lt\/wp-json\/wp\/v2\/product\/12768","targetHints":{"allow":["GET"]}}],"collection":[{"href":"https:\/\/homeemotion.lt\/lt\/wp-json\/wp\/v2\/product"}],"about":[{"href":"https:\/\/homeemotion.lt\/lt\/wp-json\/wp\/v2\/types\/product"}],"wp:featuredmedia":[{"embeddable":true,"href":"https:\/\/homeemotion.lt\/lt\/wp-json\/wp\/v2\/media\/16950"}],"wp:attachment":[{"href":"https:\/\/homeemotion.lt\/lt\/wp-json\/wp\/v2\/media?parent=12768"}],"wp:term":[{"taxonomy":"product_brand","embeddable":true,"href":"https:\/\/homeemotion.lt\/lt\/wp-json\/wp\/v2\/product_brand?post=12768"},{"taxonomy":"product_cat","embeddable":true,"href":"https:\/\/homeemotion.lt\/lt\/wp-json\/wp\/v2\/product_cat?post=12768"},{"taxonomy":"product_tag","embeddable":true,"href":"https:\/\/homeemotion.lt\/lt\/wp-json\/wp\/v2\/product_tag?post=12768"}],"curies":[{"name":"wp","href":"https:\/\/api.w.org\/{rel}","templated":true}]}}