{"id":12753,"date":"2024-05-27T10:55:13","date_gmt":"2024-05-27T07:55:13","guid":{"rendered":"https:\/\/homeemotion.lt\/?post_type=product&#038;p=12753"},"modified":"2026-04-17T20:36:05","modified_gmt":"2026-04-17T17:36:05","slug":"pann-pal-zen-24cm","status":"publish","type":"product","link":"https:\/\/homeemotion.lt\/lt\/toode\/pann-pal-zen-24cm\/","title":{"rendered":"Zen 24 cm keptuv\u0117 su nelimpan\u010dia danga"},"content":{"rendered":"<ul>\n<li>ZEN tooted on valmistatud 100% taaskasutatud alumiiniumist<\/li>\n<li>Mittenakkuvat katet tootev tehas v\u00f5tab aktiivseid meetmeid oma CO2 jalaj\u00e4lje v\u00e4hendamiseks ja kompenseerimiseks ning selle tulemusel saavutatakse CO2 neutraalne tootmine<\/li>\n<li>Tootepakendi jaoks kasutatav paber on valmistatud taaskasutatud toorainest ja omab seda t\u00f5endavat FSC sertifikaati<\/li>\n<\/ul>","protected":false},"excerpt":{"rendered":"<p>ZEN tooted on valmistatud 100% taaskasutatud alumiiniumist Mittenakkuvat katet tootev tehas v\u00f5tab aktiivseid meetmeid oma CO2 jalaj\u00e4lje v\u00e4hendamiseks ja kompenseerimiseks ning selle tulemusel saavutatakse CO2 neutraalne tootmine Tootepakendi jaoks kasutatav paber on valmistatud taaskasutatud toorainest ja omab seda t\u00f5endavat FSC sertifikaati<\/p>","protected":false},"featured_media":16554,"template":"","meta":{"om_disable_all_campaigns":false,"_uf_show_specific_survey":0,"_uf_disable_surveys":false},"product_brand":[1080],"product_cat":[955,956,995],"product_tag":[466],"class_list":{"0":"post-12753","1":"product","2":"type-product","3":"status-publish","4":"has-post-thumbnail","6":"product_brand-pal","7":"product_cat-kodu","8":"product_cat-koogitarvikud","9":"product_cat-pannid","10":"product_tag-pal","12":"first","13":"instock","14":"taxable","15":"shipping-taxable","16":"purchasable","17":"product-type-simple"},"aioseo_notices":[],"_links":{"self":[{"href":"https:\/\/homeemotion.lt\/lt\/wp-json\/wp\/v2\/product\/12753","targetHints":{"allow":["GET"]}}],"collection":[{"href":"https:\/\/homeemotion.lt\/lt\/wp-json\/wp\/v2\/product"}],"about":[{"href":"https:\/\/homeemotion.lt\/lt\/wp-json\/wp\/v2\/types\/product"}],"wp:featuredmedia":[{"embeddable":true,"href":"https:\/\/homeemotion.lt\/lt\/wp-json\/wp\/v2\/media\/16554"}],"wp:attachment":[{"href":"https:\/\/homeemotion.lt\/lt\/wp-json\/wp\/v2\/media?parent=12753"}],"wp:term":[{"taxonomy":"product_brand","embeddable":true,"href":"https:\/\/homeemotion.lt\/lt\/wp-json\/wp\/v2\/product_brand?post=12753"},{"taxonomy":"product_cat","embeddable":true,"href":"https:\/\/homeemotion.lt\/lt\/wp-json\/wp\/v2\/product_cat?post=12753"},{"taxonomy":"product_tag","embeddable":true,"href":"https:\/\/homeemotion.lt\/lt\/wp-json\/wp\/v2\/product_tag?post=12753"}],"curies":[{"name":"wp","href":"https:\/\/api.w.org\/{rel}","templated":true}]}}