{"id":12659,"date":"2024-02-02T15:00:40","date_gmt":"2024-02-02T12:00:40","guid":{"rendered":"https:\/\/homeemotion.lt\/?post_type=product&#038;p=12659"},"modified":"2026-04-17T21:37:05","modified_gmt":"2026-04-17T18:37:05","slug":"trimmeri-komplekt-babyliss-15-in-1","status":"publish","type":"product","link":"https:\/\/homeemotion.lt\/lt\/toode\/trimmeri-komplekt-babyliss-15-in-1\/","title":{"rendered":"Trimeri\u0173 rinkinys Babyliss 15 in 1"},"content":{"rendered":"","protected":false},"excerpt":{"rendered":"<p>Trimmeri komplekt 15 in 1 Super X Metal Gold &amp; Navy. Jaapani roostevabast terasest valmistatud t\u00e4psed terad sujuvaks l\u00f5ikamiseks. Liitiumioonaku pikaajaliseks juhtmevabaks toimimiseks. Kuni 5-tundi juhtmevaba kasutamist v\u00f5i 20-minutilise kiirlaadimisega kuni 40-minutit. Tugev metallist k\u00e4epide. 100% veekindel. 4 vahetatavat magnetkinnitusega l\u00f5ikepead. Juuksel\u00f5ikusmasin. Habeme ja keha trimmer. T\u00e4ppis pardel. Nina-k\u00f5rva trimmer. 4 habemekammi 5, 6, 7 ja 8 mm. 3 juuksekammi 9, 12 ja 16 mm. 2 kehakammi 3 ja 4 mm. 2 kulmukammi 3 ja 4 mm. Digitaaln\u00e4idik, mis n\u00e4itab laadimise edenemist ja aku j\u00e4\u00e4klaetust. 10 kammijuhikut 0,5-8 (l\u00f5ikepikkused 0,8-25 mm) ja juhikud kummagi k\u00f5rva\u00e4\u00e4rse juuksepiiri jaoks komplektis. K\u00f5va reisivutlar<\/p>","protected":false},"featured_media":17166,"template":"","meta":{"om_disable_all_campaigns":false,"_uf_show_specific_survey":0,"_uf_disable_surveys":false},"product_brand":[1087],"product_cat":[985,986,991],"product_tag":[19],"class_list":{"0":"post-12659","1":"product","2":"type-product","3":"status-publish","4":"has-post-thumbnail","6":"product_brand-babyliss","7":"product_cat-ilu","8":"product_cat-ilutooted","9":"product_cat-trimmerid","10":"product_tag-babyliss","12":"first","13":"instock","14":"taxable","15":"shipping-taxable","16":"purchasable","17":"product-type-simple"},"aioseo_notices":[],"_links":{"self":[{"href":"https:\/\/homeemotion.lt\/lt\/wp-json\/wp\/v2\/product\/12659","targetHints":{"allow":["GET"]}}],"collection":[{"href":"https:\/\/homeemotion.lt\/lt\/wp-json\/wp\/v2\/product"}],"about":[{"href":"https:\/\/homeemotion.lt\/lt\/wp-json\/wp\/v2\/types\/product"}],"wp:featuredmedia":[{"embeddable":true,"href":"https:\/\/homeemotion.lt\/lt\/wp-json\/wp\/v2\/media\/17166"}],"wp:attachment":[{"href":"https:\/\/homeemotion.lt\/lt\/wp-json\/wp\/v2\/media?parent=12659"}],"wp:term":[{"taxonomy":"product_brand","embeddable":true,"href":"https:\/\/homeemotion.lt\/lt\/wp-json\/wp\/v2\/product_brand?post=12659"},{"taxonomy":"product_cat","embeddable":true,"href":"https:\/\/homeemotion.lt\/lt\/wp-json\/wp\/v2\/product_cat?post=12659"},{"taxonomy":"product_tag","embeddable":true,"href":"https:\/\/homeemotion.lt\/lt\/wp-json\/wp\/v2\/product_tag?post=12659"}],"curies":[{"name":"wp","href":"https:\/\/api.w.org\/{rel}","templated":true}]}}