{"id":12650,"date":"2024-02-02T14:48:09","date_gmt":"2024-02-02T11:48:09","guid":{"rendered":"https:\/\/homeemotion.lt\/?post_type=product&#038;p=12650"},"modified":"2026-04-21T12:44:16","modified_gmt":"2026-04-21T09:44:16","slug":"juukseloikur-babyliss-2","status":"publish","type":"product","link":"https:\/\/homeemotion.lt\/lt\/toode\/juukseloikur-babyliss-2\/","title":{"rendered":"Juuksel\u00f5ikur Babyliss,NavyGold"},"content":{"rendered":"","protected":false},"excerpt":{"rendered":"<p>Juuksel\u00f5ikur Super X Metal Gold &amp; Navy. Jaapani roostevabast terasest valmistatud t\u00e4psed 45 mm XL terad sujuvaks l\u00f5ikamiseks. Liitiumioonaku pikaajaliseks juhtmevabaks toimimiseks. Kuni 3-tundi juhtmevaba kasutamist v\u00f5i 20-minutilise kiirlaadimisega kuni 20-minutit. Tugev metallist k\u00e4epide. Peenreguleerimishoob peente l\u00f5igete ning veelgi t\u00e4psemate \u00fcleminekute ja viimistluse jaoks. Digitaaln\u00e4idik, mis n\u00e4itab laadimise edenemist ja aku j\u00e4\u00e4klaetust. 10 kammijuhikut 0,5-8 (l\u00f5ikepikkused 0,8-25 mm) ja juhikud kummagi k\u00f5rva\u00e4\u00e4rse juuksepiiri jaoks komplektis. K\u00f5va reisivutlar<\/p>","protected":false},"featured_media":17007,"template":"","meta":{"om_disable_all_campaigns":false,"_uf_show_specific_survey":0,"_uf_disable_surveys":false},"product_brand":[1087],"product_cat":[985,986,1049],"product_tag":[19],"class_list":{"0":"post-12650","1":"product","2":"type-product","3":"status-publish","4":"has-post-thumbnail","6":"product_brand-babyliss","7":"product_cat-ilu","8":"product_cat-ilutooted","9":"product_cat-juukseloikurid","10":"product_tag-babyliss","12":"first","13":"instock","14":"taxable","15":"shipping-taxable","16":"purchasable","17":"product-type-simple"},"aioseo_notices":[],"_links":{"self":[{"href":"https:\/\/homeemotion.lt\/lt\/wp-json\/wp\/v2\/product\/12650","targetHints":{"allow":["GET"]}}],"collection":[{"href":"https:\/\/homeemotion.lt\/lt\/wp-json\/wp\/v2\/product"}],"about":[{"href":"https:\/\/homeemotion.lt\/lt\/wp-json\/wp\/v2\/types\/product"}],"wp:featuredmedia":[{"embeddable":true,"href":"https:\/\/homeemotion.lt\/lt\/wp-json\/wp\/v2\/media\/17007"}],"wp:attachment":[{"href":"https:\/\/homeemotion.lt\/lt\/wp-json\/wp\/v2\/media?parent=12650"}],"wp:term":[{"taxonomy":"product_brand","embeddable":true,"href":"https:\/\/homeemotion.lt\/lt\/wp-json\/wp\/v2\/product_brand?post=12650"},{"taxonomy":"product_cat","embeddable":true,"href":"https:\/\/homeemotion.lt\/lt\/wp-json\/wp\/v2\/product_cat?post=12650"},{"taxonomy":"product_tag","embeddable":true,"href":"https:\/\/homeemotion.lt\/lt\/wp-json\/wp\/v2\/product_tag?post=12650"}],"curies":[{"name":"wp","href":"https:\/\/api.w.org\/{rel}","templated":true}]}}