{"id":12639,"date":"2024-02-02T13:12:39","date_gmt":"2024-02-02T10:12:39","guid":{"rendered":"https:\/\/homeemotion.lt\/?post_type=product&#038;p=12639"},"modified":"2026-04-17T14:38:05","modified_gmt":"2026-04-17T11:38:05","slug":"nina-ja-korvakarva-loikuri-komplekt","status":"publish","type":"product","link":"https:\/\/homeemotion.lt\/lt\/toode\/nina-ja-korvakarva-loikuri-komplekt\/","title":{"rendered":"Nosies ir aus\u0173 plauk\u0173 kirpimo ma\u0161in\u0117li\u0173 rinkinys"},"content":{"rendered":"","protected":false},"excerpt":{"rendered":"<p>Nina- ja k\u00f5rvakarva l\u00f5ikuri komplekt Super X Metal Gold &amp; Navy. Komplektis: nina ja k\u00f5rva trimmer. 2 kulmukammi 3 ja 5 mm. Pestavad pead. S\u00e4ilituskott. T\u00f6\u00f6tab patarei toitel &#8211; 1 x AA patarei (komplektis kaasas)<\/p>","protected":false},"featured_media":16986,"template":"","meta":{"om_disable_all_campaigns":false,"_uf_show_specific_survey":0,"_uf_disable_surveys":false},"product_brand":[1087],"product_cat":[985,986,991],"product_tag":[19],"class_list":{"0":"post-12639","1":"product","2":"type-product","3":"status-publish","4":"has-post-thumbnail","6":"product_brand-babyliss","7":"product_cat-ilu","8":"product_cat-ilutooted","9":"product_cat-trimmerid","10":"product_tag-babyliss","12":"first","13":"instock","14":"taxable","15":"shipping-taxable","16":"purchasable","17":"product-type-simple"},"aioseo_notices":[],"_links":{"self":[{"href":"https:\/\/homeemotion.lt\/lt\/wp-json\/wp\/v2\/product\/12639","targetHints":{"allow":["GET"]}}],"collection":[{"href":"https:\/\/homeemotion.lt\/lt\/wp-json\/wp\/v2\/product"}],"about":[{"href":"https:\/\/homeemotion.lt\/lt\/wp-json\/wp\/v2\/types\/product"}],"wp:featuredmedia":[{"embeddable":true,"href":"https:\/\/homeemotion.lt\/lt\/wp-json\/wp\/v2\/media\/16986"}],"wp:attachment":[{"href":"https:\/\/homeemotion.lt\/lt\/wp-json\/wp\/v2\/media?parent=12639"}],"wp:term":[{"taxonomy":"product_brand","embeddable":true,"href":"https:\/\/homeemotion.lt\/lt\/wp-json\/wp\/v2\/product_brand?post=12639"},{"taxonomy":"product_cat","embeddable":true,"href":"https:\/\/homeemotion.lt\/lt\/wp-json\/wp\/v2\/product_cat?post=12639"},{"taxonomy":"product_tag","embeddable":true,"href":"https:\/\/homeemotion.lt\/lt\/wp-json\/wp\/v2\/product_tag?post=12639"}],"curies":[{"name":"wp","href":"https:\/\/api.w.org\/{rel}","templated":true}]}}