{"id":12629,"date":"2024-02-01T17:23:43","date_gmt":"2024-02-01T14:23:43","guid":{"rendered":"https:\/\/homeemotion.lt\/?post_type=product&#038;p=12629"},"modified":"2026-04-21T14:13:23","modified_gmt":"2026-04-21T11:13:23","slug":"juukseloikur-babyliss","status":"publish","type":"product","link":"https:\/\/homeemotion.lt\/lt\/toode\/juukseloikur-babyliss\/","title":{"rendered":"\"Babyliss\" plauk\u0173 kirpimo ma\u0161in\u0117l\u0117, metalin\u0117, \u012fkraunama"},"content":{"rendered":"","protected":false},"excerpt":{"rendered":"<p>Tiksl\u016bs a\u0161menys pagaminti i\u0161 japoni\u0161ko ner\u016bdijan\u010diojo plieno, kad pjovimas b\u016bt\u0173 sklandus. Li\u010dio jon\u0173 akumuliatorius u\u017etikrina ilgalaik\u012f belaid\u012f veikim\u0105. Iki 3 val. belaid\u017eio naudojimo arba iki 20 min. su 20 min. greituoju \u012fkrovimu. Tvirta metalin\u0117 rankena. Smulkaus reguliavimo ranken\u0117l\u0117, skirta smulkiems pj\u016bviams ir dar tikslesniems per\u0117jimams bei apdailai. Skaitmeninis ekranas, rodantis \u012fkrovimo eig\u0105 ir likusi\u0105 akumuliatoriaus energij\u0105. \u012e komplekt\u0105 \u012ftraukta 10 \u0161uk\u0173 kreipian\u010di\u0173j\u0173 0,5-8 (kirpimo ilgis 0,8-25 mm) ir kreipian\u010diosios kiekvienai ausies ilgio plauk\u0173 linijai. USB \u012fkrovimo stotel\u0117, laikymo krep\u0161ys<\/p>","protected":false},"featured_media":17008,"template":"","meta":{"om_disable_all_campaigns":false,"_uf_show_specific_survey":0,"_uf_disable_surveys":false},"product_brand":[1087],"product_cat":[985,986,1049],"product_tag":[19],"class_list":{"0":"post-12629","1":"product","2":"type-product","3":"status-publish","4":"has-post-thumbnail","6":"product_brand-babyliss","7":"product_cat-ilu","8":"product_cat-ilutooted","9":"product_cat-juukseloikurid","10":"product_tag-babyliss","12":"first","13":"instock","14":"taxable","15":"shipping-taxable","16":"purchasable","17":"product-type-simple"},"aioseo_notices":[],"_links":{"self":[{"href":"https:\/\/homeemotion.lt\/lt\/wp-json\/wp\/v2\/product\/12629","targetHints":{"allow":["GET"]}}],"collection":[{"href":"https:\/\/homeemotion.lt\/lt\/wp-json\/wp\/v2\/product"}],"about":[{"href":"https:\/\/homeemotion.lt\/lt\/wp-json\/wp\/v2\/types\/product"}],"wp:featuredmedia":[{"embeddable":true,"href":"https:\/\/homeemotion.lt\/lt\/wp-json\/wp\/v2\/media\/17008"}],"wp:attachment":[{"href":"https:\/\/homeemotion.lt\/lt\/wp-json\/wp\/v2\/media?parent=12629"}],"wp:term":[{"taxonomy":"product_brand","embeddable":true,"href":"https:\/\/homeemotion.lt\/lt\/wp-json\/wp\/v2\/product_brand?post=12629"},{"taxonomy":"product_cat","embeddable":true,"href":"https:\/\/homeemotion.lt\/lt\/wp-json\/wp\/v2\/product_cat?post=12629"},{"taxonomy":"product_tag","embeddable":true,"href":"https:\/\/homeemotion.lt\/lt\/wp-json\/wp\/v2\/product_tag?post=12629"}],"curies":[{"name":"wp","href":"https:\/\/api.w.org\/{rel}","templated":true}]}}