{"id":12614,"date":"2024-02-01T16:45:56","date_gmt":"2024-02-01T13:45:56","guid":{"rendered":"https:\/\/homeemotion.lt\/?post_type=product&#038;p=12614"},"modified":"2026-04-17T20:36:33","modified_gmt":"2026-04-17T17:36:33","slug":"sirgendaja-babyliss-3","status":"publish","type":"product","link":"https:\/\/homeemotion.lt\/lt\/toode\/sirgendaja-babyliss-3\/","title":{"rendered":"Tiesintuvas Babyliss Hydro Fusion"},"content":{"rendered":"","protected":false},"excerpt":{"rendered":"<p>Keraamilised plaadid 120 x 25mm. Ioonhooldus. 5 temperatuuriastet: 150\u00b0C \u2013 230\u00b0C. Kiire kuumenemine. Automaatne v\u00e4ljal\u00fclitus. LED temperatuuri indikaator. Kuumuskindel kott. 2,5 m p\u00f6\u00f6rlev juhe<\/p>","protected":false},"featured_media":17202,"template":"","meta":{"om_disable_all_campaigns":false,"_uf_show_specific_survey":0,"_uf_disable_surveys":false},"product_brand":[1087],"product_cat":[985,986,1067],"product_tag":[19],"class_list":{"0":"post-12614","1":"product","2":"type-product","3":"status-publish","4":"has-post-thumbnail","6":"product_brand-babyliss","7":"product_cat-ilu","8":"product_cat-ilutooted","9":"product_cat-juuksesirgendaja","10":"product_tag-babyliss","12":"first","13":"instock","14":"taxable","15":"shipping-taxable","16":"purchasable","17":"product-type-simple"},"aioseo_notices":[],"_links":{"self":[{"href":"https:\/\/homeemotion.lt\/lt\/wp-json\/wp\/v2\/product\/12614","targetHints":{"allow":["GET"]}}],"collection":[{"href":"https:\/\/homeemotion.lt\/lt\/wp-json\/wp\/v2\/product"}],"about":[{"href":"https:\/\/homeemotion.lt\/lt\/wp-json\/wp\/v2\/types\/product"}],"wp:featuredmedia":[{"embeddable":true,"href":"https:\/\/homeemotion.lt\/lt\/wp-json\/wp\/v2\/media\/17202"}],"wp:attachment":[{"href":"https:\/\/homeemotion.lt\/lt\/wp-json\/wp\/v2\/media?parent=12614"}],"wp:term":[{"taxonomy":"product_brand","embeddable":true,"href":"https:\/\/homeemotion.lt\/lt\/wp-json\/wp\/v2\/product_brand?post=12614"},{"taxonomy":"product_cat","embeddable":true,"href":"https:\/\/homeemotion.lt\/lt\/wp-json\/wp\/v2\/product_cat?post=12614"},{"taxonomy":"product_tag","embeddable":true,"href":"https:\/\/homeemotion.lt\/lt\/wp-json\/wp\/v2\/product_tag?post=12614"}],"curies":[{"name":"wp","href":"https:\/\/api.w.org\/{rel}","templated":true}]}}