{"id":12608,"date":"2024-02-01T16:13:28","date_gmt":"2024-02-01T13:13:28","guid":{"rendered":"https:\/\/homeemotion.lt\/?post_type=product&#038;p=12608"},"modified":"2026-04-17T20:36:32","modified_gmt":"2026-04-17T17:36:32","slug":"juuksetangid-curl-wave-trio-3in1","status":"publish","type":"product","link":"https:\/\/homeemotion.lt\/lt\/toode\/juuksetangid-curl-wave-trio-3in1\/","title":{"rendered":"Plauk\u0173 suktukai Curl &amp; Wave Trio 3in1"},"content":{"rendered":"","protected":false},"excerpt":{"rendered":"<p>2 temperatuuri 180\u00b0C ja 210\u00b0C. 3 vahetatavat keraamilise kattega otsikut. Keeruga otsik 25 x 120mm. Koonusekujuline otsik 24-30 x 120mm. Ovaalne otsik 32 x 120mm. Automaatne v\u00e4ljal\u00fclitus. P\u00f6\u00f6rlev juhe 2,5m. Kuumakindel matt. Kuumakindel kinnas<\/p>","protected":false},"featured_media":17161,"template":"","meta":{"om_disable_all_campaigns":false,"_uf_show_specific_survey":0,"_uf_disable_surveys":false},"product_brand":[1087],"product_cat":[985,986,987],"product_tag":[19],"class_list":{"0":"post-12608","1":"product","2":"type-product","3":"status-publish","4":"has-post-thumbnail","6":"product_brand-babyliss","7":"product_cat-ilu","8":"product_cat-ilutooted","9":"product_cat-lokitangid","10":"product_tag-babyliss","12":"first","13":"instock","14":"taxable","15":"shipping-taxable","16":"purchasable","17":"product-type-simple"},"aioseo_notices":[],"_links":{"self":[{"href":"https:\/\/homeemotion.lt\/lt\/wp-json\/wp\/v2\/product\/12608","targetHints":{"allow":["GET"]}}],"collection":[{"href":"https:\/\/homeemotion.lt\/lt\/wp-json\/wp\/v2\/product"}],"about":[{"href":"https:\/\/homeemotion.lt\/lt\/wp-json\/wp\/v2\/types\/product"}],"wp:featuredmedia":[{"embeddable":true,"href":"https:\/\/homeemotion.lt\/lt\/wp-json\/wp\/v2\/media\/17161"}],"wp:attachment":[{"href":"https:\/\/homeemotion.lt\/lt\/wp-json\/wp\/v2\/media?parent=12608"}],"wp:term":[{"taxonomy":"product_brand","embeddable":true,"href":"https:\/\/homeemotion.lt\/lt\/wp-json\/wp\/v2\/product_brand?post=12608"},{"taxonomy":"product_cat","embeddable":true,"href":"https:\/\/homeemotion.lt\/lt\/wp-json\/wp\/v2\/product_cat?post=12608"},{"taxonomy":"product_tag","embeddable":true,"href":"https:\/\/homeemotion.lt\/lt\/wp-json\/wp\/v2\/product_tag?post=12608"}],"curies":[{"name":"wp","href":"https:\/\/api.w.org\/{rel}","templated":true}]}}