{"id":12595,"date":"2024-02-01T14:34:28","date_gmt":"2024-02-01T11:34:28","guid":{"rendered":"https:\/\/homeemotion.lt\/?post_type=product&#038;p=12595"},"modified":"2026-04-21T12:44:12","modified_gmt":"2026-04-21T09:44:12","slug":"foon-babyliss-13","status":"publish","type":"product","link":"https:\/\/homeemotion.lt\/lt\/toode\/foon-babyliss-13\/","title":{"rendered":"Plauk\u0173 d\u017eiovintuvas \"Babyliss\", difuzorius, joninis"},"content":{"rendered":"","protected":false},"excerpt":{"rendered":"<p>Ioonhooldus. 2 kiirust. 3 temperatuuri. K\u00fclma \u00f5hu funktsioon. \u00d5husuunaja. Difuuser. Juhtme pikkus 1,95m<\/p>\n<p>V\u00f5imsus 2200W<\/p>","protected":false},"featured_media":16891,"template":"","meta":{"om_disable_all_campaigns":false,"_uf_show_specific_survey":0,"_uf_disable_surveys":false},"product_brand":[1087],"product_cat":[989,985,986],"product_tag":[19],"class_list":{"0":"post-12595","1":"product","2":"type-product","3":"status-publish","4":"has-post-thumbnail","6":"product_brand-babyliss","7":"product_cat-foonid","8":"product_cat-ilu","9":"product_cat-ilutooted","10":"product_tag-babyliss","12":"first","13":"instock","14":"taxable","15":"shipping-taxable","16":"purchasable","17":"product-type-simple"},"aioseo_notices":[],"_links":{"self":[{"href":"https:\/\/homeemotion.lt\/lt\/wp-json\/wp\/v2\/product\/12595","targetHints":{"allow":["GET"]}}],"collection":[{"href":"https:\/\/homeemotion.lt\/lt\/wp-json\/wp\/v2\/product"}],"about":[{"href":"https:\/\/homeemotion.lt\/lt\/wp-json\/wp\/v2\/types\/product"}],"wp:featuredmedia":[{"embeddable":true,"href":"https:\/\/homeemotion.lt\/lt\/wp-json\/wp\/v2\/media\/16891"}],"wp:attachment":[{"href":"https:\/\/homeemotion.lt\/lt\/wp-json\/wp\/v2\/media?parent=12595"}],"wp:term":[{"taxonomy":"product_brand","embeddable":true,"href":"https:\/\/homeemotion.lt\/lt\/wp-json\/wp\/v2\/product_brand?post=12595"},{"taxonomy":"product_cat","embeddable":true,"href":"https:\/\/homeemotion.lt\/lt\/wp-json\/wp\/v2\/product_cat?post=12595"},{"taxonomy":"product_tag","embeddable":true,"href":"https:\/\/homeemotion.lt\/lt\/wp-json\/wp\/v2\/product_tag?post=12595"}],"curies":[{"name":"wp","href":"https:\/\/api.w.org\/{rel}","templated":true}]}}