{"id":12585,"date":"2024-02-01T13:06:20","date_gmt":"2024-02-01T10:06:20","guid":{"rendered":"https:\/\/homeemotion.lt\/?post_type=product&#038;p=12585"},"modified":"2026-04-19T12:37:16","modified_gmt":"2026-04-19T09:37:16","slug":"foon-babyliss-12","status":"publish","type":"product","link":"https:\/\/homeemotion.lt\/lt\/toode\/foon-babyliss-12\/","title":{"rendered":"F\u00f6\u00f6n Babyliss HTDC mootor,2100W"},"content":{"rendered":"","protected":false},"excerpt":{"rendered":"<p>DC mootor. 2 temperatuuri \/ 2 kiirust. V\u00e4rske \u00f5hu nupp. \u00d5husuunaja. Difuuser. Eemaldatav tagumine filter. Riputusaas. Juhe 1,8m<\/p>\n<p>V\u00f5imsus 2000W<\/p>","protected":false},"featured_media":16888,"template":"","meta":{"om_disable_all_campaigns":false,"_uf_show_specific_survey":0,"_uf_disable_surveys":false},"product_brand":[1087],"product_cat":[989,985,986],"product_tag":[19],"class_list":{"0":"post-12585","1":"product","2":"type-product","3":"status-publish","4":"has-post-thumbnail","6":"product_brand-babyliss","7":"product_cat-foonid","8":"product_cat-ilu","9":"product_cat-ilutooted","10":"product_tag-babyliss","12":"first","13":"instock","14":"taxable","15":"shipping-taxable","16":"purchasable","17":"product-type-simple"},"aioseo_notices":[],"_links":{"self":[{"href":"https:\/\/homeemotion.lt\/lt\/wp-json\/wp\/v2\/product\/12585","targetHints":{"allow":["GET"]}}],"collection":[{"href":"https:\/\/homeemotion.lt\/lt\/wp-json\/wp\/v2\/product"}],"about":[{"href":"https:\/\/homeemotion.lt\/lt\/wp-json\/wp\/v2\/types\/product"}],"wp:featuredmedia":[{"embeddable":true,"href":"https:\/\/homeemotion.lt\/lt\/wp-json\/wp\/v2\/media\/16888"}],"wp:attachment":[{"href":"https:\/\/homeemotion.lt\/lt\/wp-json\/wp\/v2\/media?parent=12585"}],"wp:term":[{"taxonomy":"product_brand","embeddable":true,"href":"https:\/\/homeemotion.lt\/lt\/wp-json\/wp\/v2\/product_brand?post=12585"},{"taxonomy":"product_cat","embeddable":true,"href":"https:\/\/homeemotion.lt\/lt\/wp-json\/wp\/v2\/product_cat?post=12585"},{"taxonomy":"product_tag","embeddable":true,"href":"https:\/\/homeemotion.lt\/lt\/wp-json\/wp\/v2\/product_tag?post=12585"}],"curies":[{"name":"wp","href":"https:\/\/api.w.org\/{rel}","templated":true}]}}