{"id":12515,"date":"2024-01-26T12:45:22","date_gmt":"2024-01-26T09:45:22","guid":{"rendered":"https:\/\/homeemotion.lt\/?post_type=product&#038;p=12515"},"modified":"2026-04-21T14:13:36","modified_gmt":"2026-04-21T11:13:36","slug":"trimmer-babyliss","status":"publish","type":"product","link":"https:\/\/homeemotion.lt\/lt\/toode\/trimmer-babyliss\/","title":{"rendered":"\u017doliapjov\u0117 \"Babyliss Triple"},"content":{"rendered":"","protected":false},"excerpt":{"rendered":"<p>Habemetrimmer. Hibridin\u0117 technologija. Itin a\u0161tr\u016bs 35 mm a\u0161menys, a\u0161trinti i\u0161 abiej\u0173 pusi\u0173, kad b\u016bt\u0173 galima naudoti \u012fvairiomis kryptimis ir tiksliai apibr\u0117\u017eti kont\u016brus. 3 skutimosi \u0161ukos (1, 2, 3 mm). Veikia be laid\u0173. Li\u010dio jon\u0173 akumuliatorius. 120 minu\u010di\u0173 \u012fkrovimo - 90 minu\u010di\u0173 darbo laiko. 100% atsparus vandeniui<\/p>","protected":false},"featured_media":17213,"template":"","meta":{"om_disable_all_campaigns":false,"_uf_show_specific_survey":0,"_uf_disable_surveys":false},"product_brand":[1087],"product_cat":[985,986,991],"product_tag":[19],"class_list":{"0":"post-12515","1":"product","2":"type-product","3":"status-publish","4":"has-post-thumbnail","6":"product_brand-babyliss","7":"product_cat-ilu","8":"product_cat-ilutooted","9":"product_cat-trimmerid","10":"product_tag-babyliss","12":"first","13":"instock","14":"taxable","15":"shipping-taxable","16":"purchasable","17":"product-type-simple"},"aioseo_notices":[],"_links":{"self":[{"href":"https:\/\/homeemotion.lt\/lt\/wp-json\/wp\/v2\/product\/12515","targetHints":{"allow":["GET"]}}],"collection":[{"href":"https:\/\/homeemotion.lt\/lt\/wp-json\/wp\/v2\/product"}],"about":[{"href":"https:\/\/homeemotion.lt\/lt\/wp-json\/wp\/v2\/types\/product"}],"wp:featuredmedia":[{"embeddable":true,"href":"https:\/\/homeemotion.lt\/lt\/wp-json\/wp\/v2\/media\/17213"}],"wp:attachment":[{"href":"https:\/\/homeemotion.lt\/lt\/wp-json\/wp\/v2\/media?parent=12515"}],"wp:term":[{"taxonomy":"product_brand","embeddable":true,"href":"https:\/\/homeemotion.lt\/lt\/wp-json\/wp\/v2\/product_brand?post=12515"},{"taxonomy":"product_cat","embeddable":true,"href":"https:\/\/homeemotion.lt\/lt\/wp-json\/wp\/v2\/product_cat?post=12515"},{"taxonomy":"product_tag","embeddable":true,"href":"https:\/\/homeemotion.lt\/lt\/wp-json\/wp\/v2\/product_tag?post=12515"}],"curies":[{"name":"wp","href":"https:\/\/api.w.org\/{rel}","templated":true}]}}