{"id":12508,"date":"2024-01-25T17:10:09","date_gmt":"2024-01-25T14:10:09","guid":{"rendered":"https:\/\/homeemotion.lt\/?post_type=product&#038;p=12508"},"modified":"2026-04-17T14:38:03","modified_gmt":"2026-04-17T11:38:03","slug":"foon-babyliss-sissetommatava-juhtmega-2","status":"publish","type":"product","link":"https:\/\/homeemotion.lt\/lt\/toode\/foon-babyliss-sissetommatava-juhtmega-2\/","title":{"rendered":"Plauk\u0173 d\u017eiovintuvas \"Babyliss\" i\u0161traukiamas laidas 2000W"},"content":{"rendered":"","protected":false},"excerpt":{"rendered":"<p>Ioonhooldus. 2 kiirust. 3 temperatuuri. K\u00fclma \u00f5hu funktsioon. \u00d5husuunaja. Difuuser. Sisset\u00f5mmatav juhe 1,65 m<\/p>\n<p>V\u00f5imsus 2000W<\/p>","protected":false},"featured_media":16889,"template":"","meta":{"om_disable_all_campaigns":false,"_uf_show_specific_survey":0,"_uf_disable_surveys":false},"product_brand":[1087],"product_cat":[989,985,986],"product_tag":[19],"class_list":{"0":"post-12508","1":"product","2":"type-product","3":"status-publish","4":"has-post-thumbnail","6":"product_brand-babyliss","7":"product_cat-foonid","8":"product_cat-ilu","9":"product_cat-ilutooted","10":"product_tag-babyliss","12":"first","13":"instock","14":"taxable","15":"shipping-taxable","16":"purchasable","17":"product-type-simple"},"aioseo_notices":[],"_links":{"self":[{"href":"https:\/\/homeemotion.lt\/lt\/wp-json\/wp\/v2\/product\/12508","targetHints":{"allow":["GET"]}}],"collection":[{"href":"https:\/\/homeemotion.lt\/lt\/wp-json\/wp\/v2\/product"}],"about":[{"href":"https:\/\/homeemotion.lt\/lt\/wp-json\/wp\/v2\/types\/product"}],"wp:featuredmedia":[{"embeddable":true,"href":"https:\/\/homeemotion.lt\/lt\/wp-json\/wp\/v2\/media\/16889"}],"wp:attachment":[{"href":"https:\/\/homeemotion.lt\/lt\/wp-json\/wp\/v2\/media?parent=12508"}],"wp:term":[{"taxonomy":"product_brand","embeddable":true,"href":"https:\/\/homeemotion.lt\/lt\/wp-json\/wp\/v2\/product_brand?post=12508"},{"taxonomy":"product_cat","embeddable":true,"href":"https:\/\/homeemotion.lt\/lt\/wp-json\/wp\/v2\/product_cat?post=12508"},{"taxonomy":"product_tag","embeddable":true,"href":"https:\/\/homeemotion.lt\/lt\/wp-json\/wp\/v2\/product_tag?post=12508"}],"curies":[{"name":"wp","href":"https:\/\/api.w.org\/{rel}","templated":true}]}}