{"id":12456,"date":"2023-12-06T17:01:33","date_gmt":"2023-12-06T14:01:33","guid":{"rendered":"https:\/\/homeemotion.lt\/?post_type=product&#038;p=12456"},"modified":"2026-04-17T22:11:57","modified_gmt":"2026-04-17T19:11:57","slug":"lauamatt-42-cm-valge","status":"publish","type":"product","link":"https:\/\/homeemotion.lt\/lt\/toode\/lauamatt-42-cm-valge\/","title":{"rendered":"Stalo kilim\u0117lis 42 cm baltas"},"content":{"rendered":"","protected":false},"excerpt":{"rendered":"<p>Diameeter: 45 cm. Materjal: plastik. V\u00e4rvus: Valge. Komplektis 1 tk.. Ei ole n\u00f5udepesumasinas pestav. Kaubam\u00e4rk: S&amp;P<\/p>","protected":false},"featured_media":16772,"template":"","meta":{"om_disable_all_campaigns":false,"_uf_show_specific_survey":0,"_uf_disable_surveys":false},"product_brand":[1088],"product_cat":[955,956],"product_tag":[577],"class_list":{"0":"post-12456","1":"product","2":"type-product","3":"status-publish","4":"has-post-thumbnail","6":"product_brand-fdliving","7":"product_cat-kodu","8":"product_cat-koogitarvikud","9":"product_tag-fdliving","11":"first","12":"instock","13":"taxable","14":"shipping-taxable","15":"purchasable","16":"product-type-simple"},"aioseo_notices":[],"_links":{"self":[{"href":"https:\/\/homeemotion.lt\/lt\/wp-json\/wp\/v2\/product\/12456","targetHints":{"allow":["GET"]}}],"collection":[{"href":"https:\/\/homeemotion.lt\/lt\/wp-json\/wp\/v2\/product"}],"about":[{"href":"https:\/\/homeemotion.lt\/lt\/wp-json\/wp\/v2\/types\/product"}],"wp:featuredmedia":[{"embeddable":true,"href":"https:\/\/homeemotion.lt\/lt\/wp-json\/wp\/v2\/media\/16772"}],"wp:attachment":[{"href":"https:\/\/homeemotion.lt\/lt\/wp-json\/wp\/v2\/media?parent=12456"}],"wp:term":[{"taxonomy":"product_brand","embeddable":true,"href":"https:\/\/homeemotion.lt\/lt\/wp-json\/wp\/v2\/product_brand?post=12456"},{"taxonomy":"product_cat","embeddable":true,"href":"https:\/\/homeemotion.lt\/lt\/wp-json\/wp\/v2\/product_cat?post=12456"},{"taxonomy":"product_tag","embeddable":true,"href":"https:\/\/homeemotion.lt\/lt\/wp-json\/wp\/v2\/product_tag?post=12456"}],"curies":[{"name":"wp","href":"https:\/\/api.w.org\/{rel}","templated":true}]}}