{"id":12252,"date":"2023-06-13T14:55:59","date_gmt":"2023-06-13T11:55:59","guid":{"rendered":"https:\/\/homeemotion.lt\/?post_type=product&#038;p=12252"},"modified":"2026-04-17T17:14:28","modified_gmt":"2026-04-17T14:14:28","slug":"kohviveski-adler-must","status":"publish","type":"product","link":"https:\/\/homeemotion.lt\/lt\/toode\/kohviveski-adler-must\/","title":{"rendered":"Kavos mal\u016bn\u0117lis \"Adler\", juodas"},"content":{"rendered":"","protected":false},"excerpt":{"rendered":"<p>L\u00e4bipaistev kaas. Turvalukk. Kiire sisse\/v\u00e4lja l\u00fclitamine. Lihtsalt kokkupandav kaabel. Mahutavus: kuni 75g. Metallist kohvianum. Toote m\u00f5\u00f5dud: 9,6 x 9,6 x 19,6 cm. Korpuse materjal: plastik. V\u00e4rv: must<\/p>\n<p>V\u00f5imsus 150W | V\u00e4rv: must<\/p>","protected":false},"featured_media":16827,"template":"","meta":{"om_disable_all_campaigns":false,"_uf_show_specific_survey":0,"_uf_disable_surveys":false},"product_brand":[1095],"product_cat":[955,973],"product_tag":[610],"class_list":{"0":"post-12252","1":"product","2":"type-product","3":"status-publish","4":"has-post-thumbnail","6":"product_brand-adler","7":"product_cat-kodu","8":"product_cat-koogitehnika","9":"product_tag-adler","11":"first","12":"instock","13":"taxable","14":"shipping-taxable","15":"purchasable","16":"product-type-simple"},"aioseo_notices":[],"_links":{"self":[{"href":"https:\/\/homeemotion.lt\/lt\/wp-json\/wp\/v2\/product\/12252","targetHints":{"allow":["GET"]}}],"collection":[{"href":"https:\/\/homeemotion.lt\/lt\/wp-json\/wp\/v2\/product"}],"about":[{"href":"https:\/\/homeemotion.lt\/lt\/wp-json\/wp\/v2\/types\/product"}],"wp:featuredmedia":[{"embeddable":true,"href":"https:\/\/homeemotion.lt\/lt\/wp-json\/wp\/v2\/media\/16827"}],"wp:attachment":[{"href":"https:\/\/homeemotion.lt\/lt\/wp-json\/wp\/v2\/media?parent=12252"}],"wp:term":[{"taxonomy":"product_brand","embeddable":true,"href":"https:\/\/homeemotion.lt\/lt\/wp-json\/wp\/v2\/product_brand?post=12252"},{"taxonomy":"product_cat","embeddable":true,"href":"https:\/\/homeemotion.lt\/lt\/wp-json\/wp\/v2\/product_cat?post=12252"},{"taxonomy":"product_tag","embeddable":true,"href":"https:\/\/homeemotion.lt\/lt\/wp-json\/wp\/v2\/product_tag?post=12252"}],"curies":[{"name":"wp","href":"https:\/\/api.w.org\/{rel}","templated":true}]}}