{"id":12196,"date":"2023-05-11T11:39:22","date_gmt":"2023-05-11T08:39:22","guid":{"rendered":"https:\/\/homeemotion.lt\/?post_type=product&#038;p=12196"},"modified":"2026-04-17T17:36:37","modified_gmt":"2026-04-17T14:36:37","slug":"napsuklaasid-jalaga-cuvee-9cl-6tk","status":"publish","type":"product","link":"https:\/\/homeemotion.lt\/lt\/toode\/napsuklaasid-jalaga-cuvee-9cl-6tk\/","title":{"rendered":"Cuvee taur\u0117s su kojele 9cl, 6vnt."},"content":{"rendered":"<p>Stiilne Cuvee kollektsioon pakub peeneid klaasn\u00f5usid, mis on spetsiaalselt loodud veini, kangete alkohoolsete jookide ja pikkade jookide serveerimiseks. Klaas on valmistatud kristallkvaliteediga, mis tagab selle tugeva iseloomu ja selguse. Selle kollektsiooniga lisate oma lauale kindlasti peensust.<\/p>","protected":false},"excerpt":{"rendered":"<p>L\u00e4bim\u00f5\u00f5t: 3,7 cm. K\u00f5rgus: 19,5 cm. Maht: 0,09 L. Materjal: Kristalliline klaas. N\u00f5udepesumasinas pestav. Komplektis 6 tk.. Kaubam\u00e4rk: Salt&amp;Pepper<\/p>","protected":false},"featured_media":17191,"template":"","meta":{"om_disable_all_campaigns":false,"_uf_show_specific_survey":0,"_uf_disable_surveys":false},"product_brand":[1088],"product_cat":[981,955,956],"product_tag":[577],"class_list":{"0":"post-12196","1":"product","2":"type-product","3":"status-publish","4":"has-post-thumbnail","6":"product_brand-fdliving","7":"product_cat-klaasid-ja-klaasanumad","8":"product_cat-kodu","9":"product_cat-koogitarvikud","10":"product_tag-fdliving","12":"first","13":"instock","14":"taxable","15":"shipping-taxable","16":"purchasable","17":"product-type-simple"},"aioseo_notices":[],"_links":{"self":[{"href":"https:\/\/homeemotion.lt\/lt\/wp-json\/wp\/v2\/product\/12196","targetHints":{"allow":["GET"]}}],"collection":[{"href":"https:\/\/homeemotion.lt\/lt\/wp-json\/wp\/v2\/product"}],"about":[{"href":"https:\/\/homeemotion.lt\/lt\/wp-json\/wp\/v2\/types\/product"}],"wp:featuredmedia":[{"embeddable":true,"href":"https:\/\/homeemotion.lt\/lt\/wp-json\/wp\/v2\/media\/17191"}],"wp:attachment":[{"href":"https:\/\/homeemotion.lt\/lt\/wp-json\/wp\/v2\/media?parent=12196"}],"wp:term":[{"taxonomy":"product_brand","embeddable":true,"href":"https:\/\/homeemotion.lt\/lt\/wp-json\/wp\/v2\/product_brand?post=12196"},{"taxonomy":"product_cat","embeddable":true,"href":"https:\/\/homeemotion.lt\/lt\/wp-json\/wp\/v2\/product_cat?post=12196"},{"taxonomy":"product_tag","embeddable":true,"href":"https:\/\/homeemotion.lt\/lt\/wp-json\/wp\/v2\/product_tag?post=12196"}],"curies":[{"name":"wp","href":"https:\/\/api.w.org\/{rel}","templated":true}]}}