{"id":12171,"date":"2023-05-11T10:43:38","date_gmt":"2023-05-11T07:43:38","guid":{"rendered":"https:\/\/homeemotion.lt\/?post_type=product&#038;p=12171"},"modified":"2026-04-17T20:36:21","modified_gmt":"2026-04-17T17:36:21","slug":"vaas-bold-19x20cm","status":"publish","type":"product","link":"https:\/\/homeemotion.lt\/lt\/toode\/vaas-bold-19x20cm\/","title":{"rendered":"Vaas Bold stiklinis 19x20cm"},"content":{"rendered":"<p>\u0160ios gra\u017eios apvalios d\u016bminio juodo stiklo vazos yra dr\u0105sus pasirinkimas j\u016bs\u0173 namams. Idealiai tinka madingai sud\u0117ti laukinius papar\u010dius ir nukritusius \u0161akeles. \u0160ios unikalios vazos suteiks j\u016bs\u0173 namams t\u0105 i\u0161baigtum\u0105, kurio ie\u0161kojote. Galime dr\u0105siai teigti, kad m\u016bs\u0173 \"Bold\" kolekcija turi potencialo ilgai i\u0161likti, ar ne?<\/p>","protected":false},"excerpt":{"rendered":"<p>Skersmuo: 19 cm. Auk\u0161tis: 20 cm. Med\u017eiaga: stiklas. Spalva: d\u016bmin\u0117. Negalima plauti indaplov\u0117je. Gamintojas: S|P Collection<\/p>\n<p>Spalva: d\u016bmin\u0117<\/p>","protected":false},"featured_media":16795,"template":"","meta":{"om_disable_all_campaigns":false,"_uf_show_specific_survey":0,"_uf_disable_surveys":false},"product_brand":[1088],"product_cat":[955,996],"product_tag":[577],"class_list":{"0":"post-12171","1":"product","2":"type-product","3":"status-publish","4":"has-post-thumbnail","6":"product_brand-fdliving","7":"product_cat-kodu","8":"product_cat-kodutarbed","9":"product_tag-fdliving","11":"first","12":"instock","13":"taxable","14":"shipping-taxable","15":"purchasable","16":"product-type-simple"},"aioseo_notices":[],"_links":{"self":[{"href":"https:\/\/homeemotion.lt\/lt\/wp-json\/wp\/v2\/product\/12171","targetHints":{"allow":["GET"]}}],"collection":[{"href":"https:\/\/homeemotion.lt\/lt\/wp-json\/wp\/v2\/product"}],"about":[{"href":"https:\/\/homeemotion.lt\/lt\/wp-json\/wp\/v2\/types\/product"}],"wp:featuredmedia":[{"embeddable":true,"href":"https:\/\/homeemotion.lt\/lt\/wp-json\/wp\/v2\/media\/16795"}],"wp:attachment":[{"href":"https:\/\/homeemotion.lt\/lt\/wp-json\/wp\/v2\/media?parent=12171"}],"wp:term":[{"taxonomy":"product_brand","embeddable":true,"href":"https:\/\/homeemotion.lt\/lt\/wp-json\/wp\/v2\/product_brand?post=12171"},{"taxonomy":"product_cat","embeddable":true,"href":"https:\/\/homeemotion.lt\/lt\/wp-json\/wp\/v2\/product_cat?post=12171"},{"taxonomy":"product_tag","embeddable":true,"href":"https:\/\/homeemotion.lt\/lt\/wp-json\/wp\/v2\/product_tag?post=12171"}],"curies":[{"name":"wp","href":"https:\/\/api.w.org\/{rel}","templated":true}]}}