{"id":12152,"date":"2023-05-11T10:11:37","date_gmt":"2023-05-11T07:11:37","guid":{"rendered":"https:\/\/homeemotion.lt\/?post_type=product&#038;p=12152"},"modified":"2026-04-17T19:11:15","modified_gmt":"2026-04-17T16:11:15","slug":"konjakiklaasid-cuvee-66cl-2tk","status":"publish","type":"product","link":"https:\/\/homeemotion.lt\/lt\/toode\/konjakiklaasid-cuvee-66cl-2tk\/","title":{"rendered":"Konjako taur\u0117s Cuvee 66cl, 2 vnt."},"content":{"rendered":"","protected":false},"excerpt":{"rendered":"<p>L\u00e4bim\u00f5\u00f5t: 10 cm. K\u00f5rgus: 17 cm. Maht: 0,66 L. Materjal: Kristalliline klaas. N\u00f5udepesumasinas pestav. Komplektis 2 tk.. Kaubam\u00e4rk: Salt&amp;Pepper<\/p>","protected":false},"featured_media":16792,"template":"","meta":{"om_disable_all_campaigns":false,"_uf_show_specific_survey":0,"_uf_disable_surveys":false},"product_brand":[1088],"product_cat":[981,955,956],"product_tag":[577],"class_list":{"0":"post-12152","1":"product","2":"type-product","3":"status-publish","4":"has-post-thumbnail","6":"product_brand-fdliving","7":"product_cat-klaasid-ja-klaasanumad","8":"product_cat-kodu","9":"product_cat-koogitarvikud","10":"product_tag-fdliving","12":"first","13":"instock","14":"taxable","15":"shipping-taxable","16":"purchasable","17":"product-type-simple"},"aioseo_notices":[],"_links":{"self":[{"href":"https:\/\/homeemotion.lt\/lt\/wp-json\/wp\/v2\/product\/12152","targetHints":{"allow":["GET"]}}],"collection":[{"href":"https:\/\/homeemotion.lt\/lt\/wp-json\/wp\/v2\/product"}],"about":[{"href":"https:\/\/homeemotion.lt\/lt\/wp-json\/wp\/v2\/types\/product"}],"wp:featuredmedia":[{"embeddable":true,"href":"https:\/\/homeemotion.lt\/lt\/wp-json\/wp\/v2\/media\/16792"}],"wp:attachment":[{"href":"https:\/\/homeemotion.lt\/lt\/wp-json\/wp\/v2\/media?parent=12152"}],"wp:term":[{"taxonomy":"product_brand","embeddable":true,"href":"https:\/\/homeemotion.lt\/lt\/wp-json\/wp\/v2\/product_brand?post=12152"},{"taxonomy":"product_cat","embeddable":true,"href":"https:\/\/homeemotion.lt\/lt\/wp-json\/wp\/v2\/product_cat?post=12152"},{"taxonomy":"product_tag","embeddable":true,"href":"https:\/\/homeemotion.lt\/lt\/wp-json\/wp\/v2\/product_tag?post=12152"}],"curies":[{"name":"wp","href":"https:\/\/api.w.org\/{rel}","templated":true}]}}