{"id":12137,"date":"2023-05-10T16:06:43","date_gmt":"2023-05-10T13:06:43","guid":{"rendered":"https:\/\/homeemotion.lt\/?post_type=product&#038;p=12137"},"modified":"2026-04-17T19:11:15","modified_gmt":"2026-04-17T16:11:15","slug":"vaas-cone-kivikeraamika-10x30cm-valge","status":"publish","type":"product","link":"https:\/\/homeemotion.lt\/lt\/toode\/vaas-cone-kivikeraamika-10x30cm-valge\/","title":{"rendered":"Vaas Cone akmens keramika 10x30cm, balta"},"content":{"rendered":"<p>Need m\u00e4ngulised Cone vaasid oma atraktiivsete v\u00e4rvidega v\u00f5ivad luua teie interj\u00f6\u00f6ri erilise ilme. Erinevate v\u00e4rvi- ja suurusevalikute t\u00f5ttu saab neid kivist vaase kombineerida mitmel erineval viisil.<\/p>","protected":false},"excerpt":{"rendered":"<p>L\u00e4bim\u00f5\u00f5t: 10 cm. K\u00f5rgus: 30 cm. Materjal: kivikeraamika. V\u00e4rv: valge. Ei ole n\u00f5udepesumasinas pestav. Kaubam\u00e4rk: S|P Collection<\/p>\n<p>V\u00e4rv: valge<\/p>","protected":false},"featured_media":16775,"template":"","meta":{"om_disable_all_campaigns":false,"_uf_show_specific_survey":0,"_uf_disable_surveys":false},"product_brand":[1088],"product_cat":[955],"product_tag":[577],"class_list":{"0":"post-12137","1":"product","2":"type-product","3":"status-publish","4":"has-post-thumbnail","6":"product_brand-fdliving","7":"product_cat-kodu","8":"product_tag-fdliving","10":"first","11":"instock","12":"taxable","13":"shipping-taxable","14":"purchasable","15":"product-type-simple"},"aioseo_notices":[],"_links":{"self":[{"href":"https:\/\/homeemotion.lt\/lt\/wp-json\/wp\/v2\/product\/12137","targetHints":{"allow":["GET"]}}],"collection":[{"href":"https:\/\/homeemotion.lt\/lt\/wp-json\/wp\/v2\/product"}],"about":[{"href":"https:\/\/homeemotion.lt\/lt\/wp-json\/wp\/v2\/types\/product"}],"wp:featuredmedia":[{"embeddable":true,"href":"https:\/\/homeemotion.lt\/lt\/wp-json\/wp\/v2\/media\/16775"}],"wp:attachment":[{"href":"https:\/\/homeemotion.lt\/lt\/wp-json\/wp\/v2\/media?parent=12137"}],"wp:term":[{"taxonomy":"product_brand","embeddable":true,"href":"https:\/\/homeemotion.lt\/lt\/wp-json\/wp\/v2\/product_brand?post=12137"},{"taxonomy":"product_cat","embeddable":true,"href":"https:\/\/homeemotion.lt\/lt\/wp-json\/wp\/v2\/product_cat?post=12137"},{"taxonomy":"product_tag","embeddable":true,"href":"https:\/\/homeemotion.lt\/lt\/wp-json\/wp\/v2\/product_tag?post=12137"}],"curies":[{"name":"wp","href":"https:\/\/api.w.org\/{rel}","templated":true}]}}