{"id":12120,"date":"2023-05-10T15:39:20","date_gmt":"2023-05-10T12:39:20","guid":{"rendered":"https:\/\/homeemotion.lt\/?post_type=product&#038;p=12120"},"modified":"2026-04-17T20:36:17","modified_gmt":"2026-04-17T17:36:17","slug":"kokteili-klaasid-fino-73cl-6tk","status":"publish","type":"product","link":"https:\/\/homeemotion.lt\/lt\/toode\/kokteili-klaasid-fino-73cl-6tk\/","title":{"rendered":"Kokteiliniai taur\u0117s Fino 73cl, 6vnt"},"content":{"rendered":"<p>Fino klaaside elegantne, kuid ajatu disain sobivad suurep\u00e4raselt veini, kangete alkohoolsete jookide ja pikkade jookide serveerimiseks. Kristallikvaliteet loob keeruka v\u00e4limuse, mis lisab teie lauale t\u00e4iendava lihvi.<\/p>","protected":false},"excerpt":{"rendered":"<p>L\u00e4bim\u00f5\u00f5t: 11,5 cm. K\u00f5rgus: 22,5 cm. Maht: 0,73 L. N\u00f5udepesumasinas pestav. Komplektis 6 tk.. Kaubam\u00e4rk: BonBistro<\/p>","protected":false},"featured_media":16755,"template":"","meta":{"om_disable_all_campaigns":false,"_uf_show_specific_survey":0,"_uf_disable_surveys":false},"product_brand":[1088],"product_cat":[955],"product_tag":[577],"class_list":{"0":"post-12120","1":"product","2":"type-product","3":"status-publish","4":"has-post-thumbnail","6":"product_brand-fdliving","7":"product_cat-kodu","8":"product_tag-fdliving","10":"first","11":"instock","12":"taxable","13":"shipping-taxable","14":"purchasable","15":"product-type-simple"},"aioseo_notices":[],"_links":{"self":[{"href":"https:\/\/homeemotion.lt\/lt\/wp-json\/wp\/v2\/product\/12120","targetHints":{"allow":["GET"]}}],"collection":[{"href":"https:\/\/homeemotion.lt\/lt\/wp-json\/wp\/v2\/product"}],"about":[{"href":"https:\/\/homeemotion.lt\/lt\/wp-json\/wp\/v2\/types\/product"}],"wp:featuredmedia":[{"embeddable":true,"href":"https:\/\/homeemotion.lt\/lt\/wp-json\/wp\/v2\/media\/16755"}],"wp:attachment":[{"href":"https:\/\/homeemotion.lt\/lt\/wp-json\/wp\/v2\/media?parent=12120"}],"wp:term":[{"taxonomy":"product_brand","embeddable":true,"href":"https:\/\/homeemotion.lt\/lt\/wp-json\/wp\/v2\/product_brand?post=12120"},{"taxonomy":"product_cat","embeddable":true,"href":"https:\/\/homeemotion.lt\/lt\/wp-json\/wp\/v2\/product_cat?post=12120"},{"taxonomy":"product_tag","embeddable":true,"href":"https:\/\/homeemotion.lt\/lt\/wp-json\/wp\/v2\/product_tag?post=12120"}],"curies":[{"name":"wp","href":"https:\/\/api.w.org\/{rel}","templated":true}]}}