{"id":12116,"date":"2023-05-10T15:17:17","date_gmt":"2023-05-10T12:17:17","guid":{"rendered":"https:\/\/homeemotion.lt\/?post_type=product&#038;p=12116"},"modified":"2026-04-17T20:36:17","modified_gmt":"2026-04-17T17:36:17","slug":"kruus-duna-30cl-sinine","status":"publish","type":"product","link":"https:\/\/homeemotion.lt\/lt\/toode\/kruus-duna-30cl-sinine\/","title":{"rendered":"Puodelis \"Duna\", 30 cl, m\u0117lynos spalvos"},"content":{"rendered":"<p>Duna serija \u2013 gra\u017ei\u0173 intensyvi\u0173 m\u0117lynos, pilkos ir r\u016bd\u017ei\u0173 rudos spalv\u0173 ind\u0173 kolekcija, sukurta j\u016bs\u0173 valgomojo stalo i\u0161vaizdai ir poj\u016b\u010diui pagerinti. Klasikin\u0117s formos sujungtos su novatori\u0161komis spalvomis, siekiant sukurti ind\u0173 kolekcij\u0105, kuri yra kartu ir paprasta, ir beveik kaimi\u0161ka. Paprastas, ta\u010diau kaimi\u0161kas daikt\u0173 pob\u016bdis stimuliuoja tiek akis, tiek skonio receptorius.<\/p>","protected":false},"excerpt":{"rendered":"<p>Skersmuo: 11 cm. Auk\u0161tis: 2 cm. T\u016bris: 0,12 L. Med\u017eiaga: akmens keramika. Spalva: M\u0117lyna. Galima plauti indaplov\u0117je, galima naudoti mikrobang\u0173 krosnel\u0117je. Gamintojas: ONA Spalva: M\u0117lyna<\/p>\n<p>Spalva: M\u0117lyna<\/p>","protected":false},"featured_media":16746,"template":"","meta":{"om_disable_all_campaigns":false,"_uf_show_specific_survey":0,"_uf_disable_surveys":false},"product_brand":[1088],"product_cat":[955],"product_tag":[577],"class_list":{"0":"post-12116","1":"product","2":"type-product","3":"status-publish","4":"has-post-thumbnail","6":"product_brand-fdliving","7":"product_cat-kodu","8":"product_tag-fdliving","10":"first","11":"instock","12":"taxable","13":"shipping-taxable","14":"purchasable","15":"product-type-simple"},"aioseo_notices":[],"_links":{"self":[{"href":"https:\/\/homeemotion.lt\/lt\/wp-json\/wp\/v2\/product\/12116","targetHints":{"allow":["GET"]}}],"collection":[{"href":"https:\/\/homeemotion.lt\/lt\/wp-json\/wp\/v2\/product"}],"about":[{"href":"https:\/\/homeemotion.lt\/lt\/wp-json\/wp\/v2\/types\/product"}],"wp:featuredmedia":[{"embeddable":true,"href":"https:\/\/homeemotion.lt\/lt\/wp-json\/wp\/v2\/media\/16746"}],"wp:attachment":[{"href":"https:\/\/homeemotion.lt\/lt\/wp-json\/wp\/v2\/media?parent=12116"}],"wp:term":[{"taxonomy":"product_brand","embeddable":true,"href":"https:\/\/homeemotion.lt\/lt\/wp-json\/wp\/v2\/product_brand?post=12116"},{"taxonomy":"product_cat","embeddable":true,"href":"https:\/\/homeemotion.lt\/lt\/wp-json\/wp\/v2\/product_cat?post=12116"},{"taxonomy":"product_tag","embeddable":true,"href":"https:\/\/homeemotion.lt\/lt\/wp-json\/wp\/v2\/product_tag?post=12116"}],"curies":[{"name":"wp","href":"https:\/\/api.w.org\/{rel}","templated":true}]}}