{"id":12081,"date":"2023-05-10T12:42:35","date_gmt":"2023-05-10T09:42:35","guid":{"rendered":"https:\/\/homeemotion.lt\/?post_type=product&#038;p=12081"},"modified":"2026-04-17T20:36:17","modified_gmt":"2026-04-17T17:36:17","slug":"laste-lauanoude-komplekt-baby-chick","status":"publish","type":"product","link":"https:\/\/homeemotion.lt\/lt\/toode\/laste-lauanoude-komplekt-baby-chick\/","title":{"rendered":"Vaiki\u0161k\u0173 ind\u0173 rinkinys Baby Chick"},"content":{"rendered":"","protected":false},"excerpt":{"rendered":"<p>Laste \u00f5htus\u00f6\u00f6gikomplekt 3 osa Kids Baby Chick. See komplekt koosneb: 1 x taldrik 17 cm, 1 x kauss 12,5 x 5cm, 1 x tass 0,22 cl. Materjal: Portselaan. V\u00e4rv: Valge piltidega. N\u00f5udepesumasinas pestav, v\u00f5ib kasutada mikrolaineahjus. Kaubam\u00e4rk: ONA<\/p>\n<p>V\u00e4rv: Valge piltidega<\/p>","protected":false},"featured_media":16733,"template":"","meta":{"om_disable_all_campaigns":false,"_uf_show_specific_survey":0,"_uf_disable_surveys":false},"product_brand":[1088],"product_cat":[955],"product_tag":[577],"class_list":{"0":"post-12081","1":"product","2":"type-product","3":"status-publish","4":"has-post-thumbnail","6":"product_brand-fdliving","7":"product_cat-kodu","8":"product_tag-fdliving","10":"first","11":"instock","12":"taxable","13":"shipping-taxable","14":"purchasable","15":"product-type-simple"},"aioseo_notices":[],"_links":{"self":[{"href":"https:\/\/homeemotion.lt\/lt\/wp-json\/wp\/v2\/product\/12081","targetHints":{"allow":["GET"]}}],"collection":[{"href":"https:\/\/homeemotion.lt\/lt\/wp-json\/wp\/v2\/product"}],"about":[{"href":"https:\/\/homeemotion.lt\/lt\/wp-json\/wp\/v2\/types\/product"}],"wp:featuredmedia":[{"embeddable":true,"href":"https:\/\/homeemotion.lt\/lt\/wp-json\/wp\/v2\/media\/16733"}],"wp:attachment":[{"href":"https:\/\/homeemotion.lt\/lt\/wp-json\/wp\/v2\/media?parent=12081"}],"wp:term":[{"taxonomy":"product_brand","embeddable":true,"href":"https:\/\/homeemotion.lt\/lt\/wp-json\/wp\/v2\/product_brand?post=12081"},{"taxonomy":"product_cat","embeddable":true,"href":"https:\/\/homeemotion.lt\/lt\/wp-json\/wp\/v2\/product_cat?post=12081"},{"taxonomy":"product_tag","embeddable":true,"href":"https:\/\/homeemotion.lt\/lt\/wp-json\/wp\/v2\/product_tag?post=12081"}],"curies":[{"name":"wp","href":"https:\/\/api.w.org\/{rel}","templated":true}]}}