{"id":12066,"date":"2023-05-10T11:09:54","date_gmt":"2023-05-10T08:09:54","guid":{"rendered":"https:\/\/homeemotion.lt\/?post_type=product&#038;p=12066"},"modified":"2026-04-17T18:36:14","modified_gmt":"2026-04-17T15:36:14","slug":"praetaldrik-freckles-hall","status":"publish","type":"product","link":"https:\/\/homeemotion.lt\/lt\/toode\/praetaldrik-freckles-hall\/","title":{"rendered":"Praetaldrik Freckles 26cm, hallikas roheline"},"content":{"rendered":"<p>Freckles kollektsioon toob v\u00e4rske stiili hommikus\u00f6\u00f6gilauale, kui ka \u00f5htus\u00f6\u00f6gilauale. L\u00e4ikiva viimistlusega kivikeraamikast valmistatud Frecklesi saab ohutult kasutada n\u00f5udepesumasinas ja mikrolaineahjus.<\/p>","protected":false},"excerpt":{"rendered":"<p>L\u00e4bim\u00f5\u00f5t: 26 cm. K\u00f5rgus: 2,5 cm. Materjal: kivikeraamika. V\u00e4rv: Hallikas roheline. N\u00f5udepesumasinas pestav, v\u00f5ib kasutada mikrolaineahjus. Kaubam\u00e4rk: ONA<\/p>\n<p>V\u00e4rv: Hallikas roheline<\/p>","protected":false},"featured_media":16725,"template":"","meta":{"om_disable_all_campaigns":false,"_uf_show_specific_survey":0,"_uf_disable_surveys":false},"product_brand":[1088],"product_cat":[955],"product_tag":[577],"class_list":{"0":"post-12066","1":"product","2":"type-product","3":"status-publish","4":"has-post-thumbnail","6":"product_brand-fdliving","7":"product_cat-kodu","8":"product_tag-fdliving","10":"first","11":"instock","12":"taxable","13":"shipping-taxable","14":"purchasable","15":"product-type-simple"},"aioseo_notices":[],"_links":{"self":[{"href":"https:\/\/homeemotion.lt\/lt\/wp-json\/wp\/v2\/product\/12066","targetHints":{"allow":["GET"]}}],"collection":[{"href":"https:\/\/homeemotion.lt\/lt\/wp-json\/wp\/v2\/product"}],"about":[{"href":"https:\/\/homeemotion.lt\/lt\/wp-json\/wp\/v2\/types\/product"}],"wp:featuredmedia":[{"embeddable":true,"href":"https:\/\/homeemotion.lt\/lt\/wp-json\/wp\/v2\/media\/16725"}],"wp:attachment":[{"href":"https:\/\/homeemotion.lt\/lt\/wp-json\/wp\/v2\/media?parent=12066"}],"wp:term":[{"taxonomy":"product_brand","embeddable":true,"href":"https:\/\/homeemotion.lt\/lt\/wp-json\/wp\/v2\/product_brand?post=12066"},{"taxonomy":"product_cat","embeddable":true,"href":"https:\/\/homeemotion.lt\/lt\/wp-json\/wp\/v2\/product_cat?post=12066"},{"taxonomy":"product_tag","embeddable":true,"href":"https:\/\/homeemotion.lt\/lt\/wp-json\/wp\/v2\/product_tag?post=12066"}],"curies":[{"name":"wp","href":"https:\/\/api.w.org\/{rel}","templated":true}]}}