{"id":12039,"date":"2023-05-10T09:55:45","date_gmt":"2023-05-10T06:55:45","guid":{"rendered":"https:\/\/homeemotion.lt\/?post_type=product&#038;p=12039"},"modified":"2026-04-17T22:11:32","modified_gmt":"2026-04-17T19:11:32","slug":"taldrik-adare-kreem","status":"publish","type":"product","link":"https:\/\/homeemotion.lt\/lt\/toode\/taldrik-adare-kreem\/","title":{"rendered":"Puodelis \"Adare\", 20 cm, sm\u0117lio spalvos"},"content":{"rendered":"<p>K\u00f5iki Adare kollektsiooni esemeid iseloomustab \u00fcmar kuju ja bee\u017e rustikaalne v\u00e4limus. Peen pruun \u00e4\u00e4r ja t\u00e4piline muster lisavad teie lauale isikup\u00e4ra. Adare kollektsioon sobib ideaalselt igap\u00e4evaseks kasutamiseks ja n\u00e4eb suurep\u00e4rane v\u00e4lja nii hommikus\u00f6\u00f6gilauas, kui ka m\u00f5nusaks \u00f5htus\u00f6\u00f6giks s\u00f5prade v\u00f5i perega. T\u00e4nu l\u00e4ikivale viimistlusele on k\u00f5ik esemed n\u00f5udepesumasinas pestavad ja v\u00f5ib kasutada mikrolaineahjus.<\/p>","protected":false},"excerpt":{"rendered":"<p>L\u00e4bim\u00f5\u00f5t: 20,50 cm. K\u00f5rgus: 2,50 cm. Materjal: kivikeraamika. V\u00e4rv: Bee\u017e. N\u00f5udepesumasinas pestav, v\u00f5ib kasutada mikrolaineahjus. Kaubam\u00e4rk: ONA<\/p>\n<p>V\u00e4rv: Bee\u017e<\/p>","protected":false},"featured_media":16705,"template":"","meta":{"om_disable_all_campaigns":false,"_uf_show_specific_survey":0,"_uf_disable_surveys":false},"product_brand":[1088],"product_cat":[955],"product_tag":[577],"class_list":{"0":"post-12039","1":"product","2":"type-product","3":"status-publish","4":"has-post-thumbnail","6":"product_brand-fdliving","7":"product_cat-kodu","8":"product_tag-fdliving","10":"first","11":"instock","12":"taxable","13":"shipping-taxable","14":"purchasable","15":"product-type-simple"},"aioseo_notices":[],"_links":{"self":[{"href":"https:\/\/homeemotion.lt\/lt\/wp-json\/wp\/v2\/product\/12039","targetHints":{"allow":["GET"]}}],"collection":[{"href":"https:\/\/homeemotion.lt\/lt\/wp-json\/wp\/v2\/product"}],"about":[{"href":"https:\/\/homeemotion.lt\/lt\/wp-json\/wp\/v2\/types\/product"}],"wp:featuredmedia":[{"embeddable":true,"href":"https:\/\/homeemotion.lt\/lt\/wp-json\/wp\/v2\/media\/16705"}],"wp:attachment":[{"href":"https:\/\/homeemotion.lt\/lt\/wp-json\/wp\/v2\/media?parent=12039"}],"wp:term":[{"taxonomy":"product_brand","embeddable":true,"href":"https:\/\/homeemotion.lt\/lt\/wp-json\/wp\/v2\/product_brand?post=12039"},{"taxonomy":"product_cat","embeddable":true,"href":"https:\/\/homeemotion.lt\/lt\/wp-json\/wp\/v2\/product_cat?post=12039"},{"taxonomy":"product_tag","embeddable":true,"href":"https:\/\/homeemotion.lt\/lt\/wp-json\/wp\/v2\/product_tag?post=12039"}],"curies":[{"name":"wp","href":"https:\/\/api.w.org\/{rel}","templated":true}]}}