{"id":11975,"date":"2023-03-31T12:31:34","date_gmt":"2023-03-31T09:31:34","guid":{"rendered":"https:\/\/homeemotion.lt\/?post_type=product&#038;p=11975"},"modified":"2026-04-17T19:11:34","modified_gmt":"2026-04-17T16:11:34","slug":"philips-sonicare-tonguecare-keeleharjad","status":"publish","type":"product","link":"https:\/\/homeemotion.lt\/lt\/toode\/philips-sonicare-tonguecare-keeleharjad\/","title":{"rendered":"\"Philips Sonicare TongueCare+\" lie\u017euvio \u0161epet\u0117liai"},"content":{"rendered":"<p><strong>Philips Sonicare\u2019i puhtus teie keelele<\/strong><\/p>\n<p class=\"p-body-copy-02\">Muutke Philips Sonicare\u2019i hambahari t\u00f5husaks keelepuhastajaks. Spetsiaalsete mikroharjastega nutikas TongueCare+ keelehari ja Philips Sonicare\u2019i BreathRx-keelesprei s\u00fcgavpuhastavad teie keelt.<\/p>\n<div id=\"see-all-benefits\" class=\"p-s01__pdp-overview-wraper\">\n<div class=\"s01highlight s01-highlights-banner component-base\">\n<section class=\"p-s01-highlights\">\n<div class=\"p-row-gutter p-comp-spacing-bottom\">\n<h3 class=\"p-heading-03 p-heading-medium p-s01__highlights-subtitle\">Ainuke Sonicare\u2019i tugevustega keelepuhastaja<\/h3>\n<ul class=\"p-bullets p-large p-s01__bullets p-heading-medium\">\n<li class=\"p-s01__bullet\">Kahene komplekt<\/li>\n<li class=\"p-s01__bullet\">Kinnikl\u00f5psatav<\/li>\n<li class=\"p-s01__bullet\">Lateksivaba<\/li>\n<li class=\"p-s01__bullet\">BrushSync-re\u017eiimi \u00fchildumine<\/li>\n<\/ul>\n<\/div>\n<\/section>\n<\/div>\n<\/div>\n<div class=\"productFeatures s12-product-features component-base\">\n<section class=\"p-complete p-s12-product-features\" data-close-popup-label=\"Tagasi\">\n<div class=\"p-row-gutter p-comp-spacing-bottom\">\n<div class=\"p-s12__feature-list\">\n<div class=\"p-s12__row\">\n<div class=\"p-s12__feature-item p-spacing-bottom-c\">\n<div class=\"p-s12__feature-image p-spacing-bottom-a\"><img decoding=\"async\" class=\"\" src=\"https:\/\/images.philips.com\/is\/image\/philipsconsumer\/6fe011b83f7d4b349dd2ac61018373dd?wid=305&amp;hei=173&amp;$jpglarge$\" alt=\"Hambaharjast keelepuhastajaks k\u00f5ige \u00fche kl\u00f5psuga\" \/><\/div>\n<div class=\"p-s12__feature-description p-spacing-bottom-a\">\n<h3 class=\"p-heading-04-large p-heading-bold p-feature-title\">Hambaharjast keelepuhastajaks k\u00f5ige \u00fche kl\u00f5psuga<\/h3>\n<p class=\"p-body-copy-02\">TongueCare+ keelepuhastaja muudab teie Philips Sonicare\u2019i hambaharja kiiresti v\u00f5imsaks keelepuhastajaks. Iga keeleharja saab kl\u00f5psata Philips Sonicare\u2019i hambaharja k\u00e4epideme k\u00fclge nagu tavalise harjapea. Lihtne kasutada, vahetada ja puhastada \u2013 need uuenduslikud keeleharjad sobivad k\u00f5ikide Philips Sonicare\u2019i k\u00fclgekl\u00f5psatava harjapeaga hambaharja k\u00e4epidemetele, mist\u00f5ttu saate oma suuhooldusrutiini h\u00f5lpsasti ka keele puhastamise lisada. See sobib k\u00f5ikidele Philips Sonicare\u2019i hambaharja k\u00e4epidemetele, erandiks on PowerUp Battery ja Essence.<\/p>\n<\/div>\n<\/div>\n<div class=\"p-s12__feature-item p-spacing-bottom-c\">\n<div class=\"p-s12__feature-image p-spacing-bottom-a\"><img decoding=\"async\" class=\"\" src=\"https:\/\/images.philips.com\/is\/image\/philipsconsumer\/5b419d00c67f4c87a769ac61018828a9?wid=305&amp;hei=173&amp;$jpglarge$\" alt=\"Ulatute kergesti puhastama kogu keelt\" \/><\/div>\n<div class=\"p-s12__feature-description p-spacing-bottom-a\">\n<h3 class=\"p-heading-04-large p-heading-bold p-feature-title\">Ulatute kergesti puhastama kogu keelt<\/h3>\n<p class=\"p-body-copy-02\">Kogu keele korralikuks puhastamiseks peab ulatuma terve keeleni. T\u00e4nu ergonoomilisele kujule on see TongueCare+ keeleharjaga lihtne. See v\u00e4ike ja painduv harjapea eemaldab k\u00f5ikjalt h\u00f5lpsasti halba hinge\u00f5hku p\u00f5hjustavad bakterid.<\/p>\n<\/div>\n<\/div>\n<div class=\"p-s12__feature-item p-spacing-bottom-c\">\n<div class=\"p-s12__feature-image p-spacing-bottom-a\"><img decoding=\"async\" class=\"\" src=\"https:\/\/images.philips.com\/is\/image\/philipsconsumer\/91902807cbdd4fdea468ac6200032b2a?wid=305&amp;hei=173&amp;$jpglarge$\" alt=\"Paarib automaatselt hambaharja k\u00e4epidemega\" \/><\/div>\n<div class=\"p-s12__feature-description p-spacing-bottom-a\">\n<h3 class=\"p-heading-04-large p-heading-bold p-feature-title\">Paarib automaatselt hambaharja k\u00e4epidemega<\/h3>\n<p class=\"p-body-copy-02\">Meie nutikas keeleharjas TongueCare+ on mikrokiip, mis suhtleb hambaharja k\u00e4epidemega. Keeleharja k\u00fclgekl\u00f5psamise korral tunneb k\u00e4epide harja automaatselt \u00e4ra ning valib optimaalseks keelepuhastuseks sobiva re\u017eiimi ja intensiivsuse taseme. Teil tuleb ainult toitenuppu vajutada.<\/p>\n<\/div>\n<\/div>\n<\/div>\n<div class=\"p-s12__more-features p-s12__toggle-item\">\n<div class=\"p-s12__more-features--inner\">\n<div class=\"p-s12__row\">\n<div class=\"p-s12__feature-item p-spacing-bottom-c\">\n<div class=\"p-s12__feature-image p-spacing-bottom-a\"><img decoding=\"async\" class=\"\" src=\"https:\/\/images.philips.com\/is\/image\/philipsconsumer\/1da9e07f8035406ebb1dac6200006493?wid=305&amp;hei=173&amp;$jpglarge$\" alt=\"240 mikroharjast \u00f5rnaks s\u00fcgavpuhastuseks\" \/><\/div>\n<div class=\"p-s12__feature-description p-spacing-bottom-a\">\n<h3 class=\"p-heading-04-large p-heading-bold p-feature-title\">240 mikroharjast \u00f5rnaks s\u00fcgavpuhastuseks<\/h3>\n<p class=\"p-body-copy-02\">240 kummist mikroharjasega keelehari TongueCare+ on m\u00f5eldud eelk\u00f5ige keele pehme ja poorse pinna puhastamiseks. Painduvad mikroharjased puhastavad \u00f5rnalt servade ja \u00f5\u00f5nsuste \u00fcmbert, et sealt kogunenud bakterid eemaldada ja baktereid tappev Philips Sonicare\u2019i keelesprei BreatRx s\u00fcgavamale suunata. Kompaktne kuju v\u00f5imaldab kogu keele pinda mugavalt puhastada.<\/p>\n<\/div>\n<\/div>\n<div class=\"p-s12__feature-item p-spacing-bottom-c\">\n<div class=\"p-s12__feature-image p-spacing-bottom-a\"><img decoding=\"async\" class=\"\" src=\"https:\/\/images.philips.com\/is\/image\/philipsconsumer\/dd3b20e6f7b741be9559adbb01051a7a?wid=305&amp;hei=173&amp;$jpglarge$\" alt=\"Philips Sonicare\u2019i puhtus teie keelele\" \/><\/div>\n<div class=\"p-s12__feature-description p-spacing-bottom-a\">\n<h3 class=\"p-heading-04-large p-heading-bold p-feature-title\">Philips Sonicare\u2019i puhtus teie keelele<\/h3>\n<p class=\"p-body-copy-02\">TongueCare+ on ainus Philips Sonicare\u2019i v\u00f5imsusega keelepuhastaja, mis eemaldab iga t\u00f5mbega halba hinge\u00f5hku p\u00f5hjustavad bakterid. 31 000 v\u00f5nget minutis l\u00f5hustavad keelele tekkinud mustuse, eemaldavad halba hinge\u00f5hku p\u00f5hjustavad bakterid ning suunavad baktereid tapva Philips Sonicare\u2019i keelesprei BreathRx koostisosad s\u00fcgavamale. Teie keel tundub puhtam ja hinge\u00f5hk p\u00fcsib kauem v\u00e4rske.<\/p>\n<\/div>\n<\/div>\n<\/div>\n<\/div>\n<\/div>\n<\/div>\n<\/div>\n<\/section>\n<\/div>","protected":false},"excerpt":{"rendered":"<p>Philips Sonicare TongueCare+ keeleharjad. Komplektis 2tk. Lateksivaba. Kinnikl\u00f5psatav. BrushSync-re\u017eiimi \u00fchildumine. Sobivad j\u00e4rgmistele mudelitele: DiamondClean, DiamondClean Smart, EasyClean, Essence+, FlexCare, FlexCare Platinum, FlexCare Platinum Connected, FlexCare+, HealthyWhite, HealthyWhite+, PowerUp<\/p>","protected":false},"featured_media":17135,"template":"","meta":{"om_disable_all_campaigns":false,"_uf_show_specific_survey":0,"_uf_disable_surveys":false},"product_brand":[1096],"product_cat":[985],"product_tag":[618],"class_list":{"0":"post-11975","1":"product","2":"type-product","3":"status-publish","4":"has-post-thumbnail","6":"product_brand-philips-ph","7":"product_cat-ilu","8":"product_tag-philips-ph","10":"first","11":"instock","12":"taxable","13":"shipping-taxable","14":"purchasable","15":"product-type-simple"},"aioseo_notices":[],"_links":{"self":[{"href":"https:\/\/homeemotion.lt\/lt\/wp-json\/wp\/v2\/product\/11975","targetHints":{"allow":["GET"]}}],"collection":[{"href":"https:\/\/homeemotion.lt\/lt\/wp-json\/wp\/v2\/product"}],"about":[{"href":"https:\/\/homeemotion.lt\/lt\/wp-json\/wp\/v2\/types\/product"}],"wp:featuredmedia":[{"embeddable":true,"href":"https:\/\/homeemotion.lt\/lt\/wp-json\/wp\/v2\/media\/17135"}],"wp:attachment":[{"href":"https:\/\/homeemotion.lt\/lt\/wp-json\/wp\/v2\/media?parent=11975"}],"wp:term":[{"taxonomy":"product_brand","embeddable":true,"href":"https:\/\/homeemotion.lt\/lt\/wp-json\/wp\/v2\/product_brand?post=11975"},{"taxonomy":"product_cat","embeddable":true,"href":"https:\/\/homeemotion.lt\/lt\/wp-json\/wp\/v2\/product_cat?post=11975"},{"taxonomy":"product_tag","embeddable":true,"href":"https:\/\/homeemotion.lt\/lt\/wp-json\/wp\/v2\/product_tag?post=11975"}],"curies":[{"name":"wp","href":"https:\/\/api.w.org\/{rel}","templated":true}]}}