{"id":11915,"date":"2023-03-30T10:46:57","date_gmt":"2023-03-30T07:46:57","guid":{"rendered":"https:\/\/homeemotion.lt\/?post_type=product&#038;p=11915"},"modified":"2026-04-17T18:16:34","modified_gmt":"2026-04-17T15:16:34","slug":"kuumaohu-frituur-philips-essential-2","status":"publish","type":"product","link":"https:\/\/homeemotion.lt\/lt\/toode\/kuumaohu-frituur-philips-essential-2\/","title":{"rendered":"Kar\u0161to oro keptuv\u0117 \"Philips Essential 1400W"},"content":{"rendered":"<p><strong>Tervislikum. Maitsvam. Lihtsam. Ning n\u00fc\u00fcd ka \u00fchendatud<\/strong><\/p>\n<p class=\"p-body-copy-02\">13-in-1\u00a0funktsiooniga \u00fchendatud \u00f5hufrit\u00fc\u00fcr. Praadige, k\u00fcpsetage, grillige, r\u00f6stige ja tehke palju muudki kaugjuhtimise teel. \u00dclim toiduvalmistamise kogemus, et valmistada tervislikke ja maitsvaid retsepte kodus, kaugjuhtimise teel kontrollides ja lihtsamalt kui kunagi varem.<\/p>\n<div id=\"see-all-benefits\" class=\"p-s01__pdp-overview-wraper\">\n<div class=\"s01highlight s01-highlights-banner component-base\">\n<section class=\"p-s01-highlights\">\n<div class=\"p-row-gutter p-comp-spacing-bottom\">\n<ul class=\"p-bullets p-large p-s01__bullets p-heading-medium\">\n<li class=\"p-s01__bullet\">Rapid Airi tehnoloogia<\/li>\n<li class=\"p-s01__bullet\">800 g; 4,1 l<\/li>\n<li class=\"p-s01__bullet\">\u00dchendatud<\/li>\n<li class=\"p-s01__bullet\">Valge<\/li>\n<\/ul>\n<\/div>\n<\/section>\n<\/div>\n<\/div>\n<div class=\"productFeatures s12-product-features component-base\">\n<section class=\"p-complete p-s12-product-features\" data-close-popup-label=\"Tagasi\">\n<div class=\"p-row-gutter p-comp-spacing-bottom\">\n<div class=\"p-s12__feature-list\">\n<div class=\"p-s12__row\">\n<div class=\"p-s12__feature-item p-spacing-bottom-c\">\n<div class=\"p-s12__feature-image p-spacing-bottom-a\"><img decoding=\"async\" class=\"\" src=\"https:\/\/images.philips.com\/is\/image\/philipsconsumer\/dca2db0b67554eff9009aec1011c5c28?wid=305&amp;hei=173&amp;$jpglarge$\" alt=\"T\u00e4nu NutriU rakendusele saate toidu valmimist \u00fcksk\u00f5ik millisest asukohast j\u00e4lgida\" \/><\/div>\n<div class=\"p-s12__feature-description p-spacing-bottom-a\">\n<h3 class=\"p-heading-04-large p-heading-bold p-feature-title\">T\u00e4nu NutriU rakendusele saate toidu valmimist \u00fcksk\u00f5ik millisest asukohast j\u00e4lgida<\/h3>\n<p class=\"p-body-copy-02\">Kui Airfryer ja NutriU on omavahel \u00fchendatud, valige kaugjuhtimise teel programm v\u00f5i retsept ja j\u00e4lgige toiduvalmistamist \u00fcksk\u00f5ik millisest asukohast ning l\u00f5\u00f5gastuge \u2013 koju j\u00f5udes ootab teid v\u00e4rskelt valminud soe toit.<\/p>\n<\/div>\n<\/div>\n<div class=\"p-s12__feature-item p-spacing-bottom-c\">\n<div class=\"p-s12__feature-image p-spacing-bottom-a\"><img decoding=\"async\" class=\"\" src=\"https:\/\/images.philips.com\/is\/image\/philipsconsumer\/c75ef9a5f5be44539571aec1011c57e1?wid=305&amp;hei=173&amp;$jpglarge$\" alt=\"T\u00e4ielik mitmek\u00fclgsus ja multifunktsionaalsus \u00fches \u00f5hkfrit\u00fc\u00fcris\" \/><\/div>\n<div class=\"p-s12__feature-description p-spacing-bottom-a\">\n<h3 class=\"p-heading-04-large p-heading-bold p-feature-title\">T\u00e4ielik mitmek\u00fclgsus ja multifunktsionaalsus \u00fches \u00f5hkfrit\u00fc\u00fcris<\/h3>\n<p class=\"p-body-copy-02\">Uuel Philips 5000 Series Connected \u00f5hkfrit\u00fc\u00fcril on 13 erinevat toiduvalmistamise funktsiooni: frittimine, k\u00fcpsetamine, grillimine, r\u00f6stimine ja soojendamine. Samuti saate valida igal korral suurep\u00e4raste tulemuste saavutamiseks friikartulite, kana, kala ja paljude teiste variantide vahel.<\/p>\n<\/div>\n<\/div>\n<div class=\"p-s12__feature-item p-spacing-bottom-c\">\n<div class=\"p-s12__feature-image p-spacing-bottom-a\"><img decoding=\"async\" class=\"\" src=\"https:\/\/images.philips.com\/is\/image\/philipsconsumer\/33630ccec8e54e338a86aec1011c5b60?wid=305&amp;hei=173&amp;$jpglarge$\" alt=\"Tervislik frittimine Rapid Airi tehnoloogiaga\" \/><\/div>\n<div class=\"p-s12__feature-description p-spacing-bottom-a\">\n<h3 class=\"p-heading-04-large p-heading-bold p-feature-title\">Tervislik frittimine Rapid Airi tehnoloogiaga<\/h3>\n<p class=\"p-body-copy-02\">Philips 5000 Series Connected Airfryeril on \u201emerit\u00e4he\u201d disain, mis keerutab kuuma \u00f5hku, et valmistada v\u00e4hese v\u00f5i ilma lisatud \u00f5lita h\u00f5rk toit, mis on v\u00e4ljast kr\u00f5be ja seest pehme \u2013 k\u00f5ik on alati tervislik.<\/p>\n<\/div>\n<\/div>\n<\/div>\n<div class=\"p-s12__more-features p-s12__toggle-item\">\n<div class=\"p-s12__more-features--inner\">\n<div class=\"p-s12__row\">\n<div class=\"p-s12__feature-item p-spacing-bottom-c\">\n<div class=\"p-s12__feature-image p-spacing-bottom-a\"><img decoding=\"async\" class=\"\" src=\"https:\/\/images.philips.com\/is\/image\/philipsconsumer\/fd320129796d445093d7aec1011c5da9?wid=305&amp;hei=173&amp;$jpglarge$\" alt=\"Seitsme eelseadistusega puuteekraan lihtsaks valimiseks\" \/><\/div>\n<div class=\"p-s12__feature-description p-spacing-bottom-a\">\n<h3 class=\"p-heading-04-large p-heading-bold p-feature-title\">Seitsme eelseadistusega puuteekraan lihtsaks valimiseks<\/h3>\n<p class=\"p-body-copy-02\">Toiduvalmistamiseks vajutage nuppu. Olemas on seitse k\u00e4ep\u00e4rast eelseadistust k\u00fclmutatud suupistete, v\u00e4rskete friikartulite, kana, kala, liha, grillitud k\u00f6\u00f6giviljade ja muffinite jaoks.<\/p>\n<\/div>\n<\/div>\n<div class=\"p-s12__feature-item p-spacing-bottom-c\">\n<div class=\"p-s12__feature-image p-spacing-bottom-a\"><img decoding=\"async\" class=\"\" src=\"https:\/\/images.philips.com\/is\/image\/philipsconsumer\/1dac00cb989148c6b17eaec1011c59d6?wid=305&amp;hei=173&amp;$jpglarge$\" alt=\"L\u00f5putu retseptialane inspiratsioon kokkadelt ja NutriU kasutajatelt\" \/><\/div>\n<div class=\"p-s12__feature-description p-spacing-bottom-a\">\n<h3 class=\"p-heading-04-large p-heading-bold p-feature-title\">L\u00f5putu retseptialane inspiratsioon kokkadelt ja NutriU kasutajatelt<\/h3>\n<p class=\"p-body-copy-02\">Philips NutriU retseptid tagavad l\u00f5putu retseptialase inspiratsiooni meie tippkokkadelt ja miljonitelt kasutajalt \u2013 see aitab teie retseptirepertuaari laiendada. Mida rohkem NutriU rakendust kasutate, seda isikup\u00e4rastatumaid soovitusi saate.<\/p>\n<\/div>\n<\/div>\n<div class=\"p-s12__feature-item p-spacing-bottom-c\">\n<div class=\"p-s12__feature-image p-spacing-bottom-a\"><img decoding=\"async\" class=\"\" src=\"https:\/\/images.philips.com\/is\/image\/philipsconsumer\/6345c71b4acc4dfa863caec1011c5e55?wid=305&amp;hei=173&amp;$jpglarge$\" alt=\"4,1 liitrit \u2013 kuni 4 portsjonit korraga\" \/><\/div>\n<div class=\"p-s12__feature-description p-spacing-bottom-a\">\n<h3 class=\"p-heading-04-large p-heading-bold p-feature-title\">4,1 liitrit \u2013 kuni 4 portsjonit korraga<\/h3>\n<p class=\"p-body-copy-02\">Philips 5000 Series Connected Airfryeri puhul on \u00fchendatud kompaktne disain ja mahutavus, sest 4,1 l mahutavus on k\u00f5ik, mida vajate mitmesuguste roogade valmistamiseks.<\/p>\n<\/div>\n<\/div>\n<\/div>\n<div class=\"p-s12__row\">\n<div class=\"p-s12__feature-item p-spacing-bottom-c\">\n<div class=\"p-s12__feature-image p-spacing-bottom-a\"><img decoding=\"async\" class=\"\" src=\"https:\/\/images.philips.com\/is\/image\/philipsconsumer\/70c5c3480b344340a129aec1011c58a4?wid=305&amp;hei=173&amp;$jpglarge$\" alt=\"Amazon Alexaga \u00fchilduv\" \/><\/div>\n<div class=\"p-s12__feature-description p-spacing-bottom-a\">\n<h3 class=\"p-heading-04-large p-heading-bold p-feature-title\">Amazon Alexaga \u00fchilduv<\/h3>\n<p class=\"p-body-copy-02\">Kui Amazon Alexa on lubatud, saate nautida k\u00e4ed-vabad toiduvalmistamist.<\/p>\n<\/div>\n<\/div>\n<div class=\"p-s12__feature-item p-spacing-bottom-c\">\n<div class=\"p-s12__feature-image p-spacing-bottom-a\"><img decoding=\"async\" class=\"\" src=\"https:\/\/images.philips.com\/is\/image\/philipsconsumer\/4f2d2fc02c6849c5b581af5d00cd1f0c?wid=305&amp;hei=173&amp;$jpglarge$\" alt=\"Aja- ja energias\u00e4\u00e4stlik\" \/><\/div>\n<div class=\"p-s12__feature-description p-spacing-bottom-a\">\n<h3 class=\"p-heading-04-large p-heading-bold p-feature-title\">Aja- ja energias\u00e4\u00e4stlik<\/h3>\n<p class=\"p-body-copy-02\">Seadmed Philips\u00a0Airfryer t\u00f6\u00f6tavad t\u00f5husamalt, et s\u00e4\u00e4sta teie aega ja energiat, valmistades maitsvaid toite kuni 70% v\u00e4iksema energiakuluga ja kuni 50% kiiremini kui traditsiooniline ahi.****<\/p>\n<\/div>\n<\/div>\n<div class=\"p-s12__feature-item p-spacing-bottom-c\">\n<div class=\"p-s12__feature-image p-spacing-bottom-a\"><img decoding=\"async\" class=\"\" src=\"https:\/\/images.philips.com\/is\/image\/philipsconsumer\/466e604574214e5ca073aec1011c5a83?wid=305&amp;hei=173&amp;$jpglarge$\" alt=\"QuickClean koos n\u00f5udepesumasinas pestavate eemaldatavate osadega\" \/><\/div>\n<div class=\"p-s12__feature-description p-spacing-bottom-a\">\n<h3 class=\"p-heading-04-large p-heading-bold p-feature-title\">QuickClean koos n\u00f5udepesumasinas pestavate eemaldatavate osadega<\/h3>\n<p class=\"p-body-copy-02\">K\u00f5ik eemaldatavad osad on n\u00f5udepesumasinas pestavad. Meie QuickClean-korvil on k\u00fclgev\u00f5tmatu pinnakate. T\u00e4nu Airfryeri suletud korvile ei ole teie kodus traditsioonilise frittimisega kaasnevat l\u00f5hna.<\/p>\n<\/div>\n<\/div>\n<\/div>\n<\/div>\n<\/div>\n<\/div>\n<\/div>\n<\/section>\n<\/div>","protected":false},"excerpt":{"rendered":"<p>Frittige, k\u00fcpsetage, grillige, r\u00f6stige, v\u00f5i isegi soojendage. Ainulaadse \u201emerit\u00e4he\u201d disainiga Rapid Airi tehnoloogia keerutab kuuma \u00f5hku, et valmistada v\u00e4hese v\u00f5i ilma lisatud \u00f5lita h\u00f5rk toit. WiFi \u00fchendus &#8211; saate toidu valmimist \u00fcksk\u00f5ik millisest asukohast j\u00e4lgida. LED-ekraan. QuickCleani korv n\u00f5udepesumasinas pesatv. Kohandatav temperatuur 80\u00b0C\u2013200\u00b0C. NutriU rakendusest sadu retsepte saadaval!. Jahedaseinaline korpus, \u00fclekuumenemise kaitse. Maht 4,1 L. . M\u00f5\u00f5dud 360 x 264 x 295 mm. Kaal 4,55 kg<\/p>\n<p>V\u00f5imsus 1400 W<\/p>","protected":false},"featured_media":17078,"template":"","meta":{"om_disable_all_campaigns":false,"_uf_show_specific_survey":0,"_uf_disable_surveys":false},"product_brand":[1101],"product_cat":[955],"product_tag":[606],"class_list":{"0":"post-11915","1":"product","2":"type-product","3":"status-publish","4":"has-post-thumbnail","6":"product_brand-philips-da","7":"product_cat-kodu","8":"product_tag-philips-da","10":"first","11":"instock","12":"taxable","13":"shipping-taxable","14":"purchasable","15":"product-type-simple"},"aioseo_notices":[],"_links":{"self":[{"href":"https:\/\/homeemotion.lt\/lt\/wp-json\/wp\/v2\/product\/11915","targetHints":{"allow":["GET"]}}],"collection":[{"href":"https:\/\/homeemotion.lt\/lt\/wp-json\/wp\/v2\/product"}],"about":[{"href":"https:\/\/homeemotion.lt\/lt\/wp-json\/wp\/v2\/types\/product"}],"wp:featuredmedia":[{"embeddable":true,"href":"https:\/\/homeemotion.lt\/lt\/wp-json\/wp\/v2\/media\/17078"}],"wp:attachment":[{"href":"https:\/\/homeemotion.lt\/lt\/wp-json\/wp\/v2\/media?parent=11915"}],"wp:term":[{"taxonomy":"product_brand","embeddable":true,"href":"https:\/\/homeemotion.lt\/lt\/wp-json\/wp\/v2\/product_brand?post=11915"},{"taxonomy":"product_cat","embeddable":true,"href":"https:\/\/homeemotion.lt\/lt\/wp-json\/wp\/v2\/product_cat?post=11915"},{"taxonomy":"product_tag","embeddable":true,"href":"https:\/\/homeemotion.lt\/lt\/wp-json\/wp\/v2\/product_tag?post=11915"}],"curies":[{"name":"wp","href":"https:\/\/api.w.org\/{rel}","templated":true}]}}