{"id":11910,"date":"2023-03-29T14:16:32","date_gmt":"2023-03-29T11:16:32","guid":{"rendered":"https:\/\/homeemotion.lt\/?post_type=product&#038;p=11910"},"modified":"2026-04-17T19:10:37","modified_gmt":"2026-04-17T16:10:37","slug":"praepann-ballarini-130-32-cm","status":"publish","type":"product","link":"https:\/\/homeemotion.lt\/lt\/toode\/praepann-ballarini-130-32-cm\/","title":{"rendered":"Praepann Ballarini 130 32cm"},"content":{"rendered":"","protected":false},"excerpt":{"rendered":"<p>Panni suurus 32 cm. Sobib k\u00f5ikidele pliitidele, sh induktsioonpliitidele. Selle sarja potid ja pannid muudavad teie elu k\u00f6\u00f6gis lihtsamaks ja&#8230; maitsvamaks!. Patenteeritud RADIANT induktsioonialus maksimaalse soojust\u00f5hususe saavutamiseks. Tugevdatud serv on p\u00f5rutus- ja kukkumiskindlam. K\u00f5rge soojustakistusega v\u00e4liskate tagab toote pika eluea. Puhastamine: saab pesta n\u00f5udepesumasinas, kuid t\u00e4nu mittenakkuvale kattele saab neid kergesti pesta ka k\u00e4sitsi. KERAVIS 3-kihiline mittenakkuv kate keraamiliste osakestega: tagab hea kriimustuskindluse, v\u00e4ga hea kulumiskindluse, v\u00e4ga hea vastupidavuse<\/p>","protected":false},"featured_media":16567,"template":"","meta":{"om_disable_all_campaigns":false,"_uf_show_specific_survey":0,"_uf_disable_surveys":false},"product_brand":[1081],"product_cat":[955,956,995],"product_tag":[518],"class_list":{"0":"post-11910","1":"product","2":"type-product","3":"status-publish","4":"has-post-thumbnail","6":"product_brand-ballarini","7":"product_cat-kodu","8":"product_cat-koogitarvikud","9":"product_cat-pannid","10":"product_tag-ballarini","12":"first","13":"instock","14":"taxable","15":"shipping-taxable","16":"purchasable","17":"product-type-simple"},"aioseo_notices":[],"_links":{"self":[{"href":"https:\/\/homeemotion.lt\/lt\/wp-json\/wp\/v2\/product\/11910","targetHints":{"allow":["GET"]}}],"collection":[{"href":"https:\/\/homeemotion.lt\/lt\/wp-json\/wp\/v2\/product"}],"about":[{"href":"https:\/\/homeemotion.lt\/lt\/wp-json\/wp\/v2\/types\/product"}],"wp:featuredmedia":[{"embeddable":true,"href":"https:\/\/homeemotion.lt\/lt\/wp-json\/wp\/v2\/media\/16567"}],"wp:attachment":[{"href":"https:\/\/homeemotion.lt\/lt\/wp-json\/wp\/v2\/media?parent=11910"}],"wp:term":[{"taxonomy":"product_brand","embeddable":true,"href":"https:\/\/homeemotion.lt\/lt\/wp-json\/wp\/v2\/product_brand?post=11910"},{"taxonomy":"product_cat","embeddable":true,"href":"https:\/\/homeemotion.lt\/lt\/wp-json\/wp\/v2\/product_cat?post=11910"},{"taxonomy":"product_tag","embeddable":true,"href":"https:\/\/homeemotion.lt\/lt\/wp-json\/wp\/v2\/product_tag?post=11910"}],"curies":[{"name":"wp","href":"https:\/\/api.w.org\/{rel}","templated":true}]}}