{"id":11798,"date":"2022-12-14T17:36:52","date_gmt":"2022-12-14T14:36:52","guid":{"rendered":"https:\/\/homeemotion.lt\/?post_type=product&#038;p=11798"},"modified":"2026-04-17T22:12:25","modified_gmt":"2026-04-17T19:12:25","slug":"roivaste-auruti-philips-3000-seeria-3","status":"publish","type":"product","link":"https:\/\/homeemotion.lt\/lt\/toode\/roivaste-auruti-philips-3000-seeria-3\/","title":{"rendered":"Drabu\u017ei\u0173 garintuvas \"Philips\" 3000 serijos 2000W"},"content":{"rendered":"<p><strong>Lihtne, igap\u00e4evane kortsude eemaldamine<\/strong><\/p>\n<p class=\"p-body-copy-02\">Philipsi 3000 seeria alusega auruti abil saate kulutada v\u00e4hem aega oma riietelt kortsude eemaldamisele ja rohkem aega nende kandmisele. Sisseehitatud tugev StyleBoard ja suur terava otsaga auruotsak muudavad mis tahes kortsus riided lihtsaks t\u00f6\u00f6ks<\/p>\n<div id=\"see-all-benefits\" class=\"p-s01__pdp-overview-wraper\">\n<div class=\"s01highlight s01-highlights-banner component-base\">\n<section class=\"p-s01-highlights\">\n<div class=\"p-row-gutter p-comp-spacing-bottom\">\n<h3 class=\"p-heading-03 p-heading-medium p-s01__highlights-subtitle\">Kallutatav StyleBoard annab paremaid tulemusi<\/h3>\n<ul class=\"p-bullets p-large p-s01__bullets p-heading-medium\">\n<li class=\"p-s01__bullet\">Kallutatav StyleBoard<\/li>\n<li class=\"p-s01__bullet\">3 auruseadistust<\/li>\n<li class=\"p-s01__bullet\">Teravatipuline auruplaadi ots<\/li>\n<li class=\"p-s01__bullet\">2000 W v\u00f5imsusega<\/li>\n<\/ul>\n<\/div>\n<\/section>\n<\/div>\n<\/div>\n<div class=\"productFeatures s12-product-features component-base\">\n<section class=\"p-complete p-s12-product-features\" data-close-popup-label=\"Tagasi\">\n<div class=\"p-row-gutter p-comp-spacing-bottom\">\n<div class=\"p-s12__feature-list\">\n<div class=\"p-s12__row\">\n<div class=\"p-s12__feature-item p-spacing-bottom-c\">\n<div class=\"p-s12__feature-description p-spacing-bottom-a\">\n<h3 class=\"p-heading-04-large p-heading-bold p-feature-title\">Kallutatav StyleBoard annab paremaid tulemusi<\/h3>\n<p class=\"p-body-copy-02\">Kallutatav StyleBoard pakub aurutamisel kasulikku tuge. Kogupikkuses t\u00e4pse tulemuse saavutamiseks lihtsalt suruge kangas auruplaadi ja StyleBoardi vahele.<\/p>\n<\/div>\n<\/div>\n<div class=\"p-s12__feature-item p-spacing-bottom-c\">\n<div class=\"p-s12__feature-description p-spacing-bottom-a\">\n<h3 class=\"p-heading-04-large p-heading-bold p-feature-title\">Kuumeneb v\u00e4hem kui 60 sekundiga, nii et olete kiiresti t\u00f6\u00f6ks valmis<\/h3>\n<p class=\"p-body-copy-02\">Alati, kui seda vajate, on alusega auruti kasutamiseks valmis v\u00e4hem kui 60 sekundiga \u2013 ideaalne viimase minuti r\u00f5ivavalikute jaoks.<\/p>\n<\/div>\n<\/div>\n<div class=\"p-s12__feature-item p-spacing-bottom-c\">\n<div class=\"p-s12__feature-description p-spacing-bottom-a\">\n<h3 class=\"p-heading-04-large p-heading-bold p-feature-title\">H\u00e4vitab kuni 99,9% bakteritest*, v\u00e4rskendab ja eemaldab l\u00f5hnad<\/h3>\n<p class=\"p-body-copy-02\">Lisaks kortsude eemaldamisele v\u00e4rskendab r\u00f5ivaauruti 3000 ka riideid (lisaks pehmet sisustust, kardinaid, m\u00e4nguasju) ja eemaldab ebameeldivad l\u00f5hnad, h\u00e4vitades kuni 99,9% bakteritest*.<\/p>\n<\/div>\n<\/div>\n<\/div>\n<div class=\"p-s12__more-features p-s12__toggle-item\">\n<div class=\"p-s12__more-features--inner\">\n<div class=\"p-s12__row\">\n<div class=\"p-s12__feature-item p-spacing-bottom-c\">\n<div class=\"p-s12__feature-description p-spacing-bottom-a\">\n<h3 class=\"p-heading-04-large p-heading-bold p-feature-title\">3 auruseadistust v\u00f5imsa pideva auruvoo jaoks<\/h3>\n<p class=\"p-body-copy-02\">Erinevatel kangastel optimaalse tulemuse saavutamiseks seadistage eelistatud auruseadistus. Kasutage kergemat auru \u00f5hema kanga puhul ning j\u00f5ulisemat auru paksema kanga ja mantlite puhul.<\/p>\n<\/div>\n<\/div>\n<div class=\"p-s12__feature-item p-spacing-bottom-c\">\n<div class=\"p-s12__feature-description p-spacing-bottom-a\">\n<h3 class=\"p-heading-04-large p-heading-bold p-feature-title\">Suur terava otsaga auruotsak t\u00e4psete tulemuste saamiseks<\/h3>\n<p class=\"p-body-copy-02\">T\u00e4iuslikult t\u00e4pne: meie uuenduslikul auruotsakul on suur tald ja t\u00e4ppisots, mis on m\u00f5eldud raskesti ligip\u00e4\u00e4setavate kohtade, nagu kraede ja n\u00f6\u00f6biliistude, lihtsaks triikimiseks.<\/p>\n<\/div>\n<\/div>\n<div class=\"p-s12__feature-item p-spacing-bottom-c\">\n<div class=\"p-s12__feature-description p-spacing-bottom-a\">\n<h3 class=\"p-heading-04-large p-heading-bold p-feature-title\">Suur 2-liitrine veepaak kestab t\u00e4itmiskohtade vahel kauem<\/h3>\n<p class=\"p-body-copy-02\">V\u00f5tke ette suurem t\u00f6\u00f6: 2-liitrine eemaldatav l\u00e4bipaistev veepaak on piisavalt suur, et toime tulla isegi suure triikimiskoormusega.<\/p>\n<\/div>\n<\/div>\n<\/div>\n<div class=\"p-s12__row\">\n<div class=\"p-s12__feature-item p-spacing-bottom-c\">\n<div class=\"p-s12__feature-description p-spacing-bottom-a\">\n<h3 class=\"p-heading-04-large p-heading-bold p-feature-title\">Ohutu triigitavatele kangastele<\/h3>\n<p class=\"p-body-copy-02\">Aurutit on lihtne kasutada k\u00f5igi triigitavate kangaste ja riideesemete puhul. Meie auruplaadi v\u00f5ib ohutult mis tahes riideeseme vastu asetada, muretsemata p\u00f5letusj\u00e4lgede tekkimise p\u00e4rast\u00a0\u2013 suurep\u00e4rane lahendus \u00f5rna kanga, nt siidi jaoks.<\/p>\n<\/div>\n<\/div>\n<div class=\"p-s12__feature-item p-spacing-bottom-c\">\n<div class=\"p-s12__feature-description p-spacing-bottom-a\">\n<h3 class=\"p-heading-04-large p-heading-bold p-feature-title\">\u00d5huke, et oleks lihtsam hoiule panna<\/h3>\n<p class=\"p-body-copy-02\">Mahutame \u00e4ra: t\u00e4nu nutikale disainile ei v\u00f5ta alusega auruti palju ruumi ja seda saab lihtsalt hoiukohta panna.<\/p>\n<\/div>\n<\/div>\n<\/div>\n<\/div>\n<\/div>\n<\/div>\n<\/div>\n<\/section>\n<\/div>","protected":false},"excerpt":{"rendered":"<p>Lihtne, igap\u00e4evane kortsude eemaldamine, v\u00e4rv lilla. Kallutatav StyleBoard ( aurutus alus) pakub aurutamisel kasulikku tuge. Teravatipuline metallist auruplaadi ots. Reguleeritav ( pikkus) topeltvars, kaitsekinnas. 3 aurutustaset, kiire kuumenemine 60 sek. Pidev aur 40 g\/min, vooliku pikkus 1,3 m, veepaak 2 l, juhtme pikkus 1,8m<\/p>\n<p>Galia 2000 W<\/p>","protected":false},"featured_media":17204,"template":"","meta":{"om_disable_all_campaigns":false,"_uf_show_specific_survey":0,"_uf_disable_surveys":false},"product_brand":[1101],"product_cat":[1001],"product_tag":[606],"class_list":{"0":"post-11798","1":"product","2":"type-product","3":"status-publish","4":"has-post-thumbnail","6":"product_brand-philips-da","7":"product_cat-tehnika","8":"product_tag-philips-da","10":"first","11":"instock","12":"taxable","13":"shipping-taxable","14":"purchasable","15":"product-type-simple"},"aioseo_notices":[],"_links":{"self":[{"href":"https:\/\/homeemotion.lt\/lt\/wp-json\/wp\/v2\/product\/11798","targetHints":{"allow":["GET"]}}],"collection":[{"href":"https:\/\/homeemotion.lt\/lt\/wp-json\/wp\/v2\/product"}],"about":[{"href":"https:\/\/homeemotion.lt\/lt\/wp-json\/wp\/v2\/types\/product"}],"wp:featuredmedia":[{"embeddable":true,"href":"https:\/\/homeemotion.lt\/lt\/wp-json\/wp\/v2\/media\/17204"}],"wp:attachment":[{"href":"https:\/\/homeemotion.lt\/lt\/wp-json\/wp\/v2\/media?parent=11798"}],"wp:term":[{"taxonomy":"product_brand","embeddable":true,"href":"https:\/\/homeemotion.lt\/lt\/wp-json\/wp\/v2\/product_brand?post=11798"},{"taxonomy":"product_cat","embeddable":true,"href":"https:\/\/homeemotion.lt\/lt\/wp-json\/wp\/v2\/product_cat?post=11798"},{"taxonomy":"product_tag","embeddable":true,"href":"https:\/\/homeemotion.lt\/lt\/wp-json\/wp\/v2\/product_tag?post=11798"}],"curies":[{"name":"wp","href":"https:\/\/api.w.org\/{rel}","templated":true}]}}